{"id":92,"date":"2018-06-05T10:57:17","date_gmt":"2018-06-05T08:57:17","guid":{"rendered":"http:\/\/www.asso-unil.ch\/unilsansfrontieres\/?page_id=92"},"modified":"2021-01-05T12:14:05","modified_gmt":"2021-01-05T11:14:05","slug":"temoignages","status":"publish","type":"page","link":"https:\/\/www.asso-unil.ch\/unilsansfrontieres\/temoignages\/","title":{"rendered":"T\u00e9moignages"},"content":{"rendered":"\n<p>\u00ab&nbsp;Pour chaque int\u00e9gration r\u00e9ussie il y a deux gagnants : un refugi\u00e9 et une soci\u00e9t\u00e9&nbsp;\u00bb \u2013&nbsp;<a href=\"https:\/\/www.letemps.ch\/societe\/integration-reussie-y-deux-gagnants-un-refugie-une-societe\">Le Temps, 25.02.2020<\/a><\/p>\n\n\n\n<p>\u00ab&nbsp;Navid, d\u2019otage en Afghanistan \u00e0 \u00e9tudiant \u00e0 l\u2019HEC&nbsp;\u00bb \u2013&nbsp;<a href=\"https:\/\/www.illustre.ch\/videos\/navid-dotage-afghanistan-etudiant-hec\">L\u2019Illustr\u00e9, 2020<\/a><\/p>\n","protected":false},"excerpt":{"rendered":"<p>\u00ab&nbsp;Pour chaque int\u00e9gration r\u00e9ussie il y a deux gagnants : un refugi\u00e9 et une soci\u00e9t\u00e9&nbsp;\u00bb \u2013&nbsp;Le Temps, 25.02.2020 \u00ab&nbsp;Navid, d\u2019otage en Afghanistan \u00e0 \u00e9tudiant \u00e0 l\u2019HEC&nbsp;\u00bb \u2013&nbsp;L\u2019Illustr\u00e9, 2020<\/p>\n","protected":false},"author":1001138,"featured_media":558,"parent":0,"menu_order":0,"comment_status":"closed","ping_status":"closed","template":"","meta":{"_seopress_robots_primary_cat":"","_seopress_titles_title":"","_seopress_titles_desc":"","_seopress_robots_index":"","footnotes":""},"class_list":["post-92","page","type-page","status-publish","has-post-thumbnail"],"_links":{"self":[{"href":"https:\/\/www.asso-unil.ch\/unilsansfrontieres\/wp-json\/wp\/v2\/pages\/92","targetHints":{"allow":["GET"]}}],"collection":[{"href":"https:\/\/www.asso-unil.ch\/unilsansfrontieres\/wp-json\/wp\/v2\/pages"}],"about":[{"href":"https:\/\/www.asso-unil.ch\/unilsansfrontieres\/wp-json\/wp\/v2\/types\/page"}],"author":[{"embeddable":true,"href":"https:\/\/www.asso-unil.ch\/unilsansfrontieres\/wp-json\/wp\/v2\/users\/1001138"}],"replies":[{"embeddable":true,"href":"https:\/\/www.asso-unil.ch\/unilsansfrontieres\/wp-json\/wp\/v2\/comments?post=92"}],"version-history":[{"count":0,"href":"https:\/\/www.asso-unil.ch\/unilsansfrontieres\/wp-json\/wp\/v2\/pages\/92\/revisions"}],"wp:featuredmedia":[{"embeddable":true,"href":"https:\/\/www.asso-unil.ch\/unilsansfrontieres\/wp-json\/wp\/v2\/media\/558"}],"wp:attachment":[{"href":"https:\/\/www.asso-unil.ch\/unilsansfrontieres\/wp-json\/wp\/v2\/media?parent=92"}],"curies":[{"name":"wp","href":"https:\/\/api.w.org\/{rel}","templated":true}]}}