{"id":91,"date":"2018-06-05T10:57:17","date_gmt":"2018-06-05T08:57:17","guid":{"rendered":"http:\/\/www.asso-unil.ch\/unilsansfrontieres\/?page_id=91"},"modified":"2018-06-05T11:05:46","modified_gmt":"2018-06-05T09:05:46","slug":"groupes-de-travail","status":"publish","type":"page","link":"https:\/\/www.asso-unil.ch\/unilsansfrontieres\/groupes-de-travail\/","title":{"rendered":"Groupes de travail"},"content":{"rendered":"<p>Unil sans fronti\u00e8res comprend plusieurs groupes de travail qui entendent r\u00e9pondre de mani\u00e8re sp\u00e9cifique aux enjeux li\u00e9s \u00e0 l&rsquo;int\u00e9gration des personnes en exil \u00e0 l&rsquo;Universit\u00e9.\u00a0 Si vous souhaitez rejoindre un groupe de travail, il vous suffit de prendre contact directement avec l&rsquo;une des personnes r\u00e9f\u00e9rentes.<\/p>\n","protected":false},"excerpt":{"rendered":"<p>Unil sans fronti\u00e8res comprend plusieurs groupes de travail qui entendent r\u00e9pondre de mani\u00e8re sp\u00e9cifique aux enjeux li\u00e9s \u00e0 l&rsquo;int\u00e9gration des personnes en exil \u00e0 l&rsquo;Universit\u00e9.\u00a0 Si vous souhaitez rejoindre un &hellip; <\/p>\n<p class=\"link-more\"><a href=\"https:\/\/www.asso-unil.ch\/unilsansfrontieres\/groupes-de-travail\/\" class=\"more-link\">Continuer la lecture<span class=\"screen-reader-text\"> de &laquo;&nbsp;Groupes de travail&nbsp;&raquo;<\/span><\/a><\/p>\n","protected":false},"author":1001138,"featured_media":0,"parent":0,"menu_order":0,"comment_status":"closed","ping_status":"closed","template":"","meta":{"_seopress_robots_primary_cat":"","_seopress_titles_title":"","_seopress_titles_desc":"","_seopress_robots_index":"","footnotes":""},"class_list":["post-91","page","type-page","status-publish"],"_links":{"self":[{"href":"https:\/\/www.asso-unil.ch\/unilsansfrontieres\/wp-json\/wp\/v2\/pages\/91","targetHints":{"allow":["GET"]}}],"collection":[{"href":"https:\/\/www.asso-unil.ch\/unilsansfrontieres\/wp-json\/wp\/v2\/pages"}],"about":[{"href":"https:\/\/www.asso-unil.ch\/unilsansfrontieres\/wp-json\/wp\/v2\/types\/page"}],"author":[{"embeddable":true,"href":"https:\/\/www.asso-unil.ch\/unilsansfrontieres\/wp-json\/wp\/v2\/users\/1001138"}],"replies":[{"embeddable":true,"href":"https:\/\/www.asso-unil.ch\/unilsansfrontieres\/wp-json\/wp\/v2\/comments?post=91"}],"version-history":[{"count":0,"href":"https:\/\/www.asso-unil.ch\/unilsansfrontieres\/wp-json\/wp\/v2\/pages\/91\/revisions"}],"wp:attachment":[{"href":"https:\/\/www.asso-unil.ch\/unilsansfrontieres\/wp-json\/wp\/v2\/media?parent=91"}],"curies":[{"name":"wp","href":"https:\/\/api.w.org\/{rel}","templated":true}]}}