{"id":132,"date":"2018-06-05T11:06:24","date_gmt":"2018-06-05T09:06:24","guid":{"rendered":"http:\/\/www.asso-unil.ch\/unilsansfrontieres\/?page_id=132"},"modified":"2022-09-02T17:19:12","modified_gmt":"2022-09-02T15:19:12","slug":"comite","status":"publish","type":"page","link":"https:\/\/www.asso-unil.ch\/unilsansfrontieres\/comite\/","title":{"rendered":"Comit\u00e9"},"content":{"rendered":"<p><strong>Thomas Bouchet<\/strong>, professeur associ\u00e9, facult\u00e9 des sciences sociales et politiques<\/p>\n<p><strong>Garance Cl\u00e9ment<\/strong>, collaboratrice scientifique, laboratoire de sociologie urbaine<\/p>\n<p><strong>Ga\u00eble Goastellec<\/strong>, ma\u00eetre d&rsquo;enseignement et de recherche, facult\u00e9 des sciences sociales et politiques<\/p>\n<p><strong>Anil Can Kahraman<\/strong>, \u00e9tudiant MA, EPFL<\/p>\n<p><strong>Sinem Kilic<\/strong>, \u00e9tudiante BA en sciences sociales et en informatique pour les sciences sociales<\/p>\n<p><strong>Rahel Kunz<\/strong>, ma\u00eetre d&rsquo;enseignement et de recherche, facult\u00e9 des sciences sociales et politiques<\/p>\n<p><strong>Cl\u00e9mence Le Lay<\/strong>, doctorante, Institut des Sciences de la Terre<\/p>\n<p><strong>Jonathan Miaz<\/strong>, chercheur et charg\u00e9 de cours, facult\u00e9 des sciences sociales et politiques, <em>pr\u00e9sident<\/em><\/p>\n<p><a href=\"mailto:unilsansfrontieres@asso-unil.ch\">unilsansfrontieres@asso-unil.ch<\/a><br \/>\n<a href=\"https:\/\/www.facebook.com\/pg\/Unil-sans-fronti%C3%A8res-211953469343192\/about\/?ref=page_internal\">Page facebook<\/a><\/p>\n","protected":false},"excerpt":{"rendered":"<p>Thomas Bouchet, professeur associ\u00e9, facult\u00e9 des sciences sociales et politiques Garance Cl\u00e9ment, collaboratrice scientifique, laboratoire de sociologie urbaine Ga\u00eble Goastellec, ma\u00eetre d&rsquo;enseignement et de recherche, facult\u00e9 des sciences sociales et &hellip; <\/p>\n<p class=\"link-more\"><a href=\"https:\/\/www.asso-unil.ch\/unilsansfrontieres\/comite\/\" class=\"more-link\">Continuer la lecture<span class=\"screen-reader-text\"> de &laquo;&nbsp;Comit\u00e9&nbsp;&raquo;<\/span><\/a><\/p>\n","protected":false},"author":1001138,"featured_media":0,"parent":0,"menu_order":0,"comment_status":"closed","ping_status":"closed","template":"","meta":{"_seopress_robots_primary_cat":"","_seopress_titles_title":"","_seopress_titles_desc":"","_seopress_robots_index":"","footnotes":""},"class_list":["post-132","page","type-page","status-publish"],"_links":{"self":[{"href":"https:\/\/www.asso-unil.ch\/unilsansfrontieres\/wp-json\/wp\/v2\/pages\/132","targetHints":{"allow":["GET"]}}],"collection":[{"href":"https:\/\/www.asso-unil.ch\/unilsansfrontieres\/wp-json\/wp\/v2\/pages"}],"about":[{"href":"https:\/\/www.asso-unil.ch\/unilsansfrontieres\/wp-json\/wp\/v2\/types\/page"}],"author":[{"embeddable":true,"href":"https:\/\/www.asso-unil.ch\/unilsansfrontieres\/wp-json\/wp\/v2\/users\/1001138"}],"replies":[{"embeddable":true,"href":"https:\/\/www.asso-unil.ch\/unilsansfrontieres\/wp-json\/wp\/v2\/comments?post=132"}],"version-history":[{"count":0,"href":"https:\/\/www.asso-unil.ch\/unilsansfrontieres\/wp-json\/wp\/v2\/pages\/132\/revisions"}],"wp:attachment":[{"href":"https:\/\/www.asso-unil.ch\/unilsansfrontieres\/wp-json\/wp\/v2\/media?parent=132"}],"curies":[{"name":"wp","href":"https:\/\/api.w.org\/{rel}","templated":true}]}}