{"id":114,"date":"2018-06-05T11:00:56","date_gmt":"2018-06-05T09:00:56","guid":{"rendered":"http:\/\/www.asso-unil.ch\/unilsansfrontieres\/?page_id=114"},"modified":"2020-12-21T23:45:47","modified_gmt":"2020-12-21T22:45:47","slug":"dialogue-avec-les-institutions","status":"publish","type":"page","link":"https:\/\/www.asso-unil.ch\/unilsansfrontieres\/dialogue-avec-les-institutions\/","title":{"rendered":"Dialogue avec les institutions"},"content":{"rendered":"<div align=\"justify\">Ce groupe a pour t\u00e2che d\u2019entrer en contact avec des institutions dans le domaine de la migration et de l\u2019asile \u00e0 l\u2019ext\u00e9rieur de l\u2019UNIL et les instances \u00e0 l\u2019int\u00e9rieur de l\u2019UNIL qui sont impliqu\u00e9es dans la gestion de l\u2019acc\u00e8s des personnes en situation d\u2019exil. Le but est d\u2019\u00e9tablir des canaux de communication et de collaboration. Les rencontres avec les personnes responsables sont l\u2019occasion pour \u00e9changer des informations concernant les activit\u00e9s d\u2019UNIL sans fronti\u00e8res avec les diff\u00e9rentes institutions et d\u2019\u00e9tablir des collaborations. Les objectifs de ces collaborations sont la diffusion de l\u2019information concernant les activit\u00e9s d\u2019UNIL sans fronti\u00e8res aupr\u00e8s des populations int\u00e9ress\u00e9es, la facilitation et l\u2019am\u00e9lioration du suivi propos\u00e9 aux personnes en situation d\u2019exil et la co-organisation d\u2019\u00e9v\u00e9nements.<\/div>\n<div align=\"justify\"><\/div>\n","protected":false},"excerpt":{"rendered":"<p>Ce groupe a pour t\u00e2che d\u2019entrer en contact avec des institutions dans le domaine de la migration et de l\u2019asile \u00e0 l\u2019ext\u00e9rieur de l\u2019UNIL et les instances \u00e0 l\u2019int\u00e9rieur de &hellip; <\/p>\n<p class=\"link-more\"><a href=\"https:\/\/www.asso-unil.ch\/unilsansfrontieres\/dialogue-avec-les-institutions\/\" class=\"more-link\">Continuer la lecture<span class=\"screen-reader-text\"> de &laquo;&nbsp;Dialogue avec les institutions&nbsp;&raquo;<\/span><\/a><\/p>\n","protected":false},"author":1001138,"featured_media":390,"parent":0,"menu_order":0,"comment_status":"closed","ping_status":"closed","template":"","meta":{"_seopress_robots_primary_cat":"","_seopress_titles_title":"","_seopress_titles_desc":"","_seopress_robots_index":"","footnotes":""},"class_list":["post-114","page","type-page","status-publish","has-post-thumbnail"],"_links":{"self":[{"href":"https:\/\/www.asso-unil.ch\/unilsansfrontieres\/wp-json\/wp\/v2\/pages\/114","targetHints":{"allow":["GET"]}}],"collection":[{"href":"https:\/\/www.asso-unil.ch\/unilsansfrontieres\/wp-json\/wp\/v2\/pages"}],"about":[{"href":"https:\/\/www.asso-unil.ch\/unilsansfrontieres\/wp-json\/wp\/v2\/types\/page"}],"author":[{"embeddable":true,"href":"https:\/\/www.asso-unil.ch\/unilsansfrontieres\/wp-json\/wp\/v2\/users\/1001138"}],"replies":[{"embeddable":true,"href":"https:\/\/www.asso-unil.ch\/unilsansfrontieres\/wp-json\/wp\/v2\/comments?post=114"}],"version-history":[{"count":0,"href":"https:\/\/www.asso-unil.ch\/unilsansfrontieres\/wp-json\/wp\/v2\/pages\/114\/revisions"}],"wp:featuredmedia":[{"embeddable":true,"href":"https:\/\/www.asso-unil.ch\/unilsansfrontieres\/wp-json\/wp\/v2\/media\/390"}],"wp:attachment":[{"href":"https:\/\/www.asso-unil.ch\/unilsansfrontieres\/wp-json\/wp\/v2\/media?parent=114"}],"curies":[{"name":"wp","href":"https:\/\/api.w.org\/{rel}","templated":true}]}}