{"id":97,"date":"2019-03-05T12:53:34","date_gmt":"2019-03-05T11:53:34","guid":{"rendered":"http:\/\/www.asso-unil.ch\/talma\/?page_id=97"},"modified":"2022-03-09T09:40:57","modified_gmt":"2022-03-09T08:40:57","slug":"performances-au-printemps-de-la-poesie","status":"publish","type":"page","link":"https:\/\/www.asso-unil.ch\/talma\/poesie\/performances-au-printemps-de-la-poesie\/","title":{"rendered":"Performances au Printemps de la po\u00e9sie"},"content":{"rendered":"<p><span lang=\"FR\">Le <a href=\"https:\/\/printempspoesie.ch\/\" target=\"_blank\" rel=\"noopener noreferrer\">Printemps de la po\u00e9sie<\/a> est un festival romand de po\u00e9sie qui r\u00e9unit des \u00e9v\u00e9nements multiples et vari\u00e9s. TALMA y participe et fait rayonner l\u2019Antiquit\u00e9 et sa po\u00e9sie \u00e0 travers des performances originales.<\/span><\/p>\n<p>25 mars 2022: <a href=\"https:\/\/www.asso-unil.ch\/talma\/poesie\/fruits-epices-et-nectars\/\">FRUITS, \u00c9PICES ET NECTARS<\/a><br \/>\nVoyage dans les saveurs des mots et des sons\u00a0: M\u00e9diterran\u00e9e antique, Inde pr\u00e9moderne et Europe m\u00e9di\u00e9vale unissent leurs voix au c\u0153ur de Lavaux<\/p>\n<p>Pr\u00e9c\u00e9demment:<\/p>\n<p>1er avril 2019: <a href=\"https:\/\/www.asso-unil.ch\/talma\/poesie\/performances-au-printemps-de-la-poesie\/a-table-cena-poetica\/\">A TABLE\u00a0! CENA POETICA<\/a><br \/>\nUne (s)c\u00e8ne po\u00e9tique, un banquet contemporain et antique, interconnect\u00e9, o\u00f9 se m\u00ealent convives r\u00e9els et virtuels\u00a0! Nourriture, boissons, interactions po\u00e9tiques en tout genre\u00a0: voil\u00e0 ce que demande le peuple\u00a0!<\/p>\n<p>22 mars 2018: <a href=\"https:\/\/www.asso-unil.ch\/talma\/poesie\/performances-au-printemps-de-la-poesie\/vers-2-rves-rome-rappe-ses-murs\/\">VERS 2 RVES : ROME RAPPE SES MURS<\/a><br \/>\nLes murs ont des oreilles ? On leur redonne la parole ! Une performance m\u00ealant graffiti et scansion antiques, graffeurs et rappeurs modernes<\/p>\n","protected":false},"excerpt":{"rendered":"<p>Le Printemps de la po\u00e9sie est un festival romand de po\u00e9sie qui r\u00e9unit des \u00e9v\u00e9nements multiples et vari\u00e9s. TALMA y participe et fait rayonner l\u2019Antiquit\u00e9 et sa po\u00e9sie \u00e0 travers des performances originales. 25 mars 2022: FRUITS, \u00c9PICES ET NECTARS<\/p>\n","protected":false},"author":1001168,"featured_media":0,"parent":59,"menu_order":0,"comment_status":"closed","ping_status":"closed","template":"","meta":{"_seopress_robots_primary_cat":"","_seopress_titles_title":"","_seopress_titles_desc":"","_seopress_robots_index":"","footnotes":""},"class_list":["post-97","page","type-page","status-publish"],"_links":{"self":[{"href":"https:\/\/www.asso-unil.ch\/talma\/wp-json\/wp\/v2\/pages\/97","targetHints":{"allow":["GET"]}}],"collection":[{"href":"https:\/\/www.asso-unil.ch\/talma\/wp-json\/wp\/v2\/pages"}],"about":[{"href":"https:\/\/www.asso-unil.ch\/talma\/wp-json\/wp\/v2\/types\/page"}],"author":[{"embeddable":true,"href":"https:\/\/www.asso-unil.ch\/talma\/wp-json\/wp\/v2\/users\/1001168"}],"replies":[{"embeddable":true,"href":"https:\/\/www.asso-unil.ch\/talma\/wp-json\/wp\/v2\/comments?post=97"}],"version-history":[{"count":0,"href":"https:\/\/www.asso-unil.ch\/talma\/wp-json\/wp\/v2\/pages\/97\/revisions"}],"up":[{"embeddable":true,"href":"https:\/\/www.asso-unil.ch\/talma\/wp-json\/wp\/v2\/pages\/59"}],"wp:attachment":[{"href":"https:\/\/www.asso-unil.ch\/talma\/wp-json\/wp\/v2\/media?parent=97"}],"curies":[{"name":"wp","href":"https:\/\/api.w.org\/{rel}","templated":true}]}}