{"id":934,"date":"2024-04-12T08:43:33","date_gmt":"2024-04-12T06:43:33","guid":{"rendered":"https:\/\/www.asso-unil.ch\/talma\/?page_id=934"},"modified":"2025-04-29T17:31:56","modified_gmt":"2025-04-29T15:31:56","slug":"aristophane-ploutos-dieu-du-pognon","status":"publish","type":"page","link":"https:\/\/www.asso-unil.ch\/talma\/theatre\/archive-anciens-projets\/aristophane-ploutos-dieu-du-pognon\/","title":{"rendered":"Aristophane, \u00ab Ploutos, dieu du pognon \u00bb, cr\u00e9ation printemps 2024"},"content":{"rendered":"<div class=\"wp-block-image\">\n<figure class=\"alignright size-large is-resized\"><img alt=\"\" loading=\"lazy\" decoding=\"async\" width=\"724\" height=\"1024\" src=\"https:\/\/www.asso-unil.ch\/talma\/files\/2024\/04\/PLOUTOS_Flyer_FECULE_LausGren_v2-724x1024.jpg\" alt=\"\" class=\"wp-image-942\" style=\"width:362px;height:auto\" srcset=\"https:\/\/www.asso-unil.ch\/talma\/files\/2024\/04\/PLOUTOS_Flyer_FECULE_LausGren_v2-724x1024.jpg 724w, https:\/\/www.asso-unil.ch\/talma\/files\/2024\/04\/PLOUTOS_Flyer_FECULE_LausGren_v2-212x300.jpg 212w, https:\/\/www.asso-unil.ch\/talma\/files\/2024\/04\/PLOUTOS_Flyer_FECULE_LausGren_v2-768x1087.jpg 768w, https:\/\/www.asso-unil.ch\/talma\/files\/2024\/04\/PLOUTOS_Flyer_FECULE_LausGren_v2.jpg 848w\" sizes=\"auto, (max-width: 724px) 100vw, 724px\" \/><\/figure>\n<\/div>\n\n\n<p>Pourquoi c\u2019est toujours les salauds qui ont des thunes&nbsp;?<\/p>\n\n\n\n<p>Question essentielle. Aristophane se la posait d\u00e9j\u00e0 en 388 avant notre \u00e8re, dans son ultime pi\u00e8ce, <em>Ploutos.<\/em><\/p>\n\n\n\n<p>Ploutos c\u2019est l\u2019argent, le pognon incarn\u00e9. Il est aveugle, alors il tombe entre les mains des plus vils. Mais si on le gu\u00e9rissait\u2026 Il nous rendrait tous riches, nous, les gens honn\u00eates&nbsp;! Et heureux&nbsp;? \u00c7a, c\u2019est une autre question.<\/p>\n\n\n\n<p>La Cie TALMA se saisit de cette com\u00e9die loufoque et d\u00e9jant\u00e9e. Sur un air d\u2019accord\u00e9on, des com\u00e9diens clownesques et un ch\u0153ur bondissant lui rendent toute la verve et la fra\u00eecheur de ses\u2026 2400 ans&nbsp;!<\/p>\n\n\n\n<p>Avec&nbsp;: Soraya Buschini, Delphine Comte, Marc Decrausaz, Amos Dollfus, Loris Ferrari, Cl\u00e9mentine Glardon, Thibault Glardon, Esteban Jayet, Laure Lehman, Luka Lehrian, H\u00e9lo\u00efse Margot, Margaux Matter, Malicia Ritzmann, Julie Vandermensbrugghe<\/p>\n\n\n\n<p class=\"has-text-align-right has-text-color has-link-color has-medium-font-size wp-elements-97d4890445340501a17f9b5e9e8d9234\" style=\"color:#51bc39\"><a href=\"https:\/\/www.asso-unil.ch\/talma\/theatre\/aristophane-ploutos-dieu-du-pognon\/galeries-ploutos-dieu-du-pognon-printemps-2024\/\" data-type=\"link\" data-id=\"https:\/\/www.asso-unil.ch\/talma\/?page_id=969\"><strong>Les photos du spectacle ici !<\/strong><\/a> <\/p>\n\n\n\n<p><\/p>\n\n\n\n<p>Et venus de Grenoble, sous la houlette de Malika Bastin-Hammou&nbsp;: Titouan Benkara, Lea Lardenois, Nassim Mandhouj, Jules Rouressol, Sergei Shishkov.<\/p>\n\n\n\n<p>Mise en sc\u00e8ne&nbsp;: Laure Lehman, Matteo Capponi<\/p>\n\n\n\n<p>Traduction&nbsp;: Matteo Capponi<\/p>\n\n\n\n<p>Musique&nbsp;: Olivier Forel<\/p>\n\n\n\n<p>Lumi\u00e8re&nbsp;: Colin Berseth<\/p>\n\n\n\n<p>M\u00e9dias et communications: Loris Ferrari<\/p>\n\n\n\n<p>R\u00e9servations&nbsp;\u00e0 Dorigny&nbsp;: <a href=\"https:\/\/www.explore-unil.ch\/evenement\/ploutos-pognon-pour-tous-fecule-2024\/\">Site du Festival F\u00e9cule<\/a><\/p>\n\n\n\n<p class=\"has-text-align-right has-text-color has-link-color has-medium-font-size wp-elements-555986f1a76702a9a18958761f2b286a\" style=\"color:#e63030\"><a href=\"https:\/\/www.youtube.com\/watch?v=o82TIeSX0dI\" data-type=\"link\" data-id=\"https:\/\/youtu.be\/o82TIeSX0dI\"><strong>Voir la captation du 1er mai ici !<\/strong><\/a><\/p>\n\n\n\n<figure class=\"wp-block-embed is-type-video is-provider-youtube wp-block-embed-youtube wp-embed-aspect-16-9 wp-has-aspect-ratio\"><div class=\"wp-block-embed__wrapper\">\n<iframe loading=\"lazy\" title=\"Ploutos dieu du Pognon\" width=\"720\" height=\"405\" src=\"https:\/\/www.youtube.com\/embed\/o82TIeSX0dI?start=10&#038;feature=oembed\" frameborder=\"0\" allow=\"accelerometer; autoplay; clipboard-write; encrypted-media; gyroscope; picture-in-picture; web-share\" referrerpolicy=\"strict-origin-when-cross-origin\" allowfullscreen><\/iframe>\n<\/div><\/figure>\n","protected":false},"excerpt":{"rendered":"<p>Pourquoi c\u2019est toujours les salauds qui ont des thunes&nbsp;? Question essentielle. Aristophane se la posait d\u00e9j\u00e0 en 388 avant notre \u00e8re, dans son ultime pi\u00e8ce, Ploutos. Ploutos c\u2019est l\u2019argent, le pognon incarn\u00e9. Il est aveugle, alors il tombe entre les<\/p>\n","protected":false},"author":1001169,"featured_media":0,"parent":1028,"menu_order":0,"comment_status":"closed","ping_status":"closed","template":"","meta":{"_seopress_robots_primary_cat":"","_seopress_titles_title":"","_seopress_titles_desc":"","_seopress_robots_index":"","footnotes":""},"class_list":["post-934","page","type-page","status-publish"],"_links":{"self":[{"href":"https:\/\/www.asso-unil.ch\/talma\/wp-json\/wp\/v2\/pages\/934","targetHints":{"allow":["GET"]}}],"collection":[{"href":"https:\/\/www.asso-unil.ch\/talma\/wp-json\/wp\/v2\/pages"}],"about":[{"href":"https:\/\/www.asso-unil.ch\/talma\/wp-json\/wp\/v2\/types\/page"}],"author":[{"embeddable":true,"href":"https:\/\/www.asso-unil.ch\/talma\/wp-json\/wp\/v2\/users\/1001169"}],"replies":[{"embeddable":true,"href":"https:\/\/www.asso-unil.ch\/talma\/wp-json\/wp\/v2\/comments?post=934"}],"version-history":[{"count":5,"href":"https:\/\/www.asso-unil.ch\/talma\/wp-json\/wp\/v2\/pages\/934\/revisions"}],"predecessor-version":[{"id":1208,"href":"https:\/\/www.asso-unil.ch\/talma\/wp-json\/wp\/v2\/pages\/934\/revisions\/1208"}],"up":[{"embeddable":true,"href":"https:\/\/www.asso-unil.ch\/talma\/wp-json\/wp\/v2\/pages\/1028"}],"wp:attachment":[{"href":"https:\/\/www.asso-unil.ch\/talma\/wp-json\/wp\/v2\/media?parent=934"}],"curies":[{"name":"wp","href":"https:\/\/api.w.org\/{rel}","templated":true}]}}