{"id":728,"date":"2023-02-17T00:21:28","date_gmt":"2023-02-16T23:21:28","guid":{"rendered":"https:\/\/www.asso-unil.ch\/talma\/?page_id=728"},"modified":"2025-04-29T17:35:24","modified_gmt":"2025-04-29T15:35:24","slug":"une-autre-eneide-creation-2023","status":"publish","type":"page","link":"https:\/\/www.asso-unil.ch\/talma\/theatre\/archive-anciens-projets\/une-autre-eneide-creation-2023\/","title":{"rendered":"\u00ab\u00a0Une autre \u00c9n\u00e9ide\u00a0\u00bb, cr\u00e9ation 2023 &amp; tourn\u00e9e 2024"},"content":{"rendered":"\n<div class=\"wp-block-columns is-layout-flex wp-container-core-columns-is-layout-9d6595d7 wp-block-columns-is-layout-flex\">\n<div class=\"wp-block-column is-layout-flow wp-block-column-is-layout-flow\">\n<p><em>\u00c9n\u00e9ide<\/em>&nbsp;: \u00e9pop\u00e9e d\u2019\u00c9n\u00e9e.<br>Mais quoi&nbsp;? Est-ce qu\u2019il n\u2019y a qu\u2019\u00c9n\u00e9e dans l\u2019<em>\u00c9n\u00e9ide&nbsp;<\/em>?<br>En plus il est falot ce h\u00e9ros\u2026 Coinc\u00e9, prisonnier de son destin&#8230; Pieux peut-\u00eatre, mais quel salaud parfois&nbsp;! Qui voudrait d\u2019un h\u00e9ros pareil aujourd\u2019hui&nbsp;?<br>Allez, TALMA vous propose <em>une<\/em> <em>autre<\/em> <em>\u00c9n\u00e9ide<\/em>. L\u2019\u00e9pop\u00e9e des <em>autres-que-\u00c9n\u00e9e<\/em>.<\/p>\n\n\n\n<p>Parce que d\u00e8s qu\u2019on occulte le type qui prend toute la lumi\u00e8re, une foule se r\u00e9v\u00e8le&nbsp;: des Troyens exil\u00e9s, des Latins envahis, des \u00e2mes aux Enfers\u2026 Et puis, \u00e9mergeant du ch\u0153ur, deux d\u00e9esses en col\u00e8re, une amoureuse suicidaire, un timonier fid\u00e8le, une Amazone intr\u00e9pide \u2013&nbsp;entre autres. M\u00eame la future Rome&nbsp;!<\/p>\n\n\n\n<p>Eh oui, il y a tout \u00e7a dans l\u2019<em>\u00c9n\u00e9ide<\/em>, des peuples tourment\u00e9s et des personnages styl\u00e9s. Dix-huit com\u00e9dien\u00b7ne\u00b7s sont l\u00e0 pour les faire sortir de l\u2019ombre. Dans un d\u00e9cor mouvant, construit par leurs propres corps. Et sur un bon fond d\u2019\u00e9lectro.<\/p>\n\n\n\n<p class=\"has-text-align-center\"><strong><a href=\"https:\/\/www.asso-unil.ch\/talma\/theatre\/une-autre-eneide-creation-2023\/galeries-une-autre-eneide-printemps-2023\/\" data-type=\"URL\" data-id=\"https:\/\/www.asso-unil.ch\/talma\/theatre\/une-autre-eneide-creation-2023\/galeries-une-autre-eneide-printemps-2023\/\" target=\"_blank\" rel=\"noreferrer noopener\">Des photos du spectacle ici !<\/a><\/strong><\/p>\n\n\n\n<p><\/p>\n<\/div>\n\n\n\n<div class=\"wp-block-column is-layout-flow wp-block-column-is-layout-flow\">\n<figure class=\"wp-block-image size-large is-resized\"><a href=\"https:\/\/www.asso-unil.ch\/talma\/files\/2023\/03\/TALMA-Une_autre_Eneide-flyer_Page_1-2.jpg\"><img alt=\"\" loading=\"lazy\" decoding=\"async\" width=\"724\" height=\"1024\" src=\"https:\/\/www.asso-unil.ch\/talma\/files\/2023\/03\/TALMA-Une_autre_Eneide-flyer_Page_1-2-724x1024.jpg\" alt=\"\" class=\"wp-image-785\" srcset=\"https:\/\/www.asso-unil.ch\/talma\/files\/2023\/03\/TALMA-Une_autre_Eneide-flyer_Page_1-2-724x1024.jpg 724w, https:\/\/www.asso-unil.ch\/talma\/files\/2023\/03\/TALMA-Une_autre_Eneide-flyer_Page_1-2-212x300.jpg 212w, https:\/\/www.asso-unil.ch\/talma\/files\/2023\/03\/TALMA-Une_autre_Eneide-flyer_Page_1-2-768x1086.jpg 768w, https:\/\/www.asso-unil.ch\/talma\/files\/2023\/03\/TALMA-Une_autre_Eneide-flyer_Page_1-2.jpg 849w\" sizes=\"auto, (max-width: 724px) 100vw, 724px\" \/><\/a><\/figure>\n\n\n\n<p><\/p>\n<\/div>\n<\/div>\n\n\n\n<p class=\"has-text-align-center\"><em>Mise en sc\u00e8ne&nbsp;: Matteo Capponi \/\/ Texte&nbsp;: collectif, sous la supervision d&rsquo;<em>Olivier Th\u00e9venaz<\/em> <\/em><br><em>Musique&nbsp;: Christophe Gonet \/\/ Lumi\u00e8re&nbsp;: Gabriel Dollat, Colin Berseth \/\/ Graphisme : Eva Romero<\/em> \/\/ M\u00e9dias, communication et photographie: Loris Ferrari<\/p>\n\n\n\n<p class=\"has-text-align-center\"><em>Jeu&nbsp;: <em>Amanda Ferroli, <\/em>Amos Dollfus, Carla Cherix, Charlotte Emaresi, Cl\u00e9mentine Glardon, David Barioni, Delphine Comte, Dimitri Thomas, Esteban Jayet, H\u00e9lo\u00efse Margot, Ilian Guesmia, Julie Vandermensbrugghe, Laureen Dudoy, Leila Blindenbacher, Lorraine Schaefer, Loris Ferrari, Luka Lehrian, Magali Fl\u00fcck, Malicia Ritzmann, Marc Decrausaz, Marie-Am\u00e9lie Delouche, Millie Andrews, Nathalie Cu\u00e9noud, Nolan Jayet, Radina Vladkova, Stella Braghieri, Soraya Buschini, Thibault Glardon, Thomas von Kaenel, Val\u00e9rie Mermoud, Victoria Piaget.<\/em><\/p>\n\n\n\n<p><strong>Lausanne<\/strong>, <strong><a href=\"https:\/\/goo.gl\/maps\/SxmCpu7rRBYCN4aF7\" target=\"_blank\" rel=\"noreferrer noopener\">Maison de Quartier Sous-Gare<\/a><\/strong><br>Jeudi 20 &#8211; Samedi 22 avril 2023, 20h<\/p>\n\n\n\n<p><strong>Lausanne<\/strong>, <strong>La Grange (dans le cadre du <a href=\"https:\/\/www.grange-unil.ch\/evenement\/dans-lombre-une-autre-eneide\/\" target=\"_blank\" rel=\"noreferrer noopener\">Festival F\u00e9cule<\/a>, UNIL)<\/strong><br>Vendredi 5 mai 2023, 20h<\/p>\n\n\n\n<p><strong>Gen\u00e8ve, aula du <a href=\"https:\/\/www.ge.ch\/document\/college-voltaire\">Coll\u00e8ge Voltaire<\/a> (entr\u00e9e libre)<\/strong><br>Jeudi 7 f\u00e9vrier 2024, 20h<\/p>\n","protected":false},"excerpt":{"rendered":"<p>\u00c9n\u00e9ide&nbsp;: \u00e9pop\u00e9e d\u2019\u00c9n\u00e9e.Mais quoi&nbsp;? Est-ce qu\u2019il n\u2019y a qu\u2019\u00c9n\u00e9e dans l\u2019\u00c9n\u00e9ide&nbsp;?En plus il est falot ce h\u00e9ros\u2026 Coinc\u00e9, prisonnier de son destin&#8230; Pieux peut-\u00eatre, mais quel salaud parfois&nbsp;! Qui voudrait d\u2019un h\u00e9ros pareil aujourd\u2019hui&nbsp;?Allez, TALMA vous propose une autre \u00c9n\u00e9ide.<\/p>\n","protected":false},"author":1001169,"featured_media":0,"parent":1028,"menu_order":-2,"comment_status":"closed","ping_status":"closed","template":"","meta":{"_seopress_robots_primary_cat":"","_seopress_titles_title":"","_seopress_titles_desc":"","_seopress_robots_index":"","footnotes":""},"class_list":["post-728","page","type-page","status-publish"],"_links":{"self":[{"href":"https:\/\/www.asso-unil.ch\/talma\/wp-json\/wp\/v2\/pages\/728","targetHints":{"allow":["GET"]}}],"collection":[{"href":"https:\/\/www.asso-unil.ch\/talma\/wp-json\/wp\/v2\/pages"}],"about":[{"href":"https:\/\/www.asso-unil.ch\/talma\/wp-json\/wp\/v2\/types\/page"}],"author":[{"embeddable":true,"href":"https:\/\/www.asso-unil.ch\/talma\/wp-json\/wp\/v2\/users\/1001169"}],"replies":[{"embeddable":true,"href":"https:\/\/www.asso-unil.ch\/talma\/wp-json\/wp\/v2\/comments?post=728"}],"version-history":[{"count":3,"href":"https:\/\/www.asso-unil.ch\/talma\/wp-json\/wp\/v2\/pages\/728\/revisions"}],"predecessor-version":[{"id":1211,"href":"https:\/\/www.asso-unil.ch\/talma\/wp-json\/wp\/v2\/pages\/728\/revisions\/1211"}],"up":[{"embeddable":true,"href":"https:\/\/www.asso-unil.ch\/talma\/wp-json\/wp\/v2\/pages\/1028"}],"wp:attachment":[{"href":"https:\/\/www.asso-unil.ch\/talma\/wp-json\/wp\/v2\/media?parent=728"}],"curies":[{"name":"wp","href":"https:\/\/api.w.org\/{rel}","templated":true}]}}