{"id":62,"date":"2019-02-19T15:07:32","date_gmt":"2019-02-19T14:07:32","guid":{"rendered":"http:\/\/www.asso-unil.ch\/talma\/?page_id=62"},"modified":"2021-11-27T12:56:33","modified_gmt":"2021-11-27T11:56:33","slug":"rhetorique","status":"publish","type":"page","link":"https:\/\/www.asso-unil.ch\/talma\/rhetorique\/","title":{"rendered":"Rh\u00e9torique"},"content":{"rendered":"<p>Le volet rh\u00e9torique est assum\u00e9 par le CRUEL, autrement dit \u00ab\u00a0Club de Rh\u00e9torique de l&rsquo;Universit\u00e9 et des Etudiants de Lausanne\u00a0\u00bb.<\/p>\n<p>Outre ses rencontres et ses activit\u00e9s de m\u00e9diation, le CRUEL se fixe pour objectif de permettre aux \u00e9tudiants de l&rsquo;Unil de :<br \/>&#8211; D\u00e9velopper leurs talents d&rsquo;orateurs, apprendre \u00e0 ma\u00eetriser les techniques d&rsquo;argumentations anciennes et modernes.<br \/>&#8211; Pratiquer des exercices et des d\u00e9bats sur des th\u00e8mes amusants tir\u00e9s au sort.<br \/>&#8211; Prendre l&rsquo;habitude de parler en public.<\/p>\n<p>On peut suivre les prestations et les exploits du CRUEL sur son <a href=\"https:\/\/cruelrhetorique.com\/\">si<\/a><a href=\"https:\/\/cruelrhetorique.com\/\">te<\/a> et sur <a href=\"https:\/\/www.instagram.com\/cruel.unil\/\">Instagram<\/a> !<\/p>\n\n\n<p><\/p>\n","protected":false},"excerpt":{"rendered":"<p>Le volet rh\u00e9torique est assum\u00e9 par le CRUEL, autrement dit \u00ab\u00a0Club de Rh\u00e9torique de l&rsquo;Universit\u00e9 et des Etudiants de Lausanne\u00a0\u00bb. Outre ses rencontres et ses activit\u00e9s de m\u00e9diation, le CRUEL se fixe pour objectif de permettre aux \u00e9tudiants de l&rsquo;Unil<\/p>\n","protected":false},"author":6,"featured_media":0,"parent":0,"menu_order":0,"comment_status":"closed","ping_status":"closed","template":"","meta":{"_seopress_robots_primary_cat":"","_seopress_titles_title":"","_seopress_titles_desc":"","_seopress_robots_index":"","footnotes":""},"class_list":["post-62","page","type-page","status-publish"],"_links":{"self":[{"href":"https:\/\/www.asso-unil.ch\/talma\/wp-json\/wp\/v2\/pages\/62","targetHints":{"allow":["GET"]}}],"collection":[{"href":"https:\/\/www.asso-unil.ch\/talma\/wp-json\/wp\/v2\/pages"}],"about":[{"href":"https:\/\/www.asso-unil.ch\/talma\/wp-json\/wp\/v2\/types\/page"}],"author":[{"embeddable":true,"href":"https:\/\/www.asso-unil.ch\/talma\/wp-json\/wp\/v2\/users\/6"}],"replies":[{"embeddable":true,"href":"https:\/\/www.asso-unil.ch\/talma\/wp-json\/wp\/v2\/comments?post=62"}],"version-history":[{"count":0,"href":"https:\/\/www.asso-unil.ch\/talma\/wp-json\/wp\/v2\/pages\/62\/revisions"}],"wp:attachment":[{"href":"https:\/\/www.asso-unil.ch\/talma\/wp-json\/wp\/v2\/media?parent=62"}],"curies":[{"name":"wp","href":"https:\/\/api.w.org\/{rel}","templated":true}]}}