{"id":59,"date":"2019-02-19T15:06:38","date_gmt":"2019-02-19T14:06:38","guid":{"rendered":"http:\/\/www.asso-unil.ch\/talma\/?page_id=59"},"modified":"2025-04-01T16:52:41","modified_gmt":"2025-04-01T14:52:41","slug":"poesie","status":"publish","type":"page","link":"https:\/\/www.asso-unil.ch\/talma\/poesie\/","title":{"rendered":"Po\u00e9sie"},"content":{"rendered":"<p><span lang=\"FR\">TALMA-po\u00e9sie s\u2019int\u00e9resse \u00e0 toutes les formes que prend l\u2019expression po\u00e9tique de l\u2019Antiquit\u00e9. Elle s\u2019efforce de la transmettre dans une voix po\u00e9tique renouvel\u00e9e et actuelle, dans un monde contemporain\u00a0avec lequel elle dialogue sans cesse.<\/span><\/p>\n<p><strong>04-05 avril<\/strong> <strong>2025,\u00a0<\/strong>TALMA participe au Festival Histoire et Cit\u00e9 et vous propose une promenade dans le Palais de Rumine (Lausanne) au rythme de po\u00e9sies antiques : <a href=\"https:\/\/www.asso-unil.ch\/talma\/poesie\/promenades-poetiques-parmi-les-animaux-du-natureum\/\">Promenades po\u00e9tiques parmi les animaux du Natur\u00e9um<\/a><\/p>\n<p>Les activit\u00e9s de TALMA\u2013po\u00e9sie sont plurielles. Ses\u00a0<a href=\"https:\/\/www.asso-unil.ch\/talma\/poesie\/performances-au-printemps-de-la-poesie\/\">performances au Printemps de la po\u00e9sie<\/a>\u00a0font r\u00e9sonner et rayonner l\u2019Antiquit\u00e9 de fa\u00e7on originale. Elle organise aussi des <a href=\"https:\/\/www.asso-unil.ch\/talma\/poesie\/petits-dejeuners-poetiques\/\">petits-d\u00e9jeuners po\u00e9tiques<\/a> et intervient volontiers dans des classes ou pour diverses activit\u00e9s en lien avec la po\u00e9sie.<\/p>\n<p><span lang=\"FR\">\u00c7a bouge du c\u00f4t\u00e9 de TALMA\u2013po\u00e9sie : suis toute l\u2019actualit\u00e9 en plussoyant notre <a href=\"https:\/\/www.facebook.com\/TALMApo\u00e9sie-2394939484125548\/?modal=composer&amp;notif_id=1551174322134191&amp;notif_t=aymt_upsell_tip&amp;ref=notif\">page Facebook<\/a>\u00a0 et Instagram !<\/span><\/p>\n","protected":false},"excerpt":{"rendered":"<p>TALMA-po\u00e9sie s\u2019int\u00e9resse \u00e0 toutes les formes que prend l\u2019expression po\u00e9tique de l\u2019Antiquit\u00e9. Elle s\u2019efforce de la transmettre dans une voix po\u00e9tique renouvel\u00e9e et actuelle, dans un monde contemporain\u00a0avec lequel elle dialogue sans cesse. 04-05 avril 2025,\u00a0TALMA participe au Festival Histoire<\/p>\n","protected":false},"author":6,"featured_media":0,"parent":0,"menu_order":0,"comment_status":"closed","ping_status":"closed","template":"","meta":{"_seopress_robots_primary_cat":"","_seopress_titles_title":"","_seopress_titles_desc":"","_seopress_robots_index":"","footnotes":""},"class_list":["post-59","page","type-page","status-publish"],"_links":{"self":[{"href":"https:\/\/www.asso-unil.ch\/talma\/wp-json\/wp\/v2\/pages\/59","targetHints":{"allow":["GET"]}}],"collection":[{"href":"https:\/\/www.asso-unil.ch\/talma\/wp-json\/wp\/v2\/pages"}],"about":[{"href":"https:\/\/www.asso-unil.ch\/talma\/wp-json\/wp\/v2\/types\/page"}],"author":[{"embeddable":true,"href":"https:\/\/www.asso-unil.ch\/talma\/wp-json\/wp\/v2\/users\/6"}],"replies":[{"embeddable":true,"href":"https:\/\/www.asso-unil.ch\/talma\/wp-json\/wp\/v2\/comments?post=59"}],"version-history":[{"count":1,"href":"https:\/\/www.asso-unil.ch\/talma\/wp-json\/wp\/v2\/pages\/59\/revisions"}],"predecessor-version":[{"id":1178,"href":"https:\/\/www.asso-unil.ch\/talma\/wp-json\/wp\/v2\/pages\/59\/revisions\/1178"}],"wp:attachment":[{"href":"https:\/\/www.asso-unil.ch\/talma\/wp-json\/wp\/v2\/media?parent=59"}],"curies":[{"name":"wp","href":"https:\/\/api.w.org\/{rel}","templated":true}]}}