{"id":448,"date":"2022-02-21T20:37:58","date_gmt":"2022-02-21T19:37:58","guid":{"rendered":"https:\/\/www.asso-unil.ch\/talma\/?page_id=448"},"modified":"2022-03-26T16:06:50","modified_gmt":"2022-03-26T15:06:50","slug":"fruits-epices-et-nectars","status":"publish","type":"page","link":"https:\/\/www.asso-unil.ch\/talma\/poesie\/fruits-epices-et-nectars\/","title":{"rendered":"Fruits, \u00e9pices et nectars"},"content":{"rendered":"\n<p>Voyage dans les saveurs des mots et des sons&nbsp;: M\u00e9diterran\u00e9e antique, Inde pr\u00e9moderne et Europe m\u00e9di\u00e9vale unissent leurs voix au c\u0153ur de Lavaux<\/p>\n\n\n\n<p class=\"has-black-color has-vivid-cyan-blue-background-color has-text-color has-background\"><strong>VENDREDI 25 MARS 2022, 19h30<\/strong><br>CAVEAU M\u00c9LANIE WEBER <a rel=\"noreferrer noopener\" href=\"https:\/\/www.mw-vins.ch\/fr\/contact#horaire\" data-type=\"URL\" data-id=\"https:\/\/www.mw-vins.ch\/fr\/contact#horaire\" target=\"_blank\">CULLY (Place du Temple 2)<\/a><br>Entr\u00e9e libre \u2013 chapeau<br><br><strong>D\u00e9gustation de po\u00e9sie \u2013 \u00e0 plusieurs voix et en musique \u2013 dans un caveau au c\u0153ur de Lavaux<\/strong><br>Organisation&nbsp;: <a rel=\"noreferrer noopener\" href=\"https:\/\/www.unil.ch\/ciel\/home.html\" target=\"_blank\">CIEL<\/a> et <a href=\"https:\/\/www.unil.ch\/cemep\/lang\/fr\/pid\/58965\">CEMEP<\/a>, en partenariat avec les associations <a rel=\"noreferrer noopener\" href=\"https:\/\/www.asso-unil.ch\/talma\/\" target=\"_blank\">TALMA<\/a> et <a rel=\"noreferrer noopener\" href=\"https:\/\/tchatak.com\" target=\"_blank\">Tch\u00e2tak<\/a><br>Dans le cadre du festival <a rel=\"noreferrer noopener\" href=\"https:\/\/printempspoesie.lyricalvalley.org\" target=\"_blank\">Printemps de la po\u00e9sie 2022<\/a><\/p>\n\n\n\n<p>La po\u00e9sie se nourrit du pouvoir \u00e9vocateur des saveurs, odeurs, couleurs. Nous vous invitons \u00e0 en go\u00fbter un \u00e9chantillon dans ce parcours po\u00e9tique et musical entre Antiquit\u00e9 gr\u00e9co-latine, XVIII<sup>e<\/sup>&nbsp;si\u00e8cle indien et Moyen \u00c2ge fran\u00e7ais.<\/p>\n\n\n\n<p>Cette lecture fera dialoguer des textes vari\u00e9s et donnera \u00e0 sentir la douceur des&nbsp;<em>fruits, \u00e9pices et nectars<\/em>&nbsp;sous diff\u00e9rents aspects: pour distinguer la voix po\u00e9tique, repr\u00e9senter l\u2019amour, amener l\u2019ivresse\u2026<\/p>\n\n\n\n<p>Accord\u00e9s \u00e0 ce th\u00e8me, les accents de la vi\u00e8le \u00e0 archet d\u2019Ali\u00e9nor Wolteche et du chant m\u00e9di\u00e9val de Matthieu Romanens rythmeront la soir\u00e9e, agr\u00e9ment\u00e9e \u2013 entre autres d\u00e9licatesses \u2013 des nectars de <a href=\"https:\/\/www.mw-vins.ch\/fr\" data-type=\"URL\" data-id=\"https:\/\/www.mw-vins.ch\/fr\" target=\"_blank\" rel=\"noreferrer noopener\">M\u00e9lanie Weber<\/a>, dans l\u2019espace convivial de son caveau.<\/p>\n\n\n\n<p>Nous servirons les textes dans des traductions adapt\u00e9es, non sans en faire aussi go\u00fbter quelques morceaux dans leur langue originale pour le plaisir de l\u2019oreille. Le public repartira avec un petit livret souvenir.<\/p>\n\n\n\n<div class=\"wp-block-image\"><figure class=\"aligncenter size-full\"><img alt=\"\" loading=\"lazy\" decoding=\"async\" width=\"640\" height=\"640\" src=\"https:\/\/www.asso-unil.ch\/talma\/files\/2022\/02\/Oplontis_figues-2.jpeg\" alt=\"\" class=\"wp-image-459\" srcset=\"https:\/\/www.asso-unil.ch\/talma\/files\/2022\/02\/Oplontis_figues-2.jpeg 640w, https:\/\/www.asso-unil.ch\/talma\/files\/2022\/02\/Oplontis_figues-2-300x300.jpeg 300w, https:\/\/www.asso-unil.ch\/talma\/files\/2022\/02\/Oplontis_figues-2-150x150.jpeg 150w, https:\/\/www.asso-unil.ch\/talma\/files\/2022\/02\/Oplontis_figues-2-230x230.jpeg 230w, https:\/\/www.asso-unil.ch\/talma\/files\/2022\/02\/Oplontis_figues-2-365x365.jpeg 365w\" sizes=\"auto, (max-width: 640px) 100vw, 640px\" \/><figcaption>Panier de figues \u2013 fresque<br>Oplontis, villa \u00ab&nbsp;de Popp\u00e9e&nbsp;\u00bb, I<sup>er<\/sup> s. de notre \u00e8re<br>@ Adriano Spano | Dreamstime.com<\/figcaption><\/figure><\/div>\n\n\n\n<div class=\"wp-block-file\"><a id=\"wp-block-file--media-2b5b4288-acd8-45b2-a690-9314e7947f8f\" href=\"https:\/\/www.asso-unil.ch\/talma\/files\/2022\/03\/Fruits_epices_nectars.pdf\" target=\"_blank\" rel=\"noreferrer noopener\">Le flyer de l&rsquo;\u00e9v\u00e9nement<\/a><a href=\"https:\/\/www.asso-unil.ch\/talma\/files\/2022\/03\/Fruits_epices_nectars.pdf\" class=\"wp-block-file__button\" download aria-describedby=\"wp-block-file--media-2b5b4288-acd8-45b2-a690-9314e7947f8f\">T\u00e9l\u00e9charger<\/a><\/div>\n\n\n\n<p class=\"has-black-color has-vivid-cyan-blue-background-color has-text-color has-background\"><span style=\"text-decoration: underline\">Conception, lecture&nbsp;:<\/span> Nadia Cattoni, H\u00e9l\u00e8ne Cordier, Agathe Sultan, Olivier Th\u00e9venaz; Hannah Blaser, Amanda Ferroli, Cl\u00e9mentine Glardon, Sol\u00e8ne Perriard<br><span style=\"text-decoration: underline\">Musique m\u00e9di\u00e9vale&nbsp;:<\/span> Ali\u00e9nor Wolteche (vi\u00e8le \u00e0 archet), Matthieu Romanens (t\u00e9nor)<br><span style=\"text-decoration: underline\">Vins et accueil&nbsp;:<\/span> M\u00e9lanie Weber<\/p>\n","protected":false},"excerpt":{"rendered":"<p>Voyage dans les saveurs des mots et des sons&nbsp;: M\u00e9diterran\u00e9e antique, Inde pr\u00e9moderne et Europe m\u00e9di\u00e9vale unissent leurs voix au c\u0153ur de Lavaux VENDREDI 25 MARS 2022, 19h30CAVEAU M\u00c9LANIE WEBER CULLY (Place du Temple 2)Entr\u00e9e libre \u2013 chapeau D\u00e9gustation de<\/p>\n","protected":false},"author":1001168,"featured_media":0,"parent":59,"menu_order":0,"comment_status":"closed","ping_status":"closed","template":"","meta":{"_seopress_robots_primary_cat":"","_seopress_titles_title":"","_seopress_titles_desc":"","_seopress_robots_index":"","footnotes":""},"class_list":["post-448","page","type-page","status-publish"],"_links":{"self":[{"href":"https:\/\/www.asso-unil.ch\/talma\/wp-json\/wp\/v2\/pages\/448","targetHints":{"allow":["GET"]}}],"collection":[{"href":"https:\/\/www.asso-unil.ch\/talma\/wp-json\/wp\/v2\/pages"}],"about":[{"href":"https:\/\/www.asso-unil.ch\/talma\/wp-json\/wp\/v2\/types\/page"}],"author":[{"embeddable":true,"href":"https:\/\/www.asso-unil.ch\/talma\/wp-json\/wp\/v2\/users\/1001168"}],"replies":[{"embeddable":true,"href":"https:\/\/www.asso-unil.ch\/talma\/wp-json\/wp\/v2\/comments?post=448"}],"version-history":[{"count":0,"href":"https:\/\/www.asso-unil.ch\/talma\/wp-json\/wp\/v2\/pages\/448\/revisions"}],"up":[{"embeddable":true,"href":"https:\/\/www.asso-unil.ch\/talma\/wp-json\/wp\/v2\/pages\/59"}],"wp:attachment":[{"href":"https:\/\/www.asso-unil.ch\/talma\/wp-json\/wp\/v2\/media?parent=448"}],"curies":[{"name":"wp","href":"https:\/\/api.w.org\/{rel}","templated":true}]}}