{"id":263,"date":"2021-03-18T15:28:34","date_gmt":"2021-03-18T14:28:34","guid":{"rendered":"https:\/\/www.asso-unil.ch\/talma\/?page_id=263"},"modified":"2021-03-23T17:51:52","modified_gmt":"2021-03-23T16:51:52","slug":"trivia","status":"publish","type":"page","link":"https:\/\/www.asso-unil.ch\/talma\/poesie\/steles\/trivia\/","title":{"rendered":"Trivia"},"content":{"rendered":"\n<p class=\"has-white-color has-text-color has-background\" style=\"background-color:#00433e\">Les si\u00e8cles et les vies passent sans ralentir.<br>Mais passante, passant, pour les temps \u00e0 venir,<br>Lorsque l&rsquo;on redira le fil de votre histoire,<br>De vous, qu&rsquo;esp\u00e9rez-vous que l&rsquo;on garde en m\u00e9moire ?<\/p>\n","protected":false},"excerpt":{"rendered":"<p>Choisissez comment on se souviendra de vous: <\/p>\n","protected":false},"author":1001174,"featured_media":0,"parent":258,"menu_order":-2,"comment_status":"open","ping_status":"closed","template":"","meta":{"_seopress_robots_primary_cat":"","_seopress_titles_title":"","_seopress_titles_desc":"","_seopress_robots_index":"","footnotes":""},"class_list":["post-263","page","type-page","status-publish"],"_links":{"self":[{"href":"https:\/\/www.asso-unil.ch\/talma\/wp-json\/wp\/v2\/pages\/263","targetHints":{"allow":["GET"]}}],"collection":[{"href":"https:\/\/www.asso-unil.ch\/talma\/wp-json\/wp\/v2\/pages"}],"about":[{"href":"https:\/\/www.asso-unil.ch\/talma\/wp-json\/wp\/v2\/types\/page"}],"author":[{"embeddable":true,"href":"https:\/\/www.asso-unil.ch\/talma\/wp-json\/wp\/v2\/users\/1001174"}],"replies":[{"embeddable":true,"href":"https:\/\/www.asso-unil.ch\/talma\/wp-json\/wp\/v2\/comments?post=263"}],"version-history":[{"count":0,"href":"https:\/\/www.asso-unil.ch\/talma\/wp-json\/wp\/v2\/pages\/263\/revisions"}],"up":[{"embeddable":true,"href":"https:\/\/www.asso-unil.ch\/talma\/wp-json\/wp\/v2\/pages\/258"}],"wp:attachment":[{"href":"https:\/\/www.asso-unil.ch\/talma\/wp-json\/wp\/v2\/media?parent=263"}],"curies":[{"name":"wp","href":"https:\/\/api.w.org\/{rel}","templated":true}]}}