{"id":147,"date":"2019-03-05T16:41:28","date_gmt":"2019-03-05T15:41:28","guid":{"rendered":"http:\/\/www.asso-unil.ch\/talma\/?page_id=147"},"modified":"2024-10-25T11:42:47","modified_gmt":"2024-10-25T09:42:47","slug":"amours-vaches-creation-2017","status":"publish","type":"page","link":"https:\/\/www.asso-unil.ch\/talma\/theatre\/archive-anciens-projets\/amours-vaches-creation-2017\/","title":{"rendered":"\u00ab Amours vaches \u00bb, cr\u00e9ation 2017"},"content":{"rendered":"<div class=\"entry-content clearfix\">\n<p>Une cr\u00e9ation pour marquer l&rsquo;anniversaire d&rsquo;Ovide !<a href=\"https:\/\/www.asso-unil.ch\/talma\/files\/2019\/03\/FLYER_Sion_recto-verso_Page_2.jpg\"><img alt=\"\" loading=\"lazy\" decoding=\"async\" class=\"wp-image-171 alignright\" src=\"https:\/\/www.asso-unil.ch\/talma\/files\/2019\/03\/FLYER_OK-212x300.jpg\" alt=\"\" width=\"325\" height=\"460\" srcset=\"https:\/\/www.asso-unil.ch\/talma\/files\/2019\/03\/FLYER_OK-212x300.jpg 212w, https:\/\/www.asso-unil.ch\/talma\/files\/2019\/03\/FLYER_OK-724x1024.jpg 724w, https:\/\/www.asso-unil.ch\/talma\/files\/2019\/03\/FLYER_OK-768x1086.jpg 768w, https:\/\/www.asso-unil.ch\/talma\/files\/2019\/03\/FLYER_OK.jpg 849w\" sizes=\"auto, (max-width: 325px) 100vw, 325px\" \/><\/a><\/p>\n<p>Des probl\u00e8mes avec l\u2019amour ? Ovide est l\u00e0. Dans \u00ab L\u2019Art d\u2019aimer \u00bb, il vous explique comment trouver, s\u00e9duire, et garder.? Des probl\u00e8mes apr\u00e8s l\u2019amour ? Ovide est encore l\u00e0. Il \u00e9crit les \u00ab Rem\u00e8des \u00e0 l\u2019amour \u00bb, 100% de r\u00e9ussite pour les hommes comme pour les femmes.<\/p>\n<p>Et ne croyez pas que c\u2019est vieux, d\u00e9mod\u00e9, d\u00e9plac\u00e9 : \u00e7a parle de s\u00e9duction, de positions, de zoophilie et d\u2019orgasme simultan\u00e9 ! L\u2019amour est un dieu, l\u2019amour est une guerre. Pour en t\u00e9moigner, il y a la tribu haute en couleurs des (super) h\u00e9ros et h\u00e9ro\u00efnes.<\/p>\n<p>2000 ans pile apr\u00e8s la mort de l\u2019immense po\u00e8te, la Compagnie TALMA vous propose un voyage dans son \u0153uvre. Les \u00e9tudiants sont partis \u00e0 la recherche d\u2019Ovide, mort en exil sur les bords de la Mer Noire.<\/p>\n<p>Premi\u00e8re \u00e9tape : la Cr\u00e8te, patrie du Minotaure, d\u2019Ariane et de Ph\u00e8dre, les filles de Minos et de Pasipha\u00e9. L\u00e0-bas, c\u00f4t\u00e9 amour vachard, on en conna\u00eet un morceau\u2026<\/p>\n<div id='gallery-1' class='gallery galleryid-147 gallery-columns-3 gallery-size-medium'><figure class='gallery-item'>\n\t\t\t<div class='gallery-icon landscape'>\n\t\t\t\t<a href='https:\/\/www.asso-unil.ch\/talma\/jupiter\/'><img loading=\"lazy\" decoding=\"async\" width=\"300\" height=\"200\" src=\"https:\/\/www.asso-unil.ch\/talma\/files\/2019\/02\/Jupiter-300x200.jpg\" class=\"attachment-medium size-medium\" alt=\"\" srcset=\"https:\/\/www.asso-unil.ch\/talma\/files\/2019\/02\/Jupiter-300x200.jpg 300w, https:\/\/www.asso-unil.ch\/talma\/files\/2019\/02\/Jupiter-1024x683.jpg 1024w, https:\/\/www.asso-unil.ch\/talma\/files\/2019\/02\/Jupiter-768x512.jpg 768w, https:\/\/www.asso-unil.ch\/talma\/files\/2019\/02\/Jupiter-1536x1024.jpg 1536w, https:\/\/www.asso-unil.ch\/talma\/files\/2019\/02\/Jupiter.jpg 1800w\" sizes=\"auto, (max-width: 300px) 100vw, 300px\" \/><\/a>\n\t\t\t<\/div><\/figure><figure class='gallery-item'>\n\t\t\t<div class='gallery-icon landscape'>\n\t\t\t\t<a href='https:\/\/www.asso-unil.ch\/talma\/dsc_0942\/'><img loading=\"lazy\" decoding=\"async\" width=\"300\" height=\"199\" src=\"https:\/\/www.asso-unil.ch\/talma\/files\/2019\/02\/DSC_0942-300x199.jpg\" class=\"attachment-medium size-medium\" alt=\"\" srcset=\"https:\/\/www.asso-unil.ch\/talma\/files\/2019\/02\/DSC_0942-300x199.jpg 300w, https:\/\/www.asso-unil.ch\/talma\/files\/2019\/02\/DSC_0942-1024x679.jpg 1024w, https:\/\/www.asso-unil.ch\/talma\/files\/2019\/02\/DSC_0942-768x509.jpg 768w, https:\/\/www.asso-unil.ch\/talma\/files\/2019\/02\/DSC_0942-1536x1018.jpg 1536w, https:\/\/www.asso-unil.ch\/talma\/files\/2019\/02\/DSC_0942.jpg 1811w\" sizes=\"auto, (max-width: 300px) 100vw, 300px\" \/><\/a>\n\t\t\t<\/div><\/figure><figure class='gallery-item'>\n\t\t\t<div class='gallery-icon landscape'>\n\t\t\t\t<a href='https:\/\/www.asso-unil.ch\/talma\/dsc_0954\/'><img loading=\"lazy\" decoding=\"async\" width=\"300\" height=\"199\" src=\"https:\/\/www.asso-unil.ch\/talma\/files\/2019\/02\/DSC_0954-300x199.jpg\" class=\"attachment-medium size-medium\" alt=\"\" srcset=\"https:\/\/www.asso-unil.ch\/talma\/files\/2019\/02\/DSC_0954-300x199.jpg 300w, https:\/\/www.asso-unil.ch\/talma\/files\/2019\/02\/DSC_0954-1024x678.jpg 1024w, https:\/\/www.asso-unil.ch\/talma\/files\/2019\/02\/DSC_0954-768x509.jpg 768w, https:\/\/www.asso-unil.ch\/talma\/files\/2019\/02\/DSC_0954-1536x1017.jpg 1536w, https:\/\/www.asso-unil.ch\/talma\/files\/2019\/02\/DSC_0954.jpg 1812w\" sizes=\"auto, (max-width: 300px) 100vw, 300px\" \/><\/a>\n\t\t\t<\/div><\/figure><figure class='gallery-item'>\n\t\t\t<div class='gallery-icon landscape'>\n\t\t\t\t<a href='https:\/\/www.asso-unil.ch\/talma\/dedale-e1545769794548\/'><img loading=\"lazy\" decoding=\"async\" width=\"300\" height=\"200\" src=\"https:\/\/www.asso-unil.ch\/talma\/files\/2019\/02\/Dedale-e1545769794548-300x200.jpg\" class=\"attachment-medium size-medium\" alt=\"\" srcset=\"https:\/\/www.asso-unil.ch\/talma\/files\/2019\/02\/Dedale-e1545769794548-300x200.jpg 300w, https:\/\/www.asso-unil.ch\/talma\/files\/2019\/02\/Dedale-e1545769794548-1024x683.jpg 1024w, https:\/\/www.asso-unil.ch\/talma\/files\/2019\/02\/Dedale-e1545769794548-768x512.jpg 768w, https:\/\/www.asso-unil.ch\/talma\/files\/2019\/02\/Dedale-e1545769794548-1536x1024.jpg 1536w, https:\/\/www.asso-unil.ch\/talma\/files\/2019\/02\/Dedale-e1545769794548.jpg 1800w\" sizes=\"auto, (max-width: 300px) 100vw, 300px\" \/><\/a>\n\t\t\t<\/div><\/figure><figure class='gallery-item'>\n\t\t\t<div class='gallery-icon portrait'>\n\t\t\t\t<a href='https:\/\/www.asso-unil.ch\/talma\/ariane\/'><img loading=\"lazy\" decoding=\"async\" width=\"200\" height=\"300\" src=\"https:\/\/www.asso-unil.ch\/talma\/files\/2019\/02\/Ariane-200x300.jpg\" class=\"attachment-medium size-medium\" alt=\"\" srcset=\"https:\/\/www.asso-unil.ch\/talma\/files\/2019\/02\/Ariane-200x300.jpg 200w, https:\/\/www.asso-unil.ch\/talma\/files\/2019\/02\/Ariane-682x1024.jpg 682w, https:\/\/www.asso-unil.ch\/talma\/files\/2019\/02\/Ariane-768x1153.jpg 768w, https:\/\/www.asso-unil.ch\/talma\/files\/2019\/02\/Ariane.jpg 799w\" sizes=\"auto, (max-width: 200px) 100vw, 200px\" \/><\/a>\n\t\t\t<\/div><\/figure><figure class='gallery-item'>\n\t\t\t<div class='gallery-icon landscape'>\n\t\t\t\t<a href='https:\/\/www.asso-unil.ch\/talma\/hippolytechoeur\/'><img loading=\"lazy\" decoding=\"async\" width=\"300\" height=\"200\" src=\"https:\/\/www.asso-unil.ch\/talma\/files\/2019\/02\/HippolyteChoeur-300x200.jpg\" class=\"attachment-medium size-medium\" alt=\"\" srcset=\"https:\/\/www.asso-unil.ch\/talma\/files\/2019\/02\/HippolyteChoeur-300x200.jpg 300w, https:\/\/www.asso-unil.ch\/talma\/files\/2019\/02\/HippolyteChoeur-1024x683.jpg 1024w, https:\/\/www.asso-unil.ch\/talma\/files\/2019\/02\/HippolyteChoeur-768x512.jpg 768w, https:\/\/www.asso-unil.ch\/talma\/files\/2019\/02\/HippolyteChoeur-1536x1024.jpg 1536w, https:\/\/www.asso-unil.ch\/talma\/files\/2019\/02\/HippolyteChoeur.jpg 1800w\" sizes=\"auto, (max-width: 300px) 100vw, 300px\" \/><\/a>\n\t\t\t<\/div><\/figure><figure class='gallery-item'>\n\t\t\t<div class='gallery-icon landscape'>\n\t\t\t\t<a href='https:\/\/www.asso-unil.ch\/talma\/hippolytediane\/'><img loading=\"lazy\" decoding=\"async\" width=\"300\" height=\"200\" src=\"https:\/\/www.asso-unil.ch\/talma\/files\/2019\/02\/HippolyteDiane-300x200.jpg\" class=\"attachment-medium size-medium\" alt=\"\" srcset=\"https:\/\/www.asso-unil.ch\/talma\/files\/2019\/02\/HippolyteDiane-300x200.jpg 300w, https:\/\/www.asso-unil.ch\/talma\/files\/2019\/02\/HippolyteDiane-1024x683.jpg 1024w, https:\/\/www.asso-unil.ch\/talma\/files\/2019\/02\/HippolyteDiane-768x512.jpg 768w, https:\/\/www.asso-unil.ch\/talma\/files\/2019\/02\/HippolyteDiane-1536x1024.jpg 1536w, https:\/\/www.asso-unil.ch\/talma\/files\/2019\/02\/HippolyteDiane.jpg 1800w\" sizes=\"auto, (max-width: 300px) 100vw, 300px\" \/><\/a>\n\t\t\t<\/div><\/figure><figure class='gallery-item'>\n\t\t\t<div class='gallery-icon landscape'>\n\t\t\t\t<a href='https:\/\/www.asso-unil.ch\/talma\/chantfinal\/'><img loading=\"lazy\" decoding=\"async\" width=\"300\" height=\"200\" src=\"https:\/\/www.asso-unil.ch\/talma\/files\/2019\/02\/ChantFinal-300x200.jpg\" class=\"attachment-medium size-medium\" alt=\"\" srcset=\"https:\/\/www.asso-unil.ch\/talma\/files\/2019\/02\/ChantFinal-300x200.jpg 300w, https:\/\/www.asso-unil.ch\/talma\/files\/2019\/02\/ChantFinal-1024x683.jpg 1024w, https:\/\/www.asso-unil.ch\/talma\/files\/2019\/02\/ChantFinal-768x512.jpg 768w, https:\/\/www.asso-unil.ch\/talma\/files\/2019\/02\/ChantFinal-1536x1024.jpg 1536w, https:\/\/www.asso-unil.ch\/talma\/files\/2019\/02\/ChantFinal.jpg 1800w\" sizes=\"auto, (max-width: 300px) 100vw, 300px\" \/><\/a>\n\t\t\t<\/div><\/figure>\n\t\t<\/div>\n\n<\/div>\n","protected":false},"excerpt":{"rendered":"<p>Une cr\u00e9ation pour marquer l&rsquo;anniversaire d&rsquo;Ovide ! Des probl\u00e8mes avec l\u2019amour ? Ovide est l\u00e0. Dans \u00ab L\u2019Art d\u2019aimer \u00bb, il vous explique comment trouver, s\u00e9duire, et garder.? Des probl\u00e8mes apr\u00e8s l\u2019amour ? Ovide est encore l\u00e0. Il \u00e9crit les<\/p>\n","protected":false},"author":1001169,"featured_media":0,"parent":1028,"menu_order":-1,"comment_status":"closed","ping_status":"closed","template":"","meta":{"_seopress_robots_primary_cat":"","_seopress_titles_title":"","_seopress_titles_desc":"","_seopress_robots_index":"","footnotes":""},"class_list":["post-147","page","type-page","status-publish"],"_links":{"self":[{"href":"https:\/\/www.asso-unil.ch\/talma\/wp-json\/wp\/v2\/pages\/147","targetHints":{"allow":["GET"]}}],"collection":[{"href":"https:\/\/www.asso-unil.ch\/talma\/wp-json\/wp\/v2\/pages"}],"about":[{"href":"https:\/\/www.asso-unil.ch\/talma\/wp-json\/wp\/v2\/types\/page"}],"author":[{"embeddable":true,"href":"https:\/\/www.asso-unil.ch\/talma\/wp-json\/wp\/v2\/users\/1001169"}],"replies":[{"embeddable":true,"href":"https:\/\/www.asso-unil.ch\/talma\/wp-json\/wp\/v2\/comments?post=147"}],"version-history":[{"count":1,"href":"https:\/\/www.asso-unil.ch\/talma\/wp-json\/wp\/v2\/pages\/147\/revisions"}],"predecessor-version":[{"id":1049,"href":"https:\/\/www.asso-unil.ch\/talma\/wp-json\/wp\/v2\/pages\/147\/revisions\/1049"}],"up":[{"embeddable":true,"href":"https:\/\/www.asso-unil.ch\/talma\/wp-json\/wp\/v2\/pages\/1028"}],"wp:attachment":[{"href":"https:\/\/www.asso-unil.ch\/talma\/wp-json\/wp\/v2\/media?parent=147"}],"curies":[{"name":"wp","href":"https:\/\/api.w.org\/{rel}","templated":true}]}}