{"id":1389,"date":"2025-12-10T16:32:03","date_gmt":"2025-12-10T15:32:03","guid":{"rendered":"https:\/\/www.asso-unil.ch\/talma\/?page_id=1389"},"modified":"2026-03-18T10:30:41","modified_gmt":"2026-03-18T09:30:41","slug":"post-mortem-tournee-2025-2026","status":"publish","type":"page","link":"https:\/\/www.asso-unil.ch\/talma\/theatre\/post-mortem-tournee-2025-2026\/","title":{"rendered":"\u00ab Post Mortem\u00a0\u00bb (tourn\u00e9e 2025-2026)"},"content":{"rendered":"\n<figure class=\"wp-block-image size-full\"><img loading=\"lazy\" decoding=\"async\" width=\"828\" height=\"556\" src=\"https:\/\/www.asso-unil.ch\/talma\/files\/2026\/03\/image.png\" alt=\"image\" class=\"wp-image-1500\" srcset=\"https:\/\/www.asso-unil.ch\/talma\/files\/2026\/03\/image.png 828w, https:\/\/www.asso-unil.ch\/talma\/files\/2026\/03\/image-300x201.png 300w, https:\/\/www.asso-unil.ch\/talma\/files\/2026\/03\/image-768x516.png 768w\" sizes=\"auto, (max-width: 828px) 100vw, 828px\" \/><\/figure>\n\n\n\n<p>Apr\u00e8s l&rsquo;ann\u00e9e de cr\u00e9ation, TALMA part en tourn\u00e9e avec <strong><em>La Compagnie des Morts<\/em> <\/strong>renomm\u00e9e <em><strong>Post Mortem<\/strong><\/em>. Nous allons jouer dans des \u00e9tablissements scolaires et donnerons une repr\u00e9sentation publique.<\/p>\n\n\n\n<p>Que la terre te soit l\u00e9g\u00e8re&nbsp;!&nbsp;\u00bb C\u2019est ce que les Romains souhaitaient \u00e0 leurs morts. Pas le paradis. Juste le souci que les d\u00e9funts, leurs os, leurs ombres, trouvent le repos sous terre.<\/p>\n\n\n\n<p>Mais les morts n\u2019\u00e9taient pas en reste, ils leur parlaient aussi. Leurs \u00e9pitaphes \u2013 leurs pierres tombales \u2013 interpellaient les vivants. Elles d\u00e9clinaient leurs noms, leurs biographies, parfois dr\u00f4les, parfois tragiques\u2026 Ainsi, les morts gardaient contact avec les vivants, et r\u00e9ciproquement.&nbsp;<\/p>\n\n\n\n<p>La Cie TALMA puise dans cette mati\u00e8re pour sa nouvelle cr\u00e9ation. Elle s\u2019est pench\u00e9e sur les rites fun\u00e9raires antiques, a sillonn\u00e9 les n\u00e9cropoles, fouill\u00e9 dans les histoires d\u2019outre-tombe, pour tenter de restaurer le dialogue avec ces morts \u00e9mouvants, souvent d\u2019humble origine.<\/p>\n\n\n\n<p>A travers eux, bien s\u00fbr, ce sont nos propres morts qui se mettent \u00e0 remuer. Marginalis\u00e9s, invisibilis\u00e9s, rendus muets dans nos soci\u00e9t\u00e9s occidentales\u2026 ils ont pourtant tant \u00e0 nous dire. Se pourrait-il que les anciens nous (r\u00e9)apprennent \u00e0 vivre en leur compagnie&nbsp;?<\/p>\n\n\n\n<p><strong>Dates des repr\u00e9sentations :<\/strong><\/p>\n\n\n\n<p>Le jeudi 19 mars 2026, 20h00 \u00e0 l&rsquo;aula du Coll\u00e8ge de l&rsquo;Union \u00e0 Prilly<\/p>\n\n\n\n<p>R\u00e9servation: <a href=\"mailto:talma@asso-unil.ch\">talma@asso-unil.ch <\/a><\/p>\n\n\n\n<p>Prix: 20 frs \/ 10 frs (moins de 18 ans, \u00e9tudiants, AVS, etc&#8230;)<\/p>\n\n\n\n<p>Dur\u00e9e du spectacle&nbsp;: 1h30<\/p>\n\n\n\n<p>\u00c2ge conseill\u00e9: d\u00e8s 8 ans<\/p>\n\n\n\n<p><strong>Distribution<\/strong><\/p>\n\n\n\n<p>Mise en sc\u00e8ne et dramaturgie: Matteo Capponi, Cl\u00e9mentine Glardon, Laure Lehmann<\/p>\n\n\n\n<p>Traduction: Dylan Bovet, Olivier Th\u00e9venaz<\/p>\n\n\n\n<p>Musique: Christophe Gonet<\/p>\n\n\n\n<p>Technique: Aiden Catovic<\/p>\n\n\n\n<p>Lumi\u00e8re: David Baumgartner<\/p>\n\n\n\n<p>Photographie: Carole Coi<\/p>\n\n\n\n<p>Sc\u00e9nographie: Luka Lehrian, Thibault Glardon<\/p>\n\n\n\n<p>Costumes: H\u00e9lo\u00efse Margot, Mi W\u00e4lli<\/p>\n\n\n\n<p>Graphisme: Eva Romero<\/p>\n\n\n\n<p>M\u00e9dias et communication: Delphine Comte, Loris Ferrari<\/p>\n\n\n\n<p>Jeu: Jason Blanc, F\u00e9lix Blandin, Soraya Buschini, Carla Cherix, Delphine Comte, Cl\u00e9mence Detroyat, Amos Dollfus, Charlotte Emaresi, Loris Ferrari, Thibault Glardon, Thomas von Kaenel, Luka Lehrian, H\u00e9lo\u00efse Margot, Val\u00e9rie Mermoud, Malicia Ritzmann, Louis Troillet, Mi W\u00e4lli<\/p>\n\n\n\n<div data-wp-interactive=\"core\/file\" class=\"wp-block-file\"><object data-wp-bind--hidden=\"!state.hasPdfPreview\" hidden class=\"wp-block-file__embed\" data=\"https:\/\/www.asso-unil.ch\/talma\/files\/2026\/03\/talma-post_mortem-pour_enseignant-e-s.pdf\" type=\"application\/pdf\" style=\"width:100%;height:600px\" aria-label=\"Contenu embarqu\u00e9 TALMA-Post_mortem-pour_enseignant-e-s.\"><\/object><a id=\"wp-block-file--media-2c23506a-8662-42e9-81a6-291cc28a6536\" href=\"https:\/\/www.asso-unil.ch\/talma\/files\/2026\/03\/talma-post_mortem-pour_enseignant-e-s.pdf\">TALMA-Post_mortem-pour_enseignant-e-s<\/a><a href=\"https:\/\/www.asso-unil.ch\/talma\/files\/2026\/03\/talma-post_mortem-pour_enseignant-e-s.pdf\" class=\"wp-block-file__button wp-element-button\" download aria-describedby=\"wp-block-file--media-2c23506a-8662-42e9-81a6-291cc28a6536\">T\u00e9l\u00e9charger<\/a><\/div>\n\n\n\n<div data-wp-interactive=\"core\/file\" class=\"wp-block-file\"><object data-wp-bind--hidden=\"!state.hasPdfPreview\" hidden class=\"wp-block-file__embed\" data=\"https:\/\/www.asso-unil.ch\/talma\/files\/2026\/03\/flyer_a5_19.03.26.pdf\" type=\"application\/pdf\" style=\"width:100%;height:600px\" aria-label=\"Contenu embarqu\u00e9 Flyer_A5_19.03.26.\"><\/object><a id=\"wp-block-file--media-1da92bf8-ccd9-41bb-a596-90894d15f770\" href=\"https:\/\/www.asso-unil.ch\/talma\/files\/2026\/03\/flyer_a5_19.03.26.pdf\">Flyer_A5_19.03.26<\/a><a href=\"https:\/\/www.asso-unil.ch\/talma\/files\/2026\/03\/flyer_a5_19.03.26.pdf\" class=\"wp-block-file__button wp-element-button\" download aria-describedby=\"wp-block-file--media-1da92bf8-ccd9-41bb-a596-90894d15f770\">T\u00e9l\u00e9charger<\/a><\/div>\n","protected":false},"excerpt":{"rendered":"<p>Apr\u00e8s l&rsquo;ann\u00e9e de cr\u00e9ation, TALMA part en tourn\u00e9e avec La Compagnie des Morts renomm\u00e9e Post Mortem. Nous allons jouer dans des \u00e9tablissements scolaires et donnerons une repr\u00e9sentation publique. Que la terre te soit l\u00e9g\u00e8re&nbsp;!&nbsp;\u00bb C\u2019est ce que les Romains souhaitaient<\/p>\n","protected":false},"author":1001311,"featured_media":0,"parent":65,"menu_order":0,"comment_status":"closed","ping_status":"closed","template":"","meta":{"_seopress_robots_primary_cat":"","_seopress_titles_title":"","_seopress_titles_desc":"","_seopress_robots_index":"","footnotes":""},"class_list":["post-1389","page","type-page","status-publish"],"_links":{"self":[{"href":"https:\/\/www.asso-unil.ch\/talma\/wp-json\/wp\/v2\/pages\/1389","targetHints":{"allow":["GET"]}}],"collection":[{"href":"https:\/\/www.asso-unil.ch\/talma\/wp-json\/wp\/v2\/pages"}],"about":[{"href":"https:\/\/www.asso-unil.ch\/talma\/wp-json\/wp\/v2\/types\/page"}],"author":[{"embeddable":true,"href":"https:\/\/www.asso-unil.ch\/talma\/wp-json\/wp\/v2\/users\/1001311"}],"replies":[{"embeddable":true,"href":"https:\/\/www.asso-unil.ch\/talma\/wp-json\/wp\/v2\/comments?post=1389"}],"version-history":[{"count":5,"href":"https:\/\/www.asso-unil.ch\/talma\/wp-json\/wp\/v2\/pages\/1389\/revisions"}],"predecessor-version":[{"id":1526,"href":"https:\/\/www.asso-unil.ch\/talma\/wp-json\/wp\/v2\/pages\/1389\/revisions\/1526"}],"up":[{"embeddable":true,"href":"https:\/\/www.asso-unil.ch\/talma\/wp-json\/wp\/v2\/pages\/65"}],"wp:attachment":[{"href":"https:\/\/www.asso-unil.ch\/talma\/wp-json\/wp\/v2\/media?parent=1389"}],"curies":[{"name":"wp","href":"https:\/\/api.w.org\/{rel}","templated":true}]}}