{"id":1363,"date":"2025-06-25T16:58:18","date_gmt":"2025-06-25T14:58:18","guid":{"rendered":"https:\/\/www.asso-unil.ch\/talma\/?page_id=1363"},"modified":"2025-12-10T16:47:06","modified_gmt":"2025-12-10T15:47:06","slug":"la-troupe","status":"publish","type":"page","link":"https:\/\/www.asso-unil.ch\/talma\/theatre\/la-troupe\/","title":{"rendered":"La Troupe"},"content":{"rendered":"\n<p class=\"has-large-font-size\"><strong>La troupe TALMA 2025-2026<\/strong><\/p>\n\n\n\n<p>F\u00e9lix Blandin, Soraya Buschini, Carla Cherix, Delphine Comte, Amos Dollfus, Charlotte Emaresi, Loris Ferrari, Thibault Glardon,Thomas von Kaenel, Luka Lehrian,Val\u00e9rie Mermoud, Malicia Ritzmann, Julie Vandermensbrugghe, Mi W\u00e4lli, Matteo Capponi, Olivier Th\u00e9venaz, Aiden Catovic, Cl\u00e9mence, Louis, Jason<\/p>\n\n\n\n<p><\/p>\n\n\n\n<p class=\"has-large-font-size\"><strong>La troupe TALMA 2024-2025<\/strong><\/p>\n\n\n\n<figure class=\"wp-block-image size-large\"><img loading=\"lazy\" decoding=\"async\" width=\"1024\" height=\"683\" src=\"https:\/\/www.asso-unil.ch\/talma\/files\/2025\/06\/dsc_6904-1024x683.jpg\" alt=\"dsc 6904\" class=\"wp-image-1365\" srcset=\"https:\/\/www.asso-unil.ch\/talma\/files\/2025\/06\/dsc_6904-1024x683.jpg 1024w, https:\/\/www.asso-unil.ch\/talma\/files\/2025\/06\/dsc_6904-300x200.jpg 300w, https:\/\/www.asso-unil.ch\/talma\/files\/2025\/06\/dsc_6904-768x513.jpg 768w, https:\/\/www.asso-unil.ch\/talma\/files\/2025\/06\/dsc_6904-1536x1025.jpg 1536w, https:\/\/www.asso-unil.ch\/talma\/files\/2025\/06\/dsc_6904.jpg 1798w\" sizes=\"auto, (max-width: 1024px) 100vw, 1024px\" \/><\/figure>\n\n\n\n<figure class=\"wp-block-image size-large\"><img loading=\"lazy\" decoding=\"async\" width=\"1024\" height=\"683\" src=\"https:\/\/www.asso-unil.ch\/talma\/files\/2025\/06\/nzf_1059-1024x683.jpg\" alt=\"nzf 1059\" class=\"wp-image-1366\" srcset=\"https:\/\/www.asso-unil.ch\/talma\/files\/2025\/06\/nzf_1059-1024x683.jpg 1024w, https:\/\/www.asso-unil.ch\/talma\/files\/2025\/06\/nzf_1059-300x200.jpg 300w, https:\/\/www.asso-unil.ch\/talma\/files\/2025\/06\/nzf_1059-768x512.jpg 768w, https:\/\/www.asso-unil.ch\/talma\/files\/2025\/06\/nzf_1059-1536x1024.jpg 1536w, https:\/\/www.asso-unil.ch\/talma\/files\/2025\/06\/nzf_1059.jpg 1800w\" sizes=\"auto, (max-width: 1024px) 100vw, 1024px\" \/><figcaption class=\"wp-element-caption\">\u00a9&nbsp;Micha\u00ebl Ferrari<\/figcaption><\/figure>\n\n\n\n<p>Asya Bendani, F\u00e9lix Blandin, Soraya Buschini, Carla Cherix, Delphine Comte, Amos Dollfus, Charlotte Emaresi, Loris Ferrari, Cl\u00e9mentine Glardon, Thibault Glardon, Esteban Jayet, Thomas von Kaenel, Luka Lehrian,Val\u00e9rie Mermoud, Malicia Ritzmann, Julie Vandermensbrugghe, Mi W\u00e4lli, David Baumgartner, Matteo Capponi, Olivier Th\u00e9venaz, Aiden Catovic<\/p>\n\n\n\n<p><\/p>\n","protected":false},"excerpt":{"rendered":"<p>La troupe TALMA 2025-2026 F\u00e9lix Blandin, Soraya Buschini, Carla Cherix, Delphine Comte, Amos Dollfus, Charlotte Emaresi, Loris Ferrari, Thibault Glardon,Thomas von Kaenel, Luka Lehrian,Val\u00e9rie Mermoud, Malicia Ritzmann, Julie Vandermensbrugghe, Mi W\u00e4lli, Matteo Capponi, Olivier Th\u00e9venaz, Aiden Catovic, Cl\u00e9mence, Louis, Jason<\/p>\n","protected":false},"author":1001311,"featured_media":0,"parent":65,"menu_order":0,"comment_status":"closed","ping_status":"closed","template":"","meta":{"_seopress_robots_primary_cat":"","_seopress_titles_title":"","_seopress_titles_desc":"","_seopress_robots_index":"","footnotes":""},"class_list":["post-1363","page","type-page","status-publish"],"_links":{"self":[{"href":"https:\/\/www.asso-unil.ch\/talma\/wp-json\/wp\/v2\/pages\/1363","targetHints":{"allow":["GET"]}}],"collection":[{"href":"https:\/\/www.asso-unil.ch\/talma\/wp-json\/wp\/v2\/pages"}],"about":[{"href":"https:\/\/www.asso-unil.ch\/talma\/wp-json\/wp\/v2\/types\/page"}],"author":[{"embeddable":true,"href":"https:\/\/www.asso-unil.ch\/talma\/wp-json\/wp\/v2\/users\/1001311"}],"replies":[{"embeddable":true,"href":"https:\/\/www.asso-unil.ch\/talma\/wp-json\/wp\/v2\/comments?post=1363"}],"version-history":[{"count":2,"href":"https:\/\/www.asso-unil.ch\/talma\/wp-json\/wp\/v2\/pages\/1363\/revisions"}],"predecessor-version":[{"id":1405,"href":"https:\/\/www.asso-unil.ch\/talma\/wp-json\/wp\/v2\/pages\/1363\/revisions\/1405"}],"up":[{"embeddable":true,"href":"https:\/\/www.asso-unil.ch\/talma\/wp-json\/wp\/v2\/pages\/65"}],"wp:attachment":[{"href":"https:\/\/www.asso-unil.ch\/talma\/wp-json\/wp\/v2\/media?parent=1363"}],"curies":[{"name":"wp","href":"https:\/\/api.w.org\/{rel}","templated":true}]}}