{"id":1251,"date":"2025-05-15T12:32:19","date_gmt":"2025-05-15T10:32:19","guid":{"rendered":"https:\/\/www.asso-unil.ch\/talma\/?page_id=1251"},"modified":"2025-05-15T12:32:21","modified_gmt":"2025-05-15T10:32:21","slug":"anciens-projets-poesies","status":"publish","type":"page","link":"https:\/\/www.asso-unil.ch\/talma\/anciens-projets-poesies\/","title":{"rendered":"Anciens projets po\u00e9sies"},"content":{"rendered":"\n<p><a href=\"https:\/\/www.asso-unil.ch\/talma\/wp-admin\/post.php?post=448&amp;action=edit\">Fruits, \u00e9pices et nectars<\/a> 2022<\/p>\n\n\n\n<p><a href=\"https:\/\/www.asso-unil.ch\/talma\/wp-admin\/post.php?post=258&amp;action=edit\">St\u00e8les : d\u00e9ambulations textuelles<\/a> 2021<\/p>\n\n\n\n<p><a href=\"https:\/\/www.asso-unil.ch\/talma\/wp-admin\/post.php?post=97&amp;action=edit\">Performances au Printemps de la po\u00e9sie<\/a> 2019<\/p>\n\n\n\n<p><a href=\"https:\/\/www.asso-unil.ch\/talma\/wp-admin\/post.php?post=110&amp;action=edit\">Petits-d\u00e9jeuners po\u00e9tiques<\/a> 2029<\/p>\n","protected":false},"excerpt":{"rendered":"<p>Fruits, \u00e9pices et nectars 2022 St\u00e8les : d\u00e9ambulations textuelles 2021 Performances au Printemps de la po\u00e9sie 2019 Petits-d\u00e9jeuners po\u00e9tiques 2029<\/p>\n","protected":false},"author":1001311,"featured_media":0,"parent":0,"menu_order":0,"comment_status":"closed","ping_status":"closed","template":"","meta":{"_seopress_robots_primary_cat":"","_seopress_titles_title":"","_seopress_titles_desc":"","_seopress_robots_index":"","footnotes":""},"class_list":["post-1251","page","type-page","status-publish"],"_links":{"self":[{"href":"https:\/\/www.asso-unil.ch\/talma\/wp-json\/wp\/v2\/pages\/1251","targetHints":{"allow":["GET"]}}],"collection":[{"href":"https:\/\/www.asso-unil.ch\/talma\/wp-json\/wp\/v2\/pages"}],"about":[{"href":"https:\/\/www.asso-unil.ch\/talma\/wp-json\/wp\/v2\/types\/page"}],"author":[{"embeddable":true,"href":"https:\/\/www.asso-unil.ch\/talma\/wp-json\/wp\/v2\/users\/1001311"}],"replies":[{"embeddable":true,"href":"https:\/\/www.asso-unil.ch\/talma\/wp-json\/wp\/v2\/comments?post=1251"}],"version-history":[{"count":1,"href":"https:\/\/www.asso-unil.ch\/talma\/wp-json\/wp\/v2\/pages\/1251\/revisions"}],"predecessor-version":[{"id":1253,"href":"https:\/\/www.asso-unil.ch\/talma\/wp-json\/wp\/v2\/pages\/1251\/revisions\/1253"}],"wp:attachment":[{"href":"https:\/\/www.asso-unil.ch\/talma\/wp-json\/wp\/v2\/media?parent=1251"}],"curies":[{"name":"wp","href":"https:\/\/api.w.org\/{rel}","templated":true}]}}