{"id":1227,"date":"2025-05-15T12:10:33","date_gmt":"2025-05-15T10:10:33","guid":{"rendered":"https:\/\/www.asso-unil.ch\/talma\/?page_id=1227"},"modified":"2025-07-02T16:49:52","modified_gmt":"2025-07-02T14:49:52","slug":"le-comite-de-lassociation","status":"publish","type":"page","link":"https:\/\/www.asso-unil.ch\/talma\/le-comite-de-lassociation\/","title":{"rendered":"Le Comit\u00e9"},"content":{"rendered":"\n<p><strong>Comit\u00e9 :&nbsp;<\/strong><\/p>\n\n\n\n<p>Pr\u00e9sident : <a href=\"mailto:loris.ferrari@unil.ch\"><\/a><a href=\"mailto:loris.ferrari@unil.ch\">Loris Ferrari<\/a><\/p>\n\n\n\n<p>Vice-pr\u00e9sidente : <a href=\"mailto:charlotte.emaresi@unil.ch\">Charlotte Emaresi<\/a><\/p>\n\n\n\n<p>Secr\u00e9taire : <a href=\"mailto:bichique98@gmail.com\">Delphine Comte<\/a><\/p>\n\n\n\n<p>Tr\u00e9sorier &amp; Administrateur : <a href=\"mailto:matteo.capponi@unil.ch\">Matteo Capponi<\/a><\/p>\n\n\n\n<p>Membres: <a href=\"mailto:olivier.thevenaz@unil.ch\">Olivier Th\u00e9venaz<\/a>, Thibault Glardon, <a href=\"mailto:malicia.ritzmann@unil.ch\">Malicia Ritzmann<\/a> et <a href=\"mailto:aiden.catovic@unil.ch\">Aiden Catovic<\/a><\/p>\n\n\n\n<details class=\"wp-block-details is-layout-flow wp-block-details-is-layout-flow\"><summary>TALMA_Statuts_juin_2025<\/summary>\n<div data-wp-interactive=\"core\/file\" class=\"wp-block-file\"><object data-wp-bind--hidden=\"!state.hasPdfPreview\" hidden class=\"wp-block-file__embed\" data=\"https:\/\/www.asso-unil.ch\/talma\/files\/2025\/07\/statuts_talma_juin_2025.pdf\" type=\"application\/pdf\" style=\"width:100%;height:600px\" aria-label=\"Contenu embarqu\u00e9 Statuts_TALMA_juin_2025.\"><\/object><a id=\"wp-block-file--media-42d675a0-e7c3-4b5c-ab4a-c667bf613e47\" href=\"https:\/\/www.asso-unil.ch\/talma\/files\/2025\/07\/statuts_talma_juin_2025.pdf\">Statuts_TALMA_juin_2025<\/a><a href=\"https:\/\/www.asso-unil.ch\/talma\/files\/2025\/07\/statuts_talma_juin_2025.pdf\" class=\"wp-block-file__button wp-element-button\" download aria-describedby=\"wp-block-file--media-42d675a0-e7c3-4b5c-ab4a-c667bf613e47\">T\u00e9l\u00e9charger<\/a><\/div>\n<\/details>\n","protected":false},"excerpt":{"rendered":"<p>Comit\u00e9 :&nbsp; Pr\u00e9sident : Loris Ferrari Vice-pr\u00e9sidente : Charlotte Emaresi Secr\u00e9taire : Delphine Comte Tr\u00e9sorier &amp; Administrateur : Matteo Capponi Membres: Olivier Th\u00e9venaz, Thibault Glardon, Malicia Ritzmann et Aiden Catovic<\/p>\n","protected":false},"author":1001311,"featured_media":0,"parent":0,"menu_order":0,"comment_status":"closed","ping_status":"closed","template":"","meta":{"_seopress_robots_primary_cat":"","_seopress_titles_title":"","_seopress_titles_desc":"","_seopress_robots_index":"","footnotes":""},"class_list":["post-1227","page","type-page","status-publish"],"_links":{"self":[{"href":"https:\/\/www.asso-unil.ch\/talma\/wp-json\/wp\/v2\/pages\/1227","targetHints":{"allow":["GET"]}}],"collection":[{"href":"https:\/\/www.asso-unil.ch\/talma\/wp-json\/wp\/v2\/pages"}],"about":[{"href":"https:\/\/www.asso-unil.ch\/talma\/wp-json\/wp\/v2\/types\/page"}],"author":[{"embeddable":true,"href":"https:\/\/www.asso-unil.ch\/talma\/wp-json\/wp\/v2\/users\/1001311"}],"replies":[{"embeddable":true,"href":"https:\/\/www.asso-unil.ch\/talma\/wp-json\/wp\/v2\/comments?post=1227"}],"version-history":[{"count":4,"href":"https:\/\/www.asso-unil.ch\/talma\/wp-json\/wp\/v2\/pages\/1227\/revisions"}],"predecessor-version":[{"id":1382,"href":"https:\/\/www.asso-unil.ch\/talma\/wp-json\/wp\/v2\/pages\/1227\/revisions\/1382"}],"wp:attachment":[{"href":"https:\/\/www.asso-unil.ch\/talma\/wp-json\/wp\/v2\/media?parent=1227"}],"curies":[{"name":"wp","href":"https:\/\/api.w.org\/{rel}","templated":true}]}}