{"id":110,"date":"2019-03-05T13:05:24","date_gmt":"2019-03-05T12:05:24","guid":{"rendered":"http:\/\/www.asso-unil.ch\/talma\/?page_id=110"},"modified":"2019-03-05T13:05:54","modified_gmt":"2019-03-05T12:05:54","slug":"petits-dejeuners-poetiques","status":"publish","type":"page","link":"https:\/\/www.asso-unil.ch\/talma\/poesie\/petits-dejeuners-poetiques\/","title":{"rendered":"Petits-d\u00e9jeuners po\u00e9tiques"},"content":{"rendered":"<p>L\u2019id\u00e9e ? Amener de la nourriture et des po\u00e8mes avec ou sans lien avec l\u2019Antiquit\u00e9, anciens ou contemporains, d\u2019auteur ou personnels, en traduction ou en diverses langues pour les r\u00e9citer, les partager, en discuter et les faire dialoguer en toute d\u00e9contraction. Un th\u00e8me ouvert, \u00e0 prendre dans tous les sens possibles et toujours diff\u00e9rent, oriente des discussions passionnantes qui se nouent au fil des lectures et des bouch\u00e9es.\u00a0Tous sont bienvenus, po\u00e8tes, \u00e9picuriens, ou les deux, avec un ou des po\u00e8mes ou par simple curiosit\u00e9.<\/p>\n<p>\u00c7a se passe en g\u00e9n\u00e9ral le premier jeudi du mois, d\u00e8s 8H30, \u00e0 l\u2019Anthropole (toutes les infos <a href=\"https:\/\/www.facebook.com\/TALMApo\u00e9sie-2394939484125548\/?modal=composer&amp;notif_id=1551174322134191&amp;notif_t=aymt_upsell_tip&amp;ref=notif]\" target=\"_blank\" rel=\"noopener noreferrer\">ici<\/a>).<\/p>\n<p>Prochain d\u00e9jeuner po\u00e9tique\u00a0: jeudi 7 mars 2019, 8H30\u00a0:\u00a0\u00c9CRITURE<\/p>\n<p>&nbsp;<\/p>\n<p>Pr\u00e9c\u00e9demment :<\/p>\n<p>14 f\u00e9vrier 2019\u00a0: BAISER<\/p>\n<p>05 janvier 2019\u00a0: ROIS<\/p>\n<p>13 d\u00e9cembre 2018\u00a0: MUSIQUE<\/p>\n<p>06 novembre 2018\u00a0: POEMES BREFS<\/p>\n","protected":false},"excerpt":{"rendered":"<p>L\u2019id\u00e9e ? Amener de la nourriture et des po\u00e8mes avec ou sans lien avec l\u2019Antiquit\u00e9, anciens ou contemporains, d\u2019auteur ou personnels, en traduction ou en diverses langues pour les r\u00e9citer, les partager, en discuter et les faire dialoguer en toute<\/p>\n","protected":false},"author":1001168,"featured_media":0,"parent":59,"menu_order":0,"comment_status":"closed","ping_status":"closed","template":"","meta":{"_seopress_robots_primary_cat":"","_seopress_titles_title":"","_seopress_titles_desc":"","_seopress_robots_index":"","footnotes":""},"class_list":["post-110","page","type-page","status-publish"],"_links":{"self":[{"href":"https:\/\/www.asso-unil.ch\/talma\/wp-json\/wp\/v2\/pages\/110","targetHints":{"allow":["GET"]}}],"collection":[{"href":"https:\/\/www.asso-unil.ch\/talma\/wp-json\/wp\/v2\/pages"}],"about":[{"href":"https:\/\/www.asso-unil.ch\/talma\/wp-json\/wp\/v2\/types\/page"}],"author":[{"embeddable":true,"href":"https:\/\/www.asso-unil.ch\/talma\/wp-json\/wp\/v2\/users\/1001168"}],"replies":[{"embeddable":true,"href":"https:\/\/www.asso-unil.ch\/talma\/wp-json\/wp\/v2\/comments?post=110"}],"version-history":[{"count":0,"href":"https:\/\/www.asso-unil.ch\/talma\/wp-json\/wp\/v2\/pages\/110\/revisions"}],"up":[{"embeddable":true,"href":"https:\/\/www.asso-unil.ch\/talma\/wp-json\/wp\/v2\/pages\/59"}],"wp:attachment":[{"href":"https:\/\/www.asso-unil.ch\/talma\/wp-json\/wp\/v2\/media?parent=110"}],"curies":[{"name":"wp","href":"https:\/\/api.w.org\/{rel}","templated":true}]}}