{"id":106,"date":"2019-03-05T12:59:01","date_gmt":"2019-03-05T11:59:01","guid":{"rendered":"http:\/\/www.asso-unil.ch\/talma\/?page_id=106"},"modified":"2019-03-05T17:05:20","modified_gmt":"2019-03-05T16:05:20","slug":"vers-2-rves-rome-rappe-ses-murs","status":"publish","type":"page","link":"https:\/\/www.asso-unil.ch\/talma\/poesie\/performances-au-printemps-de-la-poesie\/vers-2-rves-rome-rappe-ses-murs\/","title":{"rendered":"VERS 2 RVES : ROME RAPPE SES MURS"},"content":{"rendered":"<p><span lang=\"FR\">Marginales mais omnipr\u00e9sentes dans le monde romain, les inscriptions en vers constituent la r\u00e9f\u00e9rence premi\u00e8re de formes po\u00e9tiques comme l\u2019\u00e9pigramme et se nourrissent en retour de litt\u00e9rature reconnue. Des tombes aux graffiti \u00e9rotiques, elles sont au carrefour de l\u2019\u00e9crit et de l\u2019oral, \u00e0 la crois\u00e9e o\u00f9 se rencontrent le noble et le commun, dans leur expression comme dans leur public. L\u2019art du rap et du graff r\u00e9-inscrit ces po\u00e8mes dans le contemporain, met en relief par la performance la dimension concr\u00e8te de leur son, de leur rythme, de leur support. La rue chante et les murs prennent vie, autour du Mus\u00e9e romain de Vidy.<\/span><\/p>\n<p>jeudi 22 mars, 17h00 | <a href=\"https:\/\/www.lausanne.ch\/vie-pratique\/culture\/musees\/mrv\">Mus\u00e9e romain de Vidy<\/a>, Ch.\u00a0du Bois-de-Vaux 24, Lausanne<br \/>\ndans le cadre du <a href=\"https:\/\/printempspoesie.ch\/wordpress\/event\/vers-de-rues-rome-rappe-ses-murs\/\" target=\"_blank\" rel=\"noopener noreferrer\">Printemps de la po\u00e9sie<\/a><br \/>\nSon et musique | Synergie Monadique<br \/>\nGraffs | Jos\u00e9 &amp; CRBZ<br \/>\nConception | Olivier Th\u00e9venaz et Dylan Bovet<\/p>\n<p>Compte rendu par les Nouvelles Universitaires Lausannoises (<a href=\"https:\/\/www.asso-unil.ch\/nul\/\" target=\"_blank\" rel=\"noopener noreferrer\">NUL<\/a>) :<\/p>\n<p><iframe loading=\"lazy\" title=\"NUL\/Rome rappe ses murs\" width=\"720\" height=\"405\" src=\"https:\/\/www.youtube.com\/embed\/DPbKkVRuEis?feature=oembed\" frameborder=\"0\" allow=\"accelerometer; autoplay; encrypted-media; gyroscope; picture-in-picture\" allowfullscreen><\/iframe><\/p>\n","protected":false},"excerpt":{"rendered":"<p>Marginales mais omnipr\u00e9sentes dans le monde romain, les inscriptions en vers constituent la r\u00e9f\u00e9rence premi\u00e8re de formes po\u00e9tiques comme l\u2019\u00e9pigramme et se nourrissent en retour de litt\u00e9rature reconnue. Des tombes aux graffiti \u00e9rotiques, elles sont au carrefour de l\u2019\u00e9crit et<\/p>\n","protected":false},"author":1001168,"featured_media":0,"parent":97,"menu_order":0,"comment_status":"closed","ping_status":"closed","template":"","meta":{"_seopress_robots_primary_cat":"","_seopress_titles_title":"","_seopress_titles_desc":"","_seopress_robots_index":"","footnotes":""},"class_list":["post-106","page","type-page","status-publish"],"_links":{"self":[{"href":"https:\/\/www.asso-unil.ch\/talma\/wp-json\/wp\/v2\/pages\/106","targetHints":{"allow":["GET"]}}],"collection":[{"href":"https:\/\/www.asso-unil.ch\/talma\/wp-json\/wp\/v2\/pages"}],"about":[{"href":"https:\/\/www.asso-unil.ch\/talma\/wp-json\/wp\/v2\/types\/page"}],"author":[{"embeddable":true,"href":"https:\/\/www.asso-unil.ch\/talma\/wp-json\/wp\/v2\/users\/1001168"}],"replies":[{"embeddable":true,"href":"https:\/\/www.asso-unil.ch\/talma\/wp-json\/wp\/v2\/comments?post=106"}],"version-history":[{"count":0,"href":"https:\/\/www.asso-unil.ch\/talma\/wp-json\/wp\/v2\/pages\/106\/revisions"}],"up":[{"embeddable":true,"href":"https:\/\/www.asso-unil.ch\/talma\/wp-json\/wp\/v2\/pages\/97"}],"wp:attachment":[{"href":"https:\/\/www.asso-unil.ch\/talma\/wp-json\/wp\/v2\/media?parent=106"}],"curies":[{"name":"wp","href":"https:\/\/api.w.org\/{rel}","templated":true}]}}