{"id":1051,"date":"2024-10-25T11:45:34","date_gmt":"2024-10-25T09:45:34","guid":{"rendered":"https:\/\/www.asso-unil.ch\/talma\/?page_id=1051"},"modified":"2025-12-10T17:10:34","modified_gmt":"2025-12-10T16:10:34","slug":"la-voix-des-morts-creation-24-25","status":"publish","type":"page","link":"https:\/\/www.asso-unil.ch\/talma\/theatre\/la-voix-des-morts-creation-24-25\/","title":{"rendered":"\u00ab\u00a0La Compagnie des Morts \u00bb (cr\u00e9ation 24-25)"},"content":{"rendered":"<div class=\"wp-block-image\">\n<figure class=\"aligncenter size-full\"><img alt=\"\" loading=\"lazy\" decoding=\"async\" width=\"850\" height=\"503\" src=\"https:\/\/www.asso-unil.ch\/talma\/files\/2025\/03\/image.png\" alt=\"\" class=\"wp-image-1154\" srcset=\"https:\/\/www.asso-unil.ch\/talma\/files\/2025\/03\/image.png 850w, https:\/\/www.asso-unil.ch\/talma\/files\/2025\/03\/image-300x178.png 300w, https:\/\/www.asso-unil.ch\/talma\/files\/2025\/03\/image-768x454.png 768w\" sizes=\"auto, (max-width: 850px) 100vw, 850px\" \/><\/figure>\n<\/div>\n\n\n<p>Que la terre te soit l\u00e9g\u00e8re&nbsp;!&nbsp;\u00bb C\u2019est ce que les Romains souhaitaient \u00e0 leurs morts. Pas le paradis. Juste le souci que les d\u00e9funts, leurs os, leurs ombres, trouvent le repos sous terre.<\/p>\n\n\n\n<p>Mais les morts n\u2019\u00e9taient pas en reste, ils leur parlaient aussi. Leurs \u00e9pitaphes \u2013 leurs pierres tombales \u2013 interpellaient les vivants. Elles d\u00e9clinaient leurs noms, leurs biographies, parfois dr\u00f4les, parfois tragiques&#8230; Ainsi, les morts gardaient contact avec les vivants, et r\u00e9ciproquement.&nbsp;<\/p>\n\n\n\n<p>La Cie TALMA puise dans cette mati\u00e8re pour sa nouvelle cr\u00e9ation. Elle s\u2019est pench\u00e9e sur les rites fun\u00e9raires antiques, a sillonn\u00e9 les n\u00e9cropoles, fouill\u00e9 dans les histoires d\u2019outre-tombe, pour tenter de restaurer le dialogue avec ces morts \u00e9mouvants, souvent d\u2019humble origine.<\/p>\n\n\n\n<p>A travers eux, bien s\u00fbr, ce sont nos propres morts qui se mettent \u00e0 remuer. Marginalis\u00e9s, invisibilis\u00e9s, rendus muets dans nos soci\u00e9t\u00e9s occidentales\u2026 ils ont pourtant tant \u00e0 nous dire. Se pourrait-il que les anciens nous (r\u00e9)apprennent \u00e0 vivre en leur compagnie&nbsp;?<\/p>\n\n\n\n<p><\/p>\n\n\n\n<p><strong>Dates des repr\u00e9sentations : <\/strong><\/p>\n\n\n\n<p>Les je 27 et ve 28 mars 2025 \u00e0 20h00, le sa 29 mars 2025 \u00e0 19h00 et le di 30 mars 2025 \u00e0 17h00 \u00e0 la Maison de Quartier de Chailly : <a href=\"https:\/\/www.m-q-c.ch\/spectacle\/la-compagnie-des-morts\/\">R\u00e9servations<\/a> et <a href=\"https:\/\/www.bing.com\/maps?pglt=299&amp;q=Maison+de+Quartier+de+Chailly&amp;cvid=c3d3065785004e9f86ee48b9e3905e8a&amp;gs_lcrp=EgRlZGdlKgYIABBFGDkyBggAEEUYOTIGCAEQABhAMgYIAhAAGEAyBggDEAAYQDIGCAQQABhAMgYIBRAAGEAyBggGEAAYQDIGCAcQRRg9MgYICBBFGD3SAQc3NzBqMGoxqAIAsAIA&amp;FORM=ANNTA1&amp;PC=LCTS\">plan du lieu<\/a><\/p>\n\n\n\n<p>Le ve 23 mai 2025 \u00e0 20h00 au festival F\u00e9cule \u00e0 La Grange : <a href=\"https:\/\/www.grange-unil.ch\/evenement\/la-compagnie-des-morts\/\" data-type=\"link\" data-id=\"https:\/\/www.grange-unil.ch\/evenement\/la-compagnie-des-morts\/\">R\u00e9servations<\/a>  et <a href=\"https:\/\/www.google.com\/maps\/place\/UNIL+-+Grange+de+Dorigny\/@46.5241596,6.5819156,15z\/data=!4m2!3m1!1s0x0:0x9d2c02d264b32bcf?sa=X&amp;ved=2ahUKEwjG1uDWi7PzAhUVt6QKHXA5DqgQ_BJ6BAhSEAU\">plan du lieu<\/a><\/p>\n\n\n\n<p>Dur\u00e9e du spectacle&nbsp;: 1h30<\/p>\n\n\n\n<p> \u00c2ge conseill\u00e9: d\u00e8s 8 ans<\/p>\n\n\n\n<p><\/p>\n\n\n\n<p><strong>Distribution<\/strong><\/p>\n\n\n\n<div class=\"wp-block-group\"><div class=\"wp-block-group__inner-container is-layout-constrained wp-block-group-is-layout-constrained\">\n<p>Mise en sc\u00e8ne et dramaturgie: Matteo Capponi et Cl\u00e9mentine Glardon<\/p>\n\n\n\n<p>Traduction: Dylan Bovet et Olivier Th\u00e9venaz<\/p>\n\n\n\n<p>Musique: Christophe Gonet<\/p>\n\n\n\n<p>Cr\u00e9ation lumi\u00e8re: David Baumgartner<\/p>\n\n\n\n<p>Technique: Aiden Catovic<\/p>\n\n\n\n<p>Photographie: Carole Coi<\/p>\n\n\n\n<p>Sc\u00e9nographie: Luka Lehrian et Thibault Glardon<\/p>\n\n\n\n<p>Costumes: Julie Vandermensbrugghe et Carla Cherix <\/p>\n\n\n\n<p>Graphisme: Eva Romero<\/p>\n\n\n\n<p>M\u00e9dias et communication: Loris Ferrari et Delphine Comte<\/p>\n\n\n\n<p>Avec: Asya Bendani, F\u00e9lix Blandin, Soraya Buschini, Carla Cherix, Delphine Comte, Amos Dollfus, Charlotte Emaresi, Loris Ferrari, Cl\u00e9mentine Glardon, Thibault Glardon, Esteban Jayet, Thomas von Kaenel, Luka Lehrian,Val\u00e9rie Mermoud, Malicia Ritzmann, Julie Vandermensbrugghe, Mi W\u00e4lli<\/p>\n\n\n\n<p class=\"has-text-align-center has-large-font-size\"><a href=\"https:\/\/www.asso-unil.ch\/talma\/theatre\/la-voix-des-morts-creation-24-25\/galerie-photo-la-compagnie-des-morts-2024-2025\/\"><strong><mark class=\"has-inline-color has-vivid-red-color\">Galerie photos<\/mark><\/strong><\/a><\/p>\n<\/div><\/div>\n\n\n\n<p><\/p>\n\n\n\n<figure class=\"wp-block-image size-large\"><img alt=\"\" loading=\"lazy\" decoding=\"async\" width=\"1024\" height=\"724\" src=\"https:\/\/www.asso-unil.ch\/talma\/files\/2025\/03\/Flyer_A5-1024x724.jpg\" alt=\"\" class=\"wp-image-1156\" srcset=\"https:\/\/www.asso-unil.ch\/talma\/files\/2025\/03\/Flyer_A5-1024x724.jpg 1024w, https:\/\/www.asso-unil.ch\/talma\/files\/2025\/03\/Flyer_A5-300x212.jpg 300w, https:\/\/www.asso-unil.ch\/talma\/files\/2025\/03\/Flyer_A5-768x543.jpg 768w, https:\/\/www.asso-unil.ch\/talma\/files\/2025\/03\/Flyer_A5-1536x1086.jpg 1536w, https:\/\/www.asso-unil.ch\/talma\/files\/2025\/03\/Flyer_A5.jpg 1697w\" sizes=\"auto, (max-width: 1024px) 100vw, 1024px\" \/><\/figure>\n","protected":false},"excerpt":{"rendered":"<p>Que la terre te soit l\u00e9g\u00e8re&nbsp;!&nbsp;\u00bb C\u2019est ce que les Romains souhaitaient \u00e0 leurs morts. Pas le paradis. Juste le souci que les d\u00e9funts, leurs os, leurs ombres, trouvent le repos sous terre. Mais les morts n\u2019\u00e9taient pas en reste,<\/p>\n","protected":false},"author":1001311,"featured_media":0,"parent":65,"menu_order":0,"comment_status":"open","ping_status":"closed","template":"","meta":{"_seopress_robots_primary_cat":"","_seopress_titles_title":"","_seopress_titles_desc":"","_seopress_robots_index":"","footnotes":""},"class_list":["post-1051","page","type-page","status-publish"],"_links":{"self":[{"href":"https:\/\/www.asso-unil.ch\/talma\/wp-json\/wp\/v2\/pages\/1051","targetHints":{"allow":["GET"]}}],"collection":[{"href":"https:\/\/www.asso-unil.ch\/talma\/wp-json\/wp\/v2\/pages"}],"about":[{"href":"https:\/\/www.asso-unil.ch\/talma\/wp-json\/wp\/v2\/types\/page"}],"author":[{"embeddable":true,"href":"https:\/\/www.asso-unil.ch\/talma\/wp-json\/wp\/v2\/users\/1001311"}],"replies":[{"embeddable":true,"href":"https:\/\/www.asso-unil.ch\/talma\/wp-json\/wp\/v2\/comments?post=1051"}],"version-history":[{"count":5,"href":"https:\/\/www.asso-unil.ch\/talma\/wp-json\/wp\/v2\/pages\/1051\/revisions"}],"predecessor-version":[{"id":1411,"href":"https:\/\/www.asso-unil.ch\/talma\/wp-json\/wp\/v2\/pages\/1051\/revisions\/1411"}],"up":[{"embeddable":true,"href":"https:\/\/www.asso-unil.ch\/talma\/wp-json\/wp\/v2\/pages\/65"}],"wp:attachment":[{"href":"https:\/\/www.asso-unil.ch\/talma\/wp-json\/wp\/v2\/media?parent=1051"}],"curies":[{"name":"wp","href":"https:\/\/api.w.org\/{rel}","templated":true}]}}