{"id":1028,"date":"2024-10-25T11:22:36","date_gmt":"2024-10-25T09:22:36","guid":{"rendered":"https:\/\/www.asso-unil.ch\/talma\/?page_id=1028"},"modified":"2026-03-03T11:04:41","modified_gmt":"2026-03-03T10:04:41","slug":"archive-anciens-projets","status":"publish","type":"page","link":"https:\/\/www.asso-unil.ch\/talma\/theatre\/archive-anciens-projets\/","title":{"rendered":"Archive anciens projets"},"content":{"rendered":"\n<div class=\"wp-block-cover\"><img alt=\"\" loading=\"lazy\" decoding=\"async\" width=\"1024\" height=\"683\" class=\"wp-block-cover__image-background wp-image-800\" alt=\"\" src=\"https:\/\/www.asso-unil.ch\/talma\/files\/2023\/05\/DSC_4303-1024x683.jpg\" data-object-fit=\"cover\" srcset=\"https:\/\/www.asso-unil.ch\/talma\/files\/2023\/05\/DSC_4303-1024x683.jpg 1024w, https:\/\/www.asso-unil.ch\/talma\/files\/2023\/05\/DSC_4303-300x200.jpg 300w, https:\/\/www.asso-unil.ch\/talma\/files\/2023\/05\/DSC_4303-768x512.jpg 768w, https:\/\/www.asso-unil.ch\/talma\/files\/2023\/05\/DSC_4303-1536x1024.jpg 1536w, https:\/\/www.asso-unil.ch\/talma\/files\/2023\/05\/DSC_4303.jpg 1800w\" sizes=\"auto, (max-width: 1024px) 100vw, 1024px\" \/><span aria-hidden=\"true\" class=\"wp-block-cover__background has-background-dim\"><\/span><div class=\"wp-block-cover__inner-container is-layout-flow wp-block-cover-is-layout-flow\">\n<p><\/p>\n\n\n\n<p><\/p>\n\n\n\n<p><\/p>\n\n\n\n<p><\/p>\n\n\n\n<p><\/p>\n\n\n\n<p class=\"has-text-align-center has-medium-font-size\"><\/p>\n\n\n\n<p><\/p>\n\n\n\n<p class=\"has-text-align-right\"><\/p>\n<\/div><\/div>\n\n\n\n<p class=\"has-text-align-right\">\u00a9&nbsp;Loris Ferrari<\/p>\n\n\n\n<p class=\"has-text-align-center has-medium-font-size\">TALMA c&rsquo;est bient\u00f4t dix ann\u00e9es d&rsquo;existences et d\u00e9j\u00e0 de nombreux projets th\u00e9\u00e2traux accomplis !<\/p>\n\n\n\n<p>Un premier spectacle a vu le jour en 2016, pour f\u00eater les 2000 ans de la mort d\u2019Ovide : <strong><a href=\"https:\/\/www.asso-unil.ch\/talma\/theatre\/amours-vaches-creation-2017\/\" target=\"_blank\" rel=\"noreferrer noopener\"><em>Amours vaches<\/em><\/a>.<\/strong><br>Suite \u00e0 une tourn\u00e9e stimulante, une association est a \u00e9t\u00e9 cr\u00e9\u00e9e pour p\u00e9renniser la troupe.<\/p>\n\n\n\n<p>En 2019, TALMA se lance dans une nouvelle cr\u00e9ation, une \u00e9pop\u00e9e : <a href=\"https:\/\/www.asso-unil.ch\/talma\/theatre\/mille-et-une-iliades-creation-2019\/\" target=\"_blank\" rel=\"noreferrer noopener\"><em><strong>Mille et une Iliades<\/strong><\/em><\/a>.<\/p>\n\n\n\n<p>Entre 2020 et 2021, COVID oblige, TALMA se tourne vers le cin\u00e9ma et r\u00e9alise un film interactif \u00e0 partir des <strong><em>M\u00e9tamorphoses <\/em>d&rsquo;Apul\u00e9e<\/strong>.<\/p>\n\n\n\n<p>En 2022, elle s&rsquo;attaque \u00e0 la com\u00e9die ancienne et pr\u00e9sente un grand <em><strong><a href=\"https:\/\/www.asso-unil.ch\/talma\/theatre\/aristophane-comic-circus\/\" target=\"_blank\" rel=\"noreferrer noopener\">Aristophane Comic Circus<\/a>.<\/strong><\/em><\/p>\n\n\n\n<p>En 2023, ce ne sera rien de moins que Virgile \u2013 mais pour <strong><a href=\"https:\/\/www.asso-unil.ch\/talma\/theatre\/une-autre-eneide-creation-2023\/\" target=\"_blank\" rel=\"noreferrer noopener\">une autre En\u00e9ide<\/a><\/strong> !<\/p>\n\n\n\n<p>Au printemps 2024, retour \u00e0 Aristophane, pour une cr\u00e9ation du <a href=\"https:\/\/www.asso-unil.ch\/talma\/theatre\/aristophane-ploutos-dieu-du-pognon\/\" target=\"_blank\" rel=\"noreferrer noopener\"><strong><em>Ploutos<\/em> d&rsquo;Aristophane<\/strong><\/a>, hautement chorale et musicale !<\/p>\n\n\n\n<p>Entre septembre 2024 et juin 2025 TALMA visite l&rsquo;au-del\u00e0 avec <em><a href=\"https:\/\/www.asso-unil.ch\/talma\/theatre\/la-voix-des-morts-creation-24-25\/\"><strong>La Compagnie des Morts<\/strong><\/a><\/em>, une cr\u00e9ation originale sur les rites fun\u00e9raires romains !<\/p>\n\n\n\n<p><\/p>\n","protected":false},"excerpt":{"rendered":"<p>\u00a9&nbsp;Loris Ferrari TALMA c&rsquo;est bient\u00f4t dix ann\u00e9es d&rsquo;existences et d\u00e9j\u00e0 de nombreux projets th\u00e9\u00e2traux accomplis ! Un premier spectacle a vu le jour en 2016, pour f\u00eater les 2000 ans de la mort d\u2019Ovide : Amours vaches.Suite \u00e0 une tourn\u00e9e<\/p>\n","protected":false},"author":1001311,"featured_media":0,"parent":65,"menu_order":0,"comment_status":"closed","ping_status":"closed","template":"","meta":{"_seopress_robots_primary_cat":"","_seopress_titles_title":"","_seopress_titles_desc":"","_seopress_robots_index":"","footnotes":""},"class_list":["post-1028","page","type-page","status-publish"],"_links":{"self":[{"href":"https:\/\/www.asso-unil.ch\/talma\/wp-json\/wp\/v2\/pages\/1028","targetHints":{"allow":["GET"]}}],"collection":[{"href":"https:\/\/www.asso-unil.ch\/talma\/wp-json\/wp\/v2\/pages"}],"about":[{"href":"https:\/\/www.asso-unil.ch\/talma\/wp-json\/wp\/v2\/types\/page"}],"author":[{"embeddable":true,"href":"https:\/\/www.asso-unil.ch\/talma\/wp-json\/wp\/v2\/users\/1001311"}],"replies":[{"embeddable":true,"href":"https:\/\/www.asso-unil.ch\/talma\/wp-json\/wp\/v2\/comments?post=1028"}],"version-history":[{"count":4,"href":"https:\/\/www.asso-unil.ch\/talma\/wp-json\/wp\/v2\/pages\/1028\/revisions"}],"predecessor-version":[{"id":1394,"href":"https:\/\/www.asso-unil.ch\/talma\/wp-json\/wp\/v2\/pages\/1028\/revisions\/1394"}],"up":[{"embeddable":true,"href":"https:\/\/www.asso-unil.ch\/talma\/wp-json\/wp\/v2\/pages\/65"}],"wp:attachment":[{"href":"https:\/\/www.asso-unil.ch\/talma\/wp-json\/wp\/v2\/media?parent=1028"}],"curies":[{"name":"wp","href":"https:\/\/api.w.org\/{rel}","templated":true}]}}