{"id":7,"date":"2019-11-28T16:00:38","date_gmt":"2019-11-28T15:00:38","guid":{"rendered":"http:\/\/www.asso-unil.ch\/modele\/?page_id=7"},"modified":"2023-10-24T09:11:03","modified_gmt":"2023-10-24T07:11:03","slug":"home","status":"publish","type":"page","link":"https:\/\/www.asso-unil.ch\/shape\/","title":{"rendered":"Shape"},"content":{"rendered":"\n<figure class=\"wp-block-image size-large\"><img alt=\"\" loading=\"lazy\" decoding=\"async\" width=\"1024\" height=\"376\" src=\"https:\/\/www.asso-unil.ch\/shape\/files\/2023\/02\/logo-1-e1677571485223-1024x376.png\" alt=\"\" class=\"wp-image-148\" srcset=\"https:\/\/www.asso-unil.ch\/shape\/files\/2023\/02\/logo-1-e1677571485223-1024x376.png 1024w, https:\/\/www.asso-unil.ch\/shape\/files\/2023\/02\/logo-1-e1677571485223-300x110.png 300w, https:\/\/www.asso-unil.ch\/shape\/files\/2023\/02\/logo-1-e1677571485223-768x282.png 768w, https:\/\/www.asso-unil.ch\/shape\/files\/2023\/02\/logo-1-e1677571485223-1536x564.png 1536w, https:\/\/www.asso-unil.ch\/shape\/files\/2023\/02\/logo-1-e1677571485223-540x198.png 540w, https:\/\/www.asso-unil.ch\/shape\/files\/2023\/02\/logo-1-e1677571485223-1080x397.png 1080w, https:\/\/www.asso-unil.ch\/shape\/files\/2023\/02\/logo-1-e1677571485223.png 1920w\" sizes=\"auto, (max-width: 1024px) 100vw, 1024px\" \/><\/figure>\n\n\n\n<p class=\"has-larger-font-size\">Dessiner en marge de son cursus ou de son engagement \u00e0 l&rsquo;UNIL ou l&rsquo;EPFL&nbsp;? L&rsquo;association universitaire SHAPE propose tous les lundis du semestre des sessions de dessin de deux heures ouvertes \u00e0 toutes et tous.<\/p>\n\n\n\n<div class=\"wp-block-columns alignwide is-layout-flex wp-container-core-columns-is-layout-9d6595d7 wp-block-columns-is-layout-flex\">\n<div class=\"wp-block-column has-text-color has-background has-link-color wp-elements-e4297581c71d525e0c86c15174811e85 is-layout-flow wp-block-column-is-layout-flow\" style=\"color:#000000;background-color:#ed948ab3;padding-top:2em;padding-right:2em;padding-bottom:2em;padding-left:2em\">\n<h2 class=\"wp-block-heading has-larger-font-size\" id=\"single\"><strong>S\u00e9ance libre<\/strong><\/h2>\n\n\n\n<p class=\"has-normal-font-size\" style=\"line-height:1.5\"><strong>Possibilit\u00e9 de travailler soit sur des projets propos\u00e9s par l\u2019association, soit sur des travaux personnels.<\/strong><\/p>\n\n\n\n<figure class=\"wp-block-image size-full\"><img alt=\"\" loading=\"lazy\" decoding=\"async\" width=\"640\" height=\"640\" src=\"https:\/\/www.asso-unil.ch\/shape\/files\/2022\/08\/unknown-28.jpeg\" alt=\"\" class=\"wp-image-71\" srcset=\"https:\/\/www.asso-unil.ch\/shape\/files\/2022\/08\/unknown-28.jpeg 640w, https:\/\/www.asso-unil.ch\/shape\/files\/2022\/08\/unknown-28-300x300.jpeg 300w, https:\/\/www.asso-unil.ch\/shape\/files\/2022\/08\/unknown-28-150x150.jpeg 150w\" sizes=\"auto, (max-width: 640px) 100vw, 640px\" \/><\/figure>\n<\/div>\n\n\n\n<div class=\"wp-block-column has-text-color has-background has-link-color wp-elements-4473c9a4be5f0cc9185cadd9e4a5fbbc is-layout-flow wp-block-column-is-layout-flow\" style=\"color:#000000;background-color:#c1dec4c7;padding-top:2em;padding-right:2em;padding-bottom:2em;padding-left:2em\">\n<h2 class=\"wp-block-heading has-larger-font-size\" id=\"family\"><strong>S\u00e9ance mod\u00e8le<\/strong><\/h2>\n\n\n\n<p class=\"has-normal-font-size\" style=\"line-height:1.5\"><strong>S\u00e9ance de dessin en groupe avec la pr\u00e9sence d\u2019un mod\u00e8le costum\u00e9 ou nu. Participation \u00e0 un prix libre.<\/strong><\/p>\n\n\n\n<figure class=\"wp-block-image size-full\"><img alt=\"\" loading=\"lazy\" decoding=\"async\" width=\"640\" height=\"640\" src=\"https:\/\/www.asso-unil.ch\/shape\/files\/2022\/08\/unknown-31.jpeg\" alt=\"\" class=\"wp-image-74\" srcset=\"https:\/\/www.asso-unil.ch\/shape\/files\/2022\/08\/unknown-31.jpeg 640w, https:\/\/www.asso-unil.ch\/shape\/files\/2022\/08\/unknown-31-300x300.jpeg 300w, https:\/\/www.asso-unil.ch\/shape\/files\/2022\/08\/unknown-31-150x150.jpeg 150w\" sizes=\"auto, (max-width: 640px) 100vw, 640px\" \/><\/figure>\n\n\n\n<div class=\"wp-block-buttons alignfull is-horizontal is-content-justification-center is-layout-flex wp-container-core-buttons-is-layout-499968f5 wp-block-buttons-is-layout-flex\"><\/div>\n<\/div>\n<\/div>\n\n\n\n<div class=\"wp-block-columns alignwide is-layout-flex wp-container-core-columns-is-layout-9d6595d7 wp-block-columns-is-layout-flex\">\n<div class=\"wp-block-column has-text-color has-background has-link-color wp-elements-1dc90a35664fc524800f87838b8038e8 is-layout-flow wp-block-column-is-layout-flow\" style=\"color:#000000;background-color:#ffc363b5;padding-top:2em;padding-right:2em;padding-bottom:2em;padding-left:2em\">\n<h2 class=\"wp-block-heading has-larger-font-size\"><strong>Calendrier<\/strong> 2023<\/h2>\n\n\n\n<p><strong>Les lundis du semestre de printemps 2023, de 18h \u00e0 20h \u00e0 la salle 2120 de l&rsquo;Anthropole \u00e0 l&rsquo;UNIL <\/strong><\/p>\n\n\n\n<p>Acc\u00e8s: M1 UNIL-Chambronne<\/p>\n\n\n\n<ul class=\"wp-block-list\">\n<li>20.02 Libre<\/li>\n\n\n\n<li>27.02 Mod\u00e8le<\/li>\n\n\n\n<li>06.03&nbsp;Libre&nbsp;<\/li>\n\n\n\n<li>13.03&nbsp;Mod\u00e8le&nbsp;<\/li>\n\n\n\n<li>20.03&nbsp;Libre&nbsp;<\/li>\n\n\n\n<li>27.03&nbsp;Mod\u00e8le<\/li>\n\n\n\n<li>03.04&nbsp;Libre&nbsp;<\/li>\n\n\n\n<li>17.04&nbsp;Mod\u00e8le&nbsp;<\/li>\n\n\n\n<li>24.04&nbsp;Libre&nbsp;<\/li>\n\n\n\n<li>01.05&nbsp;Mod\u00e8le<\/li>\n\n\n\n<li>08.05&nbsp;Libre&nbsp;<\/li>\n\n\n\n<li>15.05&nbsp;Mod\u00e8le&nbsp;<\/li>\n\n\n\n<li>22.05 Libre<\/li>\n<\/ul>\n<\/div>\n\n\n\n<div class=\"wp-block-column has-text-color has-background has-link-color wp-elements-555bcad62c1bd47fc2ea7baac22fe22d is-layout-flow wp-block-column-is-layout-flow\" style=\"color:#000000;background-color:#acbcdc91;padding-top:2em;padding-right:2em;padding-bottom:2em;padding-left:2em\">\n<figure class=\"wp-block-image size-full\"><img alt=\"\" loading=\"lazy\" decoding=\"async\" width=\"640\" height=\"640\" src=\"https:\/\/www.asso-unil.ch\/shape\/files\/2022\/08\/8ADDPz1k-1.jpeg\" alt=\"\" class=\"wp-image-86\" srcset=\"https:\/\/www.asso-unil.ch\/shape\/files\/2022\/08\/8ADDPz1k-1.jpeg 640w, https:\/\/www.asso-unil.ch\/shape\/files\/2022\/08\/8ADDPz1k-1-300x300.jpeg 300w, https:\/\/www.asso-unil.ch\/shape\/files\/2022\/08\/8ADDPz1k-1-150x150.jpeg 150w\" sizes=\"auto, (max-width: 640px) 100vw, 640px\" \/><\/figure>\n\n\n\n<ul class=\"wp-block-social-links has-icon-color has-icon-background-color is-style-pill-shape is-horizontal is-content-justification-left is-layout-flex wp-container-core-social-links-is-layout-92fc3979 wp-block-social-links-is-layout-flex\"><\/ul>\n\n\n\n<ul class=\"wp-block-social-links is-layout-flex wp-block-social-links-is-layout-flex\"><\/ul>\n<\/div>\n<\/div>\n\n\n\n<p><\/p>\n","protected":false},"excerpt":{"rendered":"<p>Dessiner en marge de son cursus ou de son engagement \u00e0 l&rsquo;UNIL ou l&rsquo;EPFL&nbsp;? L&rsquo;association universitaire SHAPE propose tous les lundis du semestre des sessions de dessin de&hellip;<\/p>\n","protected":false},"author":6,"featured_media":0,"parent":0,"menu_order":0,"comment_status":"closed","ping_status":"closed","template":"","meta":{"_seopress_robots_primary_cat":"","_seopress_titles_title":"","_seopress_titles_desc":"","_seopress_robots_index":"","footnotes":""},"class_list":["post-7","page","type-page","status-publish","has-post-thumbnail"],"_links":{"self":[{"href":"https:\/\/www.asso-unil.ch\/shape\/wp-json\/wp\/v2\/pages\/7","targetHints":{"allow":["GET"]}}],"collection":[{"href":"https:\/\/www.asso-unil.ch\/shape\/wp-json\/wp\/v2\/pages"}],"about":[{"href":"https:\/\/www.asso-unil.ch\/shape\/wp-json\/wp\/v2\/types\/page"}],"author":[{"embeddable":true,"href":"https:\/\/www.asso-unil.ch\/shape\/wp-json\/wp\/v2\/users\/6"}],"replies":[{"embeddable":true,"href":"https:\/\/www.asso-unil.ch\/shape\/wp-json\/wp\/v2\/comments?post=7"}],"version-history":[{"count":0,"href":"https:\/\/www.asso-unil.ch\/shape\/wp-json\/wp\/v2\/pages\/7\/revisions"}],"wp:attachment":[{"href":"https:\/\/www.asso-unil.ch\/shape\/wp-json\/wp\/v2\/media?parent=7"}],"curies":[{"name":"wp","href":"https:\/\/api.w.org\/{rel}","templated":true}]}}