{"id":149,"date":"2023-11-29T21:51:29","date_gmt":"2023-11-29T20:51:29","guid":{"rendered":"https:\/\/www.asso-unil.ch\/sdsa-lausanne\/?page_id=149"},"modified":"2026-03-19T12:03:46","modified_gmt":"2026-03-19T11:03:46","slug":"rejoignez-nous","status":"publish","type":"page","link":"https:\/\/www.asso-unil.ch\/sdsa-lausanne\/rejoignez-nous\/","title":{"rendered":"Rejoignez-nous"},"content":{"rendered":"\n<div class=\"wp-block-columns is-layout-flex wp-container-core-columns-is-layout-9d6595d7 wp-block-columns-is-layout-flex\">\n<div class=\"wp-block-column is-layout-flow wp-block-column-is-layout-flow\">\n<p>Tu recherches une exp\u00e9rience unique qui te permettra d&rsquo;explorer les rouages fascinants de la diplomatie&nbsp;au sein d\u2019une communaut\u00e9 \u00e9tudiante&nbsp;? Tu as soif de d\u00e9couvrir de nouvelles cultures, d&rsquo;\u00e9changer des id\u00e9es et de t&rsquo;immerger dans un environnement&nbsp;jeune,&nbsp;dynamique et enrichissant ?<\/p>\n\n\n\n<p>La SDSA est\u00a0bien plus qu&rsquo;une simple association\u00a0\u00e9tudiante,\u00a0c\u2019est\u00a0une communaut\u00e9\u00a0passionn\u00e9e\u00a0et\u00a0engag\u00e9e\u00a0qui explore les enjeux qui rythment l\u2019actualit\u00e9.<\/p>\n\n\n\n<p>Parmi nous, tu pourras d\u00e9couvrir tous les rouages de la diplomatie au travers de workshops, conf\u00e9rences ou encore de sorties culturelles dans diverses institutions pour continuer \u00e0 d\u00e9velopper ton savoir sur le sujet.<\/p>\n\n\n\n<p>Rejoindre notre association, c&rsquo;est bien plus qu&rsquo;ajouter une ligne&nbsp;\u00e0&nbsp;ton CV ; c&rsquo;est une opportunit\u00e9&nbsp;de grandir sur le plan personnel et professionnel, de d\u00e9velopper des comp\u00e9tences pr\u00e9cieuses et de&nbsp;<em>tisser des liens<\/em>&nbsp;qui dureront toute une vie.<\/p>\n\n\n\n<p>Alors, qu&rsquo;attends-tu ? Rejoins-nous d\u00e8s aujourd&rsquo;hui et embarque pour une aventure&nbsp;passionnante&nbsp;au c\u0153ur de la diplomatie !<\/p>\n\n\n\n<p><strong>Int<\/strong><strong>\u00e9<\/strong><strong>ress<\/strong><strong>\u00e9<\/strong><strong>.e ? Contacte-nous d<\/strong><strong>\u00e8<\/strong><strong>s maintenant pour en savoir plus !<\/strong><\/p>\n\n\n\n<p><strong>Tu peux aussi directement postuler via le formulaire \u00e0 droite&nbsp;!<\/strong><\/p>\n<\/div>\n\n\n\n<div class=\"wp-block-column is-layout-flow wp-block-column-is-layout-flow\" style=\"flex-basis:100px\"><\/div>\n\n\n\n<div class=\"wp-block-column is-layout-flow wp-block-column-is-layout-flow\">\n<h4 class=\"wp-block-heading has-text-align-center\"><\/h4>\n\n\n\n<div class=\"wp-block-buttons is-layout-flex wp-block-buttons-is-layout-flex\">\n<div class=\"wp-block-button has-custom-width wp-block-button__width-100\"><a class=\"wp-block-button__link wp-element-button\" href=\"mailto:rh.sdsa.lausanne@gmail.com\">Envoie-nous un email<\/a><\/div>\n\n\n\n<div class=\"wp-block-button has-custom-width wp-block-button__width-100\"><a class=\"wp-block-button__link wp-element-button\" href=\"https:\/\/docs.google.com\/forms\/d\/e\/1FAIpQLSesmPEjxukQk0Eur9kuyZBDZ2YwX9jY_zyxNvq4CtzL6t1uQg\/viewform\" target=\"_blank\" rel=\"noreferrer noopener\">Formulaire de candidature<\/a><\/div>\n<\/div>\n<\/div>\n<\/div>\n\n\n\n<div class=\"wp-block-columns alignwide is-layout-flex wp-container-core-columns-is-layout-9d6595d7 wp-block-columns-is-layout-flex\"><\/div>\n","protected":false},"excerpt":{"rendered":"<p>Tu recherches une exp\u00e9rience unique qui te permettra d&rsquo;explorer les rouages fascinants de la diplomatie&nbsp;au sein d\u2019une communaut\u00e9 \u00e9tudiante&nbsp;? Tu as soif de d\u00e9couvrir de nouvelles cultures, d&rsquo;\u00e9changer&hellip;<\/p>\n","protected":false},"author":1001294,"featured_media":0,"parent":0,"menu_order":0,"comment_status":"closed","ping_status":"closed","template":"template-full-width.php","meta":{"_seopress_robots_primary_cat":"","_seopress_titles_title":"","_seopress_titles_desc":"","_seopress_robots_index":"","footnotes":""},"class_list":["post-149","page","type-page","status-publish","has-post-thumbnail"],"_links":{"self":[{"href":"https:\/\/www.asso-unil.ch\/sdsa-lausanne\/wp-json\/wp\/v2\/pages\/149","targetHints":{"allow":["GET"]}}],"collection":[{"href":"https:\/\/www.asso-unil.ch\/sdsa-lausanne\/wp-json\/wp\/v2\/pages"}],"about":[{"href":"https:\/\/www.asso-unil.ch\/sdsa-lausanne\/wp-json\/wp\/v2\/types\/page"}],"author":[{"embeddable":true,"href":"https:\/\/www.asso-unil.ch\/sdsa-lausanne\/wp-json\/wp\/v2\/users\/1001294"}],"replies":[{"embeddable":true,"href":"https:\/\/www.asso-unil.ch\/sdsa-lausanne\/wp-json\/wp\/v2\/comments?post=149"}],"version-history":[{"count":1,"href":"https:\/\/www.asso-unil.ch\/sdsa-lausanne\/wp-json\/wp\/v2\/pages\/149\/revisions"}],"predecessor-version":[{"id":683,"href":"https:\/\/www.asso-unil.ch\/sdsa-lausanne\/wp-json\/wp\/v2\/pages\/149\/revisions\/683"}],"wp:attachment":[{"href":"https:\/\/www.asso-unil.ch\/sdsa-lausanne\/wp-json\/wp\/v2\/media?parent=149"}],"curies":[{"name":"wp","href":"https:\/\/api.w.org\/{rel}","templated":true}]}}