{"id":738,"date":"2026-04-15T17:33:36","date_gmt":"2026-04-15T15:33:36","guid":{"rendered":"https:\/\/www.asso-unil.ch\/pangea\/?page_id=738"},"modified":"2026-04-15T18:37:16","modified_gmt":"2026-04-15T16:37:16","slug":"le-comite-2025-2026","status":"publish","type":"page","link":"https:\/\/www.asso-unil.ch\/pangea\/presentation\/le-comite-2025-2026\/","title":{"rendered":"Le Comit\u00e9 2025-2026"},"content":{"rendered":"\n<p id=\"block-a00a1e8b-98f0-42c2-a3b4-de6a14a04836\">Cette ann\u00e9e le comit\u00e9 de compose de 7 membres:<\/p>\n\n\n\n<p id=\"block-31ce3802-ac99-4975-95b7-15800e300855\"><strong>Pr\u00e9sident:<\/strong><\/p>\n\n\n\n<p id=\"block-174340d0-4712-44da-9f31-a9d4f7d1bab5\"><em>Arnaud Hundt (3\u00e8me ann\u00e9e Bachelor)<\/em><\/p>\n\n\n<div class=\"wp-block-image\">\n<figure class=\"alignleft size-large is-resized\"><img loading=\"lazy\" decoding=\"async\" width=\"768\" height=\"1024\" src=\"https:\/\/www.asso-unil.ch\/pangea\/files\/2026\/04\/image-4-768x1024.png\" alt=\"image\" class=\"wp-image-743\" style=\"aspect-ratio:0.750006327672176;width:240px;height:auto\" srcset=\"https:\/\/www.asso-unil.ch\/pangea\/files\/2026\/04\/image-4-768x1024.png 768w, https:\/\/www.asso-unil.ch\/pangea\/files\/2026\/04\/image-4-225x300.png 225w, https:\/\/www.asso-unil.ch\/pangea\/files\/2026\/04\/image-4.png 900w\" sizes=\"auto, (max-width: 768px) 85vw, 768px\" \/><\/figure>\n<\/div>\n\n\n<p id=\"block-ddb45978-e46d-4325-9617-123edf9b6e9d\">Arnaud, c\u2019est le moustachu qui fait une t\u00eate de plus que tout le monde et qu\u2019on rep\u00e8re de loin dans les couloirs. Rarement assis au premier rang, il saura tout de m\u00eame vous r\u00e9citer les formules chimiques des min\u00e9raux comme personne. Il ne manquera jamais l\u2019occasion d\u2019aller affronter quiconque voulant se mesurer \u00e0 lui au baby-foot autour d\u2019une binche.<\/p>\n\n\n\n<p id=\"block-e4c92d82-7bc7-418d-a6c0-5cd873df2ead\">V\u00e9ritable g\u00e9ologue dans l\u2019\u00e2me il sortira ses meilleures tenues Arc\u2019teryx&nbsp; pour braver le terrain par tout temps. Si il n\u2019est pas avec son marteau et sa boussole vous le retrouverez accroch\u00e9 \u00e0 une paroie en train de grimper.<\/p>\n\n\n\n<div style=\"height:100px\" aria-hidden=\"true\" class=\"wp-block-spacer\"><\/div>\n\n\n\n<p id=\"block-cc93e991-dbb5-40f7-9e49-84df01aa7362\"><strong>Vice-pr\u00e9sidente &amp;&nbsp;Tr\u00e9sori\u00e8re<\/strong>:<\/p>\n\n\n\n<p id=\"block-569e6533-ffce-455c-8490-233ca55696c0\"><em>Elisa Bagnoud (3\u00e8me ann\u00e9e Bachelor)<\/em><\/p>\n\n\n<div class=\"wp-block-image\">\n<figure class=\"alignleft size-full is-resized\"><img loading=\"lazy\" decoding=\"async\" width=\"768\" height=\"1024\" src=\"https:\/\/www.asso-unil.ch\/pangea\/files\/2026\/04\/image-5.png\" alt=\"image\" class=\"wp-image-744\" style=\"aspect-ratio:0.7500095430774516;width:253px;height:auto\" srcset=\"https:\/\/www.asso-unil.ch\/pangea\/files\/2026\/04\/image-5.png 768w, https:\/\/www.asso-unil.ch\/pangea\/files\/2026\/04\/image-5-225x300.png 225w\" sizes=\"auto, (max-width: 768px) 85vw, 768px\" \/><\/figure>\n<\/div>\n\n\n<p id=\"block-63964a93-d6bf-4572-9eaa-e64f53518592\">Elisa en quelques mots c\u2019est: Des parties endiabl\u00e9es de baby-foot \u00e0 Zellig, des fruitesses \u00e0 gogo, des heures de r\u00e9visions passionn\u00e9es en salle de G\u00e9ol, une v\u00e9ritable passion pour les cailloux et un amour inconditionnel pour les camps de terrain. Mais surtout, c\u2019est une bonne humeur garantie en toute circonstance !<\/p>\n\n\n\n<p id=\"block-5d3f80ed-0578-4adc-91cf-5fac2a3623a6\">Son seul (petit) d\u00e9faut ? Elle vient de Gen\u00e8ve\u2026 et ne manque jamais une occasion de le rappeler !<\/p>\n\n\n\n<p id=\"block-26341cdf-e402-4f0b-bbe2-1541998aaf4a\">Entre ses \u00e9tudes et ses bals de jeunesse, Elisa est toujours l\u00e0 pour \u00e9clairer vos cours manqu\u00e9s et, sur le terrain, c\u2019est la partenaire id\u00e9ale pour un travail de groupe&nbsp; r\u00e9ussi.<\/p>\n\n\n\n<div style=\"height:100px\" aria-hidden=\"true\" class=\"wp-block-spacer\"><\/div>\n\n\n\n<p id=\"block-a135f709-51b7-4de9-a1b8-0cdfd73cfdab\"><strong>Secr\u00e9taire :<\/strong><\/p>\n\n\n\n<p id=\"block-47d77e3c-6a1d-4124-bca3-c8a8803790ff\"><em>Oc\u00e9ane Liaudat (2\u00e8me ann\u00e9e Bachelor)<\/em><\/p>\n\n\n<div class=\"wp-block-image\">\n<figure class=\"alignleft size-large is-resized\"><img loading=\"lazy\" decoding=\"async\" width=\"1024\" height=\"768\" src=\"https:\/\/www.asso-unil.ch\/pangea\/files\/2026\/04\/image-6-1024x768.png\" alt=\"image\" class=\"wp-image-745\" style=\"width:271px;height:auto\" srcset=\"https:\/\/www.asso-unil.ch\/pangea\/files\/2026\/04\/image-6-1024x768.png 1024w, https:\/\/www.asso-unil.ch\/pangea\/files\/2026\/04\/image-6-300x225.png 300w, https:\/\/www.asso-unil.ch\/pangea\/files\/2026\/04\/image-6-768x576.png 768w, https:\/\/www.asso-unil.ch\/pangea\/files\/2026\/04\/image-6-1536x1152.png 1536w, https:\/\/www.asso-unil.ch\/pangea\/files\/2026\/04\/image-6-1200x900.png 1200w, https:\/\/www.asso-unil.ch\/pangea\/files\/2026\/04\/image-6.png 1600w\" sizes=\"auto, (max-width: 709px) 85vw, (max-width: 909px) 67vw, (max-width: 1362px) 62vw, 840px\" \/><\/figure>\n<\/div>\n\n\n<p id=\"block-d9583b00-004d-4ae1-8577-7f9cb80e00c7\">Il est possible de ne commettre aucune erreur et de perdre quand m\u00eame. Ce n\u2019est pas une faiblesse, c\u2019est la vie.<\/p>\n\n\n\n<p id=\"block-664156cf-0d24-4d5f-af08-a41d56b32a4e\"><\/p>\n\n\n\n<p id=\"block-53ce1ec1-662d-41ce-bb54-8cb255dce632\"><\/p>\n\n\n\n<div style=\"height:100px\" aria-hidden=\"true\" class=\"wp-block-spacer\"><\/div>\n\n\n\n<p id=\"block-def7a486-bccf-48e7-8972-e64ae22b7fb1\"><strong>Tr\u00e9sori\u00e8re :<\/strong><\/p>\n\n\n\n<p id=\"block-e0dc601a-d836-4871-b8a6-1e73d17824d2\"><em>Audrey Casutt (2\u00e8me ann\u00e9e Bachelor)<\/em><\/p>\n\n\n<div class=\"wp-block-image\">\n<figure class=\"alignleft size-large is-resized\"><img loading=\"lazy\" decoding=\"async\" width=\"768\" height=\"1024\" src=\"https:\/\/www.asso-unil.ch\/pangea\/files\/2026\/04\/image-8-768x1024.png\" alt=\"image\" class=\"wp-image-747\" style=\"aspect-ratio:0.7500095430774516;width:280px;height:auto\" srcset=\"https:\/\/www.asso-unil.ch\/pangea\/files\/2026\/04\/image-8-768x1024.png 768w, https:\/\/www.asso-unil.ch\/pangea\/files\/2026\/04\/image-8-225x300.png 225w, https:\/\/www.asso-unil.ch\/pangea\/files\/2026\/04\/image-8.png 900w\" sizes=\"auto, (max-width: 768px) 85vw, 768px\" \/><\/figure>\n<\/div>\n\n\n<p id=\"block-3c0ae977-2bf8-443a-86e8-f50dab009e13\">Inutile de chercher Audrey en d\u00e9but de cours, sa s\u00e9rie turque a encore eu raison d&rsquo;elle. Mis \u00e0 part \u00e7a (et ses promesses de rattraper les cours), c\u2019est une personne sur qui on peut toujours compter \u2014 \u00e0 l&rsquo;\u00e9coute, d&rsquo;une gentillesse pure et pleine de bons conseils.<\/p>\n\n\n\n<p id=\"block-ae176ba2-a112-45f4-9ec0-f0238b531c1c\">Toujours souriante, pr\u00eate \u00e0 filer un coup de main, c\u2019est un vrai diamant brut: inalt\u00e9rable, brillante et toujours partante pour une nouvelle exp\u00e9dition ! Tellement connect\u00e9e au terrain qu\u2019elle campe \u00e0 m\u00eame le sol dans sa chambre.<\/p>\n\n\n\n<p id=\"block-31ea80ae-1a76-450e-a94f-8354a78ebd49\">Et si la chance est de votre c\u00f4t\u00e9, vous pourrez assister \u00e0 son talent cach\u00e9 : une performance inoubliable sur du Justin Bieber, digne des plus grandes sc\u00e8nes.<\/p>\n\n\n\n<div style=\"height:100px\" aria-hidden=\"true\" class=\"wp-block-spacer\"><\/div>\n\n\n\n<p id=\"block-5fd59aeb-979e-4bc0-959d-c889fecc8474\"><strong>Responsable event :<\/strong><\/p>\n\n\n\n<p id=\"block-c20a9c9c-8bda-48a0-89d6-ba3509110089\"><em>Valentine Roch (2\u00e8me ann\u00e9e Bachelor)<\/em><\/p>\n\n\n<div class=\"wp-block-image\">\n<figure class=\"alignleft size-large is-resized\"><img loading=\"lazy\" decoding=\"async\" width=\"768\" height=\"1024\" src=\"https:\/\/www.asso-unil.ch\/pangea\/files\/2026\/04\/image-9-768x1024.png\" alt=\"image\" class=\"wp-image-748\" style=\"width:293px;height:auto\" srcset=\"https:\/\/www.asso-unil.ch\/pangea\/files\/2026\/04\/image-9-768x1024.png 768w, https:\/\/www.asso-unil.ch\/pangea\/files\/2026\/04\/image-9-225x300.png 225w, https:\/\/www.asso-unil.ch\/pangea\/files\/2026\/04\/image-9.png 900w\" sizes=\"auto, (max-width: 768px) 85vw, 768px\" \/><\/figure>\n<\/div>\n\n\n<p id=\"block-e665b163-1d5e-40cb-87de-6ace9c469834\">Toujours pleine d\u2019humour, Valentine est aussi le cerveau cr\u00e9atif derri\u00e8re nos affiches magnifiques r\u00e9alis\u00e9es avec amour sur Canva\u2026 souvent pendant les cours (il y a des priorit\u00e9s dans la vie).<\/p>\n\n\n\n<p id=\"block-62c5f9f2-1603-40b5-a5a8-c399ba17bd0f\">Ultra engag\u00e9e dans la vie \u00e9tudiante, elle est partout \u00e0 la fois.<\/p>\n\n\n\n<p id=\"block-fd48c37f-1fc5-43e8-8782-dc16b428eb06\">Toujours partante pour un moment convivial, elle adore faire de nouvelles rencontres et surtout passer du temps sur le terrain, o\u00f9 elle fait vivre sa passion pour la g\u00e9ologie.<\/p>\n\n\n\n<p id=\"block-83efb7bf-11b1-43ac-95fb-25c747227889\">Elle adore aussi la p\u00e9tanque et la Suze, et pour elle, jamais l\u2019un sans l\u2019autre : elle sait toujours viser juste\u2026 que ce soit avec les boules ou un verre.<\/p>\n\n\n\n<div style=\"height:100px\" aria-hidden=\"true\" class=\"wp-block-spacer\"><\/div>\n\n\n\n<p id=\"block-3b44bed4-9d48-4b67-a7be-c8632c4b9f1f\"><strong>Responsables m\u00e9dias:<\/strong><\/p>\n\n\n\n<p id=\"block-ea5e4da4-4078-462a-91ea-86afff9a2faa\"><em>Julie Simonet (2\u00e8me ann\u00e9e Bachelor)<\/em><\/p>\n\n\n<div class=\"wp-block-image\">\n<figure class=\"alignleft size-large is-resized\"><img loading=\"lazy\" decoding=\"async\" width=\"1024\" height=\"769\" src=\"https:\/\/www.asso-unil.ch\/pangea\/files\/2026\/04\/image-10-1024x769.png\" alt=\"image\" class=\"wp-image-749\" style=\"aspect-ratio:1.3322319510986287;width:297px;height:auto\" srcset=\"https:\/\/www.asso-unil.ch\/pangea\/files\/2026\/04\/image-10-1024x769.png 1024w, https:\/\/www.asso-unil.ch\/pangea\/files\/2026\/04\/image-10-300x225.png 300w, https:\/\/www.asso-unil.ch\/pangea\/files\/2026\/04\/image-10-768x576.png 768w, https:\/\/www.asso-unil.ch\/pangea\/files\/2026\/04\/image-10-1536x1153.png 1536w, https:\/\/www.asso-unil.ch\/pangea\/files\/2026\/04\/image-10-1200x901.png 1200w, https:\/\/www.asso-unil.ch\/pangea\/files\/2026\/04\/image-10.png 1600w\" sizes=\"auto, (max-width: 709px) 85vw, (max-width: 909px) 67vw, (max-width: 1362px) 62vw, 840px\" \/><\/figure>\n<\/div>\n\n\n<p id=\"block-e1ad299a-509d-417f-ad5d-5f9ea01b08bb\">Julie, c\u2019est la g\u00e9ologue acharn\u00e9e : toujours quelque part au G\u00e9opo ou planqu\u00e9e dans un coin de la biblioth\u00e8que, concentr\u00e9e \u00e0 fond.<\/p>\n\n\n\n<p id=\"block-35de0bdd-6f3f-4b4f-89d8-e395a1acff4d\">Mais attention \u00e0 ne pas s\u2019y tromper : une fois son travail termin\u00e9, elle a une vraie descente de g\u00e9ologue et un humour \u00e0 toute \u00e9preuve.<\/p>\n\n\n\n<p id=\"block-ae42f932-acd9-4e6f-8e64-017c483155dd\">Partenaire id\u00e9ale aussi bien pour un travail de groupe que pour une petite binche, elle a toujours la classe en arrivant sur sa moto.<\/p>\n\n\n\n<p id=\"block-7364bc65-eae5-42d4-8b97-1d693e4646d5\">Son seul d\u00e9faut ? Elle aime pas les oignons !<\/p>\n\n\n\n<p><\/p>\n\n\n\n<p id=\"block-98945a57-b599-4197-8829-692786a435d8\"><em>Na\u00ebl Wartenweiler (2\u00e8me ann\u00e9e Bachelor)<\/em><\/p>\n\n\n<div class=\"wp-block-image\">\n<figure class=\"alignleft size-large is-resized\"><img loading=\"lazy\" decoding=\"async\" width=\"768\" height=\"1024\" src=\"https:\/\/www.asso-unil.ch\/pangea\/files\/2026\/04\/image-11-768x1024.png\" alt=\"image\" class=\"wp-image-750\" style=\"width:296px;height:auto\" srcset=\"https:\/\/www.asso-unil.ch\/pangea\/files\/2026\/04\/image-11-768x1024.png 768w, https:\/\/www.asso-unil.ch\/pangea\/files\/2026\/04\/image-11-225x300.png 225w, https:\/\/www.asso-unil.ch\/pangea\/files\/2026\/04\/image-11.png 900w\" sizes=\"auto, (max-width: 768px) 85vw, 768px\" \/><\/figure>\n<\/div>\n\n\n<p id=\"block-dbff5d23-22d1-483b-b080-4490b54d5724\">Bien qu\u2019au premier abord on le dirait sur le fil, pr\u00eat \u00e0 cogner le premier venu, Na\u00ebl est au fond un gros nerd inoffensif. Fan du Seigneur des anneaux et de PARKOUR, n\u2019allez pas lui demander son dinosaure pr\u00e9f\u00e9r\u00e9 si vous avez un rendez-vous urgent. Si vous voulez vous mettre ce pal\u00e9ontologue en herbe dans la poche, offrez lui un coprolithe de spinosaure et vous pourrez lui demander n\u2019importe quel service. Toujours pr\u00eat \u00e0 aider ses amis, il va faire des explications beaucoup trop longues pour s\u2019assurer qu\u2019on ait bien compris.&nbsp;<\/p>\n\n\n\n<p id=\"block-dce662e0-1cd2-4309-93bb-a0f8d1d9106d\">Sur le terrain, il d\u00e9ambule fi\u00e8rement avec sa musique de hobbit, profitant de chaque roche meuble qu\u2019il trouve pour l\u2019exploser avec son marteau. Son r\u00eave est de poss\u00e9der un holster pour mettre d\u2019un c\u00f4t\u00e9 son HCl et de l\u2019autre sa canette de bi\u00e8re.<\/p>\n\n\n\n<p id=\"block-a812b9d1-8a26-46fc-a33e-0f6e2ba05e14\">Ne le cherchez pas \u00e0 la biblioth\u00e8que apr\u00e8s les cours, il est certainement en train de faire un babyfoot \u00e0 Zelig avec une bi\u00e8re \u201cAlex le rouge\u201d (on me dit dans l\u2019oreillette qu\u2019ils ne l\u2019ont plus) car c\u2019est celle avec le meilleur rapport pourcentage d\u2019alcool\/prix (10% quand m\u00eame). Et enfin, pour rajouter \u00e0 ce personnage aux longs cheveux soyeux, il se fait payer pour lancer des haches tel le viking qu\u2019il est.&nbsp;<\/p>\n\n\n\n<p id=\"block-47d032c2-2049-4b6d-babb-d7f32e7d1989\">Pour conclure ce beau discours, Na\u00ebl est l\u2019\u00e9pitome du pal\u00e9ontologue passionn\u00e9 et repr\u00e9sente tr\u00e8s bien l\u2019orientation g\u00e9ologie, heureusement qu\u2019il ne lui a fallu que deux ann\u00e9es de bio pour s\u2019en rendre compte!<\/p>\n","protected":false},"excerpt":{"rendered":"<p>Cette ann\u00e9e le comit\u00e9 de compose de 7 membres: Pr\u00e9sident: Arnaud Hundt (3\u00e8me ann\u00e9e Bachelor) Arnaud, c\u2019est le moustachu qui fait une t\u00eate de plus que tout le monde et qu\u2019on rep\u00e8re de loin dans les couloirs. Rarement assis au premier rang, il saura tout de m\u00eame vous r\u00e9citer les formules chimiques des min\u00e9raux comme &hellip; <a href=\"https:\/\/www.asso-unil.ch\/pangea\/presentation\/le-comite-2025-2026\/\" class=\"more-link\">Continuer la lecture<span class=\"screen-reader-text\"> de &laquo;&nbsp;Le Comit\u00e9 2025-2026&nbsp;&raquo;<\/span><\/a><\/p>\n","protected":false},"author":1001340,"featured_media":0,"parent":26,"menu_order":0,"comment_status":"closed","ping_status":"closed","template":"","meta":{"_seopress_robots_primary_cat":"","_seopress_titles_title":"","_seopress_titles_desc":"","_seopress_robots_index":"","footnotes":""},"class_list":["post-738","page","type-page","status-publish"],"_links":{"self":[{"href":"https:\/\/www.asso-unil.ch\/pangea\/wp-json\/wp\/v2\/pages\/738","targetHints":{"allow":["GET"]}}],"collection":[{"href":"https:\/\/www.asso-unil.ch\/pangea\/wp-json\/wp\/v2\/pages"}],"about":[{"href":"https:\/\/www.asso-unil.ch\/pangea\/wp-json\/wp\/v2\/types\/page"}],"author":[{"embeddable":true,"href":"https:\/\/www.asso-unil.ch\/pangea\/wp-json\/wp\/v2\/users\/1001340"}],"replies":[{"embeddable":true,"href":"https:\/\/www.asso-unil.ch\/pangea\/wp-json\/wp\/v2\/comments?post=738"}],"version-history":[{"count":5,"href":"https:\/\/www.asso-unil.ch\/pangea\/wp-json\/wp\/v2\/pages\/738\/revisions"}],"predecessor-version":[{"id":763,"href":"https:\/\/www.asso-unil.ch\/pangea\/wp-json\/wp\/v2\/pages\/738\/revisions\/763"}],"up":[{"embeddable":true,"href":"https:\/\/www.asso-unil.ch\/pangea\/wp-json\/wp\/v2\/pages\/26"}],"wp:attachment":[{"href":"https:\/\/www.asso-unil.ch\/pangea\/wp-json\/wp\/v2\/media?parent=738"}],"curies":[{"name":"wp","href":"https:\/\/api.w.org\/{rel}","templated":true}]}}