{"id":596,"date":"2025-02-21T11:33:46","date_gmt":"2025-02-21T10:33:46","guid":{"rendered":"https:\/\/www.asso-unil.ch\/pangea\/?page_id=596"},"modified":"2025-02-21T11:42:59","modified_gmt":"2025-02-21T10:42:59","slug":"comite-2024-2025","status":"publish","type":"page","link":"https:\/\/www.asso-unil.ch\/pangea\/comite-2024-2025\/","title":{"rendered":"Le comit\u00e9 2024-2025"},"content":{"rendered":"\n<p>Cette ann\u00e9e le comit\u00e9 se compose de 6 membres :<\/p>\n\n\n\n<p><\/p>\n\n\n\n<p><\/p>\n\n\n\n<p><strong>Pr\u00e9sident<\/strong> :<\/p>\n\n\n\n<p><em>Luca Peruzzi (3\u00e8me ann\u00e9e de Bachelor)<\/em><\/p>\n\n\n\n<div class=\"wp-block-media-text is-stacked-on-mobile\"><figure class=\"wp-block-media-text__media\"><img alt=\"\" loading=\"lazy\" decoding=\"async\" width=\"768\" height=\"1024\" src=\"https:\/\/www.asso-unil.ch\/pangea\/files\/2025\/02\/Luca.png\" alt=\"\" class=\"wp-image-612 size-full\" srcset=\"https:\/\/www.asso-unil.ch\/pangea\/files\/2025\/02\/Luca.png 768w, https:\/\/www.asso-unil.ch\/pangea\/files\/2025\/02\/Luca-225x300.png 225w\" sizes=\"auto, (max-width: 768px) 85vw, 768px\" \/><\/figure><div class=\"wp-block-media-text__content\">\n<p>Est-ce que c&rsquo;est une bonne situation, \u00e7a, g\u00e9ologue ?<\/p>\n<\/div><\/div>\n\n\n\n<p><\/p>\n\n\n\n<p><\/p>\n\n\n\n<p><\/p>\n\n\n\n<p><\/p>\n\n\n\n<p id=\"block-705d2f93-fb73-4369-a471-04dcd51f186a\"><strong>Vice-pr\u00e9sident<\/strong> <strong>&amp;<\/strong> <strong>Tr\u00e9sorier <\/strong>:<\/p>\n\n\n\n<p id=\"block-c2714d47-905c-4690-a920-cc989aef47d2\"><em>Arnaud Hundt (2\u00e8me ann\u00e9e Bachelor)<\/em><\/p>\n\n\n\n<div class=\"wp-block-media-text is-stacked-on-mobile\"><figure class=\"wp-block-media-text__media\"><img alt=\"\" loading=\"lazy\" decoding=\"async\" width=\"768\" height=\"1024\" src=\"https:\/\/www.asso-unil.ch\/pangea\/files\/2025\/02\/Arnaud-2-768x1024.jpg\" alt=\"\" class=\"wp-image-606 size-full\" srcset=\"https:\/\/www.asso-unil.ch\/pangea\/files\/2025\/02\/Arnaud-2-768x1024.jpg 768w, https:\/\/www.asso-unil.ch\/pangea\/files\/2025\/02\/Arnaud-2-225x300.jpg 225w, https:\/\/www.asso-unil.ch\/pangea\/files\/2025\/02\/Arnaud-2.jpg 900w\" sizes=\"auto, (max-width: 768px) 85vw, 768px\" \/><\/figure><div class=\"wp-block-media-text__content\">\n<p>Arnaud, c\u2019est le moustachu qui fait une t\u00eate de plus que tout le monde et qu\u2019on rep\u00e8re de loin dans les couloirs. Rarement assis au premier rang, il saura tout de m\u00eame vous r\u00e9citer les formules chimiques des min\u00e9raux comme personne. Il ne manquera jamais l\u2019occasion d\u2019aller affronter quiconque voulant se mesurer \u00e0 lui au baby-foot autour d\u2019une binche.<\/p>\n\n\n\n<p>V\u00e9ritable g\u00e9ologue dans l\u2019\u00e2me il sortira ses meilleures tenues Arc\u2019teryx&nbsp; pour braver le terrain par tout temps. Si il n\u2019est pas avec son marteau et sa boussole vous le retrouverez accroch\u00e9 \u00e0 une paroie en train de grimper.<\/p>\n<\/div><\/div>\n\n\n\n<p><\/p>\n\n\n\n<p><strong>Secr\u00e9taire : <\/strong><\/p>\n\n\n\n<p><em>Oc\u00e9ane Liaudat (2\u00e8me ann\u00e9e Bachelor)<\/em><\/p>\n\n\n\n<div class=\"wp-block-media-text is-stacked-on-mobile\"><figure class=\"wp-block-media-text__media\"><img alt=\"\" loading=\"lazy\" decoding=\"async\" width=\"1024\" height=\"768\" src=\"https:\/\/www.asso-unil.ch\/pangea\/files\/2025\/02\/oceane-1024x768.jpg\" alt=\"\" class=\"wp-image-607 size-full\" srcset=\"https:\/\/www.asso-unil.ch\/pangea\/files\/2025\/02\/oceane-1024x768.jpg 1024w, https:\/\/www.asso-unil.ch\/pangea\/files\/2025\/02\/oceane-300x225.jpg 300w, https:\/\/www.asso-unil.ch\/pangea\/files\/2025\/02\/oceane-768x576.jpg 768w, https:\/\/www.asso-unil.ch\/pangea\/files\/2025\/02\/oceane-1536x1152.jpg 1536w, https:\/\/www.asso-unil.ch\/pangea\/files\/2025\/02\/oceane-1200x900.jpg 1200w, https:\/\/www.asso-unil.ch\/pangea\/files\/2025\/02\/oceane.jpg 1600w\" sizes=\"auto, (max-width: 709px) 85vw, (max-width: 909px) 67vw, (max-width: 1362px) 62vw, 840px\" \/><\/figure><div class=\"wp-block-media-text__content\">\n<p>Il est possible de ne commettre aucune erreur et de perdre quand m\u00eame. Ce n&rsquo;est pas une faiblesse, c&rsquo;est la vie.<\/p>\n<\/div><\/div>\n\n\n\n<p><\/p>\n\n\n\n<p><\/p>\n\n\n\n<p><strong>Tr\u00e9sori\u00e8re &amp; <strong>charg\u00e9e de communication des r\u00e9seaux sociaux<\/strong> : <\/strong><\/p>\n\n\n\n<p><em>Elisa Bagnoud (2\u00e8me ann\u00e9e Bachelor)<\/em><\/p>\n\n\n\n<div class=\"wp-block-media-text is-stacked-on-mobile\"><figure class=\"wp-block-media-text__media\"><img alt=\"\" loading=\"lazy\" decoding=\"async\" width=\"768\" height=\"1024\" src=\"https:\/\/www.asso-unil.ch\/pangea\/files\/2025\/02\/Elisa-768x1024.jpg\" alt=\"\" class=\"wp-image-608 size-full\" srcset=\"https:\/\/www.asso-unil.ch\/pangea\/files\/2025\/02\/Elisa-768x1024.jpg 768w, https:\/\/www.asso-unil.ch\/pangea\/files\/2025\/02\/Elisa-225x300.jpg 225w, https:\/\/www.asso-unil.ch\/pangea\/files\/2025\/02\/Elisa.jpg 900w\" sizes=\"auto, (max-width: 768px) 85vw, 768px\" \/><\/figure><div class=\"wp-block-media-text__content\">\n<p>Elisa en quelques mots c\u2019est: Des parties endiabl\u00e9es de baby-foot \u00e0 Zellig, des fruitesses \u00e0 gogo, des heures de r\u00e9visions passionn\u00e9es en salle de G\u00e9ol, une v\u00e9ritable passion pour les cailloux et un amour inconditionnel pour les camps de terrain. Mais surtout, c&rsquo;est une bonne humeur garantie en toute circonstance !<\/p>\n\n\n\n<p>Son seul (petit) d\u00e9faut ? Elle vient de Gen\u00e8ve\u2026 et ne manque jamais une occasion de le rappeler !<\/p>\n\n\n\n<p>Entre ses \u00e9tudes et ses bals de jeunesse, Elisa est toujours l\u00e0 pour \u00e9clairer vos cours manqu\u00e9s et, sur le terrain, c&rsquo;est la partenaire id\u00e9ale pour un travail de groupe&nbsp; r\u00e9ussi.<\/p>\n<\/div><\/div>\n\n\n\n<p><\/p>\n\n\n\n<p><strong>Membres \u00e9tudiant(e)s :<\/strong><\/p>\n\n\n\n<p><em>H\u00e9l\u00e8ne Morciaux (2\u00e8me ann\u00e9e Bachelor)<\/em><\/p>\n\n\n\n<div class=\"wp-block-media-text is-stacked-on-mobile\"><figure class=\"wp-block-media-text__media\"><img alt=\"\" loading=\"lazy\" decoding=\"async\" width=\"768\" height=\"1024\" src=\"https:\/\/www.asso-unil.ch\/pangea\/files\/2025\/02\/helene-768x1024.jpg\" alt=\"\" class=\"wp-image-609 size-full\" srcset=\"https:\/\/www.asso-unil.ch\/pangea\/files\/2025\/02\/helene-768x1024.jpg 768w, https:\/\/www.asso-unil.ch\/pangea\/files\/2025\/02\/helene-225x300.jpg 225w, https:\/\/www.asso-unil.ch\/pangea\/files\/2025\/02\/helene.jpg 900w\" sizes=\"auto, (max-width: 768px) 85vw, 768px\" \/><\/figure><div class=\"wp-block-media-text__content\">\n<p>Sur terre comme sous l\u2019eau, je ramasserai toujours de la caillasse. Toujours pr\u00eat \u00e0 remplir ma \u00ab\u00a0jarre \u00e0 caillou\u00a0\u00bb, je ne peux r\u00e9sister \u00e0 l\u2019appel d\u2019une belle roche, qu\u2019elle soit sous mes pieds ou sous quelques m\u00e8tres d\u2019eau.<\/p>\n\n\n\n<p>M\u00e9fiez vous des apparences, m\u00eame si je suis belge, une fois en rando, je suis un v\u00e9ritable chamois. Gravir plusieurs \u00ab\u00a0Belgique de haut\u00a0\u00bb (rappelons que le point culminant de ce pays affiche fi\u00e8rement 694 m) ne m\u2019effraie pas, bien au contraire !<\/p>\n\n\n\n<p>Bien que (presque) toujours en cours, ne me cherchez pas le weekend ni apr\u00e8s 17h dans la bibli de g\u00e9opo \u2026 je disparais dans la nature. Si vous me cherchez je suis soit au fond du lac, palmes au pied en train d&rsquo;observer des \u00e9paves et poissons, soit en train de l\u00e9zarder au soleil en longue voie.<\/p>\n<\/div><\/div>\n\n\n\n<p><\/p>\n\n\n\n<p><em>Margot Giurgiani (2\u00e8me ann\u00e9e Bachelor)<\/em><\/p>\n\n\n\n<div class=\"wp-block-media-text is-stacked-on-mobile\"><figure class=\"wp-block-media-text__media\"><img alt=\"\" loading=\"lazy\" decoding=\"async\" width=\"640\" height=\"640\" src=\"https:\/\/www.asso-unil.ch\/pangea\/files\/2025\/02\/Margaux.jpg\" alt=\"\" class=\"wp-image-610 size-full\" srcset=\"https:\/\/www.asso-unil.ch\/pangea\/files\/2025\/02\/Margaux.jpg 640w, https:\/\/www.asso-unil.ch\/pangea\/files\/2025\/02\/Margaux-300x300.jpg 300w, https:\/\/www.asso-unil.ch\/pangea\/files\/2025\/02\/Margaux-150x150.jpg 150w\" sizes=\"auto, (max-width: 640px) 85vw, 640px\" \/><\/figure><div class=\"wp-block-media-text__content\">\n<p>Voici Margot, une l\u00e9gende vivante du comit\u00e9\u2026 tellement l\u00e9gendaire que sa description reste encore \u00e0 \u00e9crire. En attendant, admirez cette photo, v\u00e9ritable fossile en devenir des archives g\u00e9ologiques.<\/p>\n<\/div><\/div>\n\n\n\n<p><\/p>\n","protected":false},"excerpt":{"rendered":"<p>Cette ann\u00e9e le comit\u00e9 se compose de 6 membres : Pr\u00e9sident : Luca Peruzzi (3\u00e8me ann\u00e9e de Bachelor) Est-ce que c&rsquo;est une bonne situation, \u00e7a, g\u00e9ologue ? Vice-pr\u00e9sident &amp; Tr\u00e9sorier : Arnaud Hundt (2\u00e8me ann\u00e9e Bachelor) Arnaud, c\u2019est le moustachu qui fait une t\u00eate de plus que tout le monde et qu\u2019on rep\u00e8re de loin &hellip; <a href=\"https:\/\/www.asso-unil.ch\/pangea\/comite-2024-2025\/\" class=\"more-link\">Continuer la lecture<span class=\"screen-reader-text\"> de &laquo;&nbsp;Le comit\u00e9 2024-2025&nbsp;&raquo;<\/span><\/a><\/p>\n","protected":false},"author":1001295,"featured_media":0,"parent":0,"menu_order":0,"comment_status":"closed","ping_status":"closed","template":"","meta":{"_seopress_robots_primary_cat":"","_seopress_titles_title":"","_seopress_titles_desc":"","_seopress_robots_index":"","footnotes":""},"class_list":["post-596","page","type-page","status-publish"],"_links":{"self":[{"href":"https:\/\/www.asso-unil.ch\/pangea\/wp-json\/wp\/v2\/pages\/596","targetHints":{"allow":["GET"]}}],"collection":[{"href":"https:\/\/www.asso-unil.ch\/pangea\/wp-json\/wp\/v2\/pages"}],"about":[{"href":"https:\/\/www.asso-unil.ch\/pangea\/wp-json\/wp\/v2\/types\/page"}],"author":[{"embeddable":true,"href":"https:\/\/www.asso-unil.ch\/pangea\/wp-json\/wp\/v2\/users\/1001295"}],"replies":[{"embeddable":true,"href":"https:\/\/www.asso-unil.ch\/pangea\/wp-json\/wp\/v2\/comments?post=596"}],"version-history":[{"count":5,"href":"https:\/\/www.asso-unil.ch\/pangea\/wp-json\/wp\/v2\/pages\/596\/revisions"}],"predecessor-version":[{"id":621,"href":"https:\/\/www.asso-unil.ch\/pangea\/wp-json\/wp\/v2\/pages\/596\/revisions\/621"}],"wp:attachment":[{"href":"https:\/\/www.asso-unil.ch\/pangea\/wp-json\/wp\/v2\/media?parent=596"}],"curies":[{"name":"wp","href":"https:\/\/api.w.org\/{rel}","templated":true}]}}