{"id":5,"date":"2016-11-21T17:41:14","date_gmt":"2016-11-21T16:41:14","guid":{"rendered":"http:\/\/www.asso-unil.ch\/pangea\/?page_id=5"},"modified":"2023-07-21T15:43:11","modified_gmt":"2023-07-21T13:43:11","slug":"contact","status":"publish","type":"page","link":"https:\/\/www.asso-unil.ch\/pangea\/contact\/","title":{"rendered":"Contact"},"content":{"rendered":"<p>Si vous n&rsquo;avez pas pu trouver la r\u00e9ponse sur notre site, n&rsquo;h\u00e9sitez pas \u00e0 nous contacter directement via notre mail, Instagram ou Facebook !<\/p>\n<p>Mail : pangea@asso-unil.ch<\/p>\n<p>Instagram : pangea_unil<\/p>\n<p>Facebook : Pangea &#8211; UNIL<\/p>\n","protected":false},"excerpt":{"rendered":"<p>Si vous n&rsquo;avez pas pu trouver la r\u00e9ponse sur notre site, n&rsquo;h\u00e9sitez pas \u00e0 nous contacter directement via notre mail, Instagram ou Facebook ! Mail : pangea@asso-unil.ch Instagram : pangea_unil Facebook : Pangea &#8211; UNIL<\/p>\n","protected":false},"author":1001087,"featured_media":0,"parent":0,"menu_order":0,"comment_status":"closed","ping_status":"closed","template":"","meta":{"_seopress_robots_primary_cat":"","_seopress_titles_title":"","_seopress_titles_desc":"","_seopress_robots_index":"","footnotes":""},"class_list":["post-5","page","type-page","status-publish"],"_links":{"self":[{"href":"https:\/\/www.asso-unil.ch\/pangea\/wp-json\/wp\/v2\/pages\/5","targetHints":{"allow":["GET"]}}],"collection":[{"href":"https:\/\/www.asso-unil.ch\/pangea\/wp-json\/wp\/v2\/pages"}],"about":[{"href":"https:\/\/www.asso-unil.ch\/pangea\/wp-json\/wp\/v2\/types\/page"}],"author":[{"embeddable":true,"href":"https:\/\/www.asso-unil.ch\/pangea\/wp-json\/wp\/v2\/users\/1001087"}],"replies":[{"embeddable":true,"href":"https:\/\/www.asso-unil.ch\/pangea\/wp-json\/wp\/v2\/comments?post=5"}],"version-history":[{"count":0,"href":"https:\/\/www.asso-unil.ch\/pangea\/wp-json\/wp\/v2\/pages\/5\/revisions"}],"wp:attachment":[{"href":"https:\/\/www.asso-unil.ch\/pangea\/wp-json\/wp\/v2\/media?parent=5"}],"curies":[{"name":"wp","href":"https:\/\/api.w.org\/{rel}","templated":true}]}}