{"id":448,"date":"2023-07-21T15:42:18","date_gmt":"2023-07-21T13:42:18","guid":{"rendered":"https:\/\/www.asso-unil.ch\/pangea\/?page_id=448"},"modified":"2023-07-22T10:43:27","modified_gmt":"2023-07-22T08:43:27","slug":"integrer-lassociation","status":"publish","type":"page","link":"https:\/\/www.asso-unil.ch\/pangea\/integrer-lassociation\/","title":{"rendered":"Int\u00e9grer l&rsquo;association"},"content":{"rendered":"\n<p>Si tu suis actuellement ton bachelor en g\u00e9osciences et environnement option g\u00e9ologie, tu es membre de Pangea. Nous t&rsquo;accueillerons avec plaisir dans le comit\u00e9 durant les prochains semestres si tu le souhaites ! <\/p>\n\n\n\n<p>En rejoignant le comit\u00e9 tu auras l\u2019occasion de d\u00e9velopper de nouvelles facult\u00e9s et avoir de nombreux avantages pour ton futur. Quelques possibilit\u00e9s qui s\u2018offrent \u00e0 toi&nbsp;:&nbsp;<\/p>\n\n\n\n<ul class=\"wp-block-list\">\n<li>Am\u00e9liorer la coh\u00e9sion entre les \u00e9tudiants pour te permettre de rencontrer les autres ann\u00e9es d\u2019\u00e9tudiants et tisser des liens avec eux.&nbsp;(Promis on ne mord pas, nous sommes tous pr\u00eats \u00e0 s\u2019entraider que ce soit dans le domaine de nos t\u00e2ches de comit\u00e9 ainsi que dans ton parcours d\u2019\u00e9tudiant)&nbsp;<\/li>\n\n\n\n<li>D\u00e9fendre les droits des \u00e9tudiants, d\u00e9velopper de nouveaux projets pour que les futurs \u00e9tudiants se sentent au mieux dans la facult\u00e9.<\/li>\n\n\n\n<li>Avoir un pied dans le monde des assos\u00a0: tenir un r\u00f4le, se responsabiliser en g\u00e9rant diverses t\u00e2ches, d\u00e9velopper son sens de l\u2019organisation et la dynamique de groupe. C\u2019est l\u2019occasion de pouvoir t\u2019exprimer en ayant plus de poids et d\u2019apporter tes meilleures id\u00e9es pour le futur de notre fili\u00e8re.<\/li>\n\n\n\n<li>Un moyen de faciliter le rapprochement et la bonne entente avec les profs, en \u00e9tant dans l\u2019association tu seras amen\u00e9 \u00e0 avoir beaucoup de contact avec eux&nbsp;<\/li>\n\n\n\n<li>Le financement des camps de terrain ainsi que le prix du mat\u00e9riel comme le kit de g\u00e9ologue sont largement amoindris gr\u00e2ce \u00e0 l\u2019association. Sans cette association, pas de prix avantageux.<\/li>\n<\/ul>\n\n\n\n<p>En bref, c\u2019est l\u2019occasion id\u00e9ale de d\u00e9velopper de nouvelles comp\u00e9tences et de te faire entendre, dans un cadre convivial entre g\u00e9ologues. Donc si nous avons su te donner envie de rejoindre l\u2019asso, c\u2019est avec plaisir que nous t\u2019accueillerons dans une bonne entente et lors de retrouvailles autour d\u2019une bonne bi\u00e8re\u00a0! \ud83d\ude09<\/p>\n\n\n\n<p>Si tu souhaites nous rencontrer pour discuter de Pangea et faire connaissance, tu peux nous joindre via notre adresse mail, notre Instagram ou notre Facebook. <\/p>\n\n\n\n<p>Salutations g\u00e9ologiques,<\/p>\n\n\n\n<p>Le comit\u00e9 Pangea <\/p>\n","protected":false},"excerpt":{"rendered":"<p>Si tu suis actuellement ton bachelor en g\u00e9osciences et environnement option g\u00e9ologie, tu es membre de Pangea. Nous t&rsquo;accueillerons avec plaisir dans le comit\u00e9 durant les prochains semestres si tu le souhaites ! En rejoignant le comit\u00e9 tu auras l\u2019occasion de d\u00e9velopper de nouvelles facult\u00e9s et avoir de nombreux avantages pour ton futur. Quelques possibilit\u00e9s &hellip; <a href=\"https:\/\/www.asso-unil.ch\/pangea\/integrer-lassociation\/\" class=\"more-link\">Continuer la lecture<span class=\"screen-reader-text\"> de &laquo;&nbsp;Int\u00e9grer l&rsquo;association&nbsp;&raquo;<\/span><\/a><\/p>\n","protected":false},"author":1001239,"featured_media":0,"parent":0,"menu_order":0,"comment_status":"closed","ping_status":"closed","template":"","meta":{"_seopress_robots_primary_cat":"","_seopress_titles_title":"","_seopress_titles_desc":"","_seopress_robots_index":"","footnotes":""},"class_list":["post-448","page","type-page","status-publish"],"_links":{"self":[{"href":"https:\/\/www.asso-unil.ch\/pangea\/wp-json\/wp\/v2\/pages\/448","targetHints":{"allow":["GET"]}}],"collection":[{"href":"https:\/\/www.asso-unil.ch\/pangea\/wp-json\/wp\/v2\/pages"}],"about":[{"href":"https:\/\/www.asso-unil.ch\/pangea\/wp-json\/wp\/v2\/types\/page"}],"author":[{"embeddable":true,"href":"https:\/\/www.asso-unil.ch\/pangea\/wp-json\/wp\/v2\/users\/1001239"}],"replies":[{"embeddable":true,"href":"https:\/\/www.asso-unil.ch\/pangea\/wp-json\/wp\/v2\/comments?post=448"}],"version-history":[{"count":0,"href":"https:\/\/www.asso-unil.ch\/pangea\/wp-json\/wp\/v2\/pages\/448\/revisions"}],"wp:attachment":[{"href":"https:\/\/www.asso-unil.ch\/pangea\/wp-json\/wp\/v2\/media?parent=448"}],"curies":[{"name":"wp","href":"https:\/\/api.w.org\/{rel}","templated":true}]}}