{"id":43,"date":"2017-02-16T18:18:02","date_gmt":"2017-02-16T17:18:02","guid":{"rendered":"http:\/\/www.asso-unil.ch\/pangea\/?page_id=43"},"modified":"2019-09-29T19:59:43","modified_gmt":"2019-09-29T17:59:43","slug":"vente-de-materiel-geologique-2","status":"publish","type":"page","link":"https:\/\/www.asso-unil.ch\/pangea\/activites\/vente-de-materiel-geologique-2\/","title":{"rendered":"Vente de Mat\u00e9riel G\u00e9ologique"},"content":{"rendered":"<p>Liste d\u00e9finitive en cours d&rsquo;\u00e9tablissement.<\/p>\n<p>&nbsp;<\/p>\n<p>En attendant, n&rsquo;h\u00e9sitez pas \u00e0 nous contacter \u00e0 pangea@asso-unil.ch<\/p>\n<p><a href=\"https:\/\/www.asso-unil.ch\/pangea\/files\/2019\/09\/Liste_matos.pdf\">Liste_matos<\/a><\/p>\n","protected":false},"excerpt":{"rendered":"<p>Liste d\u00e9finitive en cours d&rsquo;\u00e9tablissement. &nbsp; En attendant, n&rsquo;h\u00e9sitez pas \u00e0 nous contacter \u00e0 pangea@asso-unil.ch Liste_matos<\/p>\n","protected":false},"author":1001087,"featured_media":0,"parent":30,"menu_order":0,"comment_status":"closed","ping_status":"closed","template":"","meta":{"_seopress_robots_primary_cat":"","_seopress_titles_title":"","_seopress_titles_desc":"","_seopress_robots_index":"","footnotes":""},"class_list":["post-43","page","type-page","status-publish"],"_links":{"self":[{"href":"https:\/\/www.asso-unil.ch\/pangea\/wp-json\/wp\/v2\/pages\/43","targetHints":{"allow":["GET"]}}],"collection":[{"href":"https:\/\/www.asso-unil.ch\/pangea\/wp-json\/wp\/v2\/pages"}],"about":[{"href":"https:\/\/www.asso-unil.ch\/pangea\/wp-json\/wp\/v2\/types\/page"}],"author":[{"embeddable":true,"href":"https:\/\/www.asso-unil.ch\/pangea\/wp-json\/wp\/v2\/users\/1001087"}],"replies":[{"embeddable":true,"href":"https:\/\/www.asso-unil.ch\/pangea\/wp-json\/wp\/v2\/comments?post=43"}],"version-history":[{"count":0,"href":"https:\/\/www.asso-unil.ch\/pangea\/wp-json\/wp\/v2\/pages\/43\/revisions"}],"up":[{"embeddable":true,"href":"https:\/\/www.asso-unil.ch\/pangea\/wp-json\/wp\/v2\/pages\/30"}],"wp:attachment":[{"href":"https:\/\/www.asso-unil.ch\/pangea\/wp-json\/wp\/v2\/media?parent=43"}],"curies":[{"name":"wp","href":"https:\/\/api.w.org\/{rel}","templated":true}]}}