{"id":41,"date":"2017-02-16T18:17:18","date_gmt":"2017-02-16T17:17:18","guid":{"rendered":"http:\/\/www.asso-unil.ch\/pangea\/?page_id=41"},"modified":"2025-02-21T11:01:37","modified_gmt":"2025-02-21T10:01:37","slug":"assemblees-generales","status":"publish","type":"page","link":"https:\/\/www.asso-unil.ch\/pangea\/administratif\/assemblees-generales\/","title":{"rendered":"Assembl\u00e9es G\u00e9n\u00e9rales"},"content":{"rendered":"<p>Le proc\u00e8s Verbal de l&rsquo;AG du 15 novembre 2024 est disponible ci-dessous :<\/p>\n<p>\u00a0<\/p>\n\n\n<div data-wp-interactive=\"core\/file\" class=\"wp-block-file\"><object data-wp-bind--hidden=\"!state.hasPdfPreview\" hidden class=\"wp-block-file__embed\" data=\"https:\/\/www.asso-unil.ch\/pangea\/files\/2025\/02\/PV-AG_Pangea_2024.pdf\" type=\"application\/pdf\" style=\"width:100%;height:600px\" aria-label=\"Contenu embarqu\u00e9 PV-AG_Pangea_2024.\"><\/object><a id=\"wp-block-file--media-452faa67-2e99-43bb-b15c-de5ad366a068\" href=\"https:\/\/www.asso-unil.ch\/pangea\/files\/2025\/02\/PV-AG_Pangea_2024.pdf\">PV-AG_Pangea_2024<\/a><a href=\"https:\/\/www.asso-unil.ch\/pangea\/files\/2025\/02\/PV-AG_Pangea_2024.pdf\" class=\"wp-block-file__button wp-element-button\" download aria-describedby=\"wp-block-file--media-452faa67-2e99-43bb-b15c-de5ad366a068\">T\u00e9l\u00e9charger<\/a><\/div>\n","protected":false},"excerpt":{"rendered":"<p>Le proc\u00e8s Verbal de l&rsquo;AG du 15 novembre 2024 est disponible ci-dessous : \u00a0<\/p>\n","protected":false},"author":1001087,"featured_media":0,"parent":37,"menu_order":0,"comment_status":"closed","ping_status":"closed","template":"","meta":{"_seopress_robots_primary_cat":"","_seopress_titles_title":"","_seopress_titles_desc":"","_seopress_robots_index":"","footnotes":""},"class_list":["post-41","page","type-page","status-publish"],"_links":{"self":[{"href":"https:\/\/www.asso-unil.ch\/pangea\/wp-json\/wp\/v2\/pages\/41","targetHints":{"allow":["GET"]}}],"collection":[{"href":"https:\/\/www.asso-unil.ch\/pangea\/wp-json\/wp\/v2\/pages"}],"about":[{"href":"https:\/\/www.asso-unil.ch\/pangea\/wp-json\/wp\/v2\/types\/page"}],"author":[{"embeddable":true,"href":"https:\/\/www.asso-unil.ch\/pangea\/wp-json\/wp\/v2\/users\/1001087"}],"replies":[{"embeddable":true,"href":"https:\/\/www.asso-unil.ch\/pangea\/wp-json\/wp\/v2\/comments?post=41"}],"version-history":[{"count":2,"href":"https:\/\/www.asso-unil.ch\/pangea\/wp-json\/wp\/v2\/pages\/41\/revisions"}],"predecessor-version":[{"id":593,"href":"https:\/\/www.asso-unil.ch\/pangea\/wp-json\/wp\/v2\/pages\/41\/revisions\/593"}],"up":[{"embeddable":true,"href":"https:\/\/www.asso-unil.ch\/pangea\/wp-json\/wp\/v2\/pages\/37"}],"wp:attachment":[{"href":"https:\/\/www.asso-unil.ch\/pangea\/wp-json\/wp\/v2\/media?parent=41"}],"curies":[{"name":"wp","href":"https:\/\/api.w.org\/{rel}","templated":true}]}}