{"id":37,"date":"2017-02-16T18:16:30","date_gmt":"2017-02-16T17:16:30","guid":{"rendered":"http:\/\/www.asso-unil.ch\/pangea\/?page_id=37"},"modified":"2019-03-21T14:39:49","modified_gmt":"2019-03-21T13:39:49","slug":"administratif","status":"publish","type":"page","link":"https:\/\/www.asso-unil.ch\/pangea\/administratif\/","title":{"rendered":"Administratif"},"content":{"rendered":"<p>PANGEA a ses statuts d\u00e9pos\u00e9s aupr\u00e8s de l&rsquo;universit\u00e9 de Lausanne. D\u00e9s lors, cela fait de l&rsquo;association une \u00ab\u00a0association non-repr\u00e9sentative reconnue\u00a0\u00bb par l&rsquo;Universit\u00e9.<\/p>\n<p>Les statuts de l&rsquo;association sont disponibles ci dessous :<\/p>\n<p><a href=\"https:\/\/www.asso-unil.ch\/pangea\/files\/2019\/03\/Pangea_Statuts_2016.pdf\">Pangea_Statuts_2016<\/a><\/p>\n","protected":false},"excerpt":{"rendered":"<p>PANGEA a ses statuts d\u00e9pos\u00e9s aupr\u00e8s de l&rsquo;universit\u00e9 de Lausanne. D\u00e9s lors, cela fait de l&rsquo;association une \u00ab\u00a0association non-repr\u00e9sentative reconnue\u00a0\u00bb par l&rsquo;Universit\u00e9. Les statuts de l&rsquo;association sont disponibles ci dessous : Pangea_Statuts_2016<\/p>\n","protected":false},"author":1001087,"featured_media":0,"parent":0,"menu_order":0,"comment_status":"closed","ping_status":"closed","template":"","meta":{"_seopress_robots_primary_cat":"","_seopress_titles_title":"","_seopress_titles_desc":"","_seopress_robots_index":"","footnotes":""},"class_list":["post-37","page","type-page","status-publish"],"_links":{"self":[{"href":"https:\/\/www.asso-unil.ch\/pangea\/wp-json\/wp\/v2\/pages\/37","targetHints":{"allow":["GET"]}}],"collection":[{"href":"https:\/\/www.asso-unil.ch\/pangea\/wp-json\/wp\/v2\/pages"}],"about":[{"href":"https:\/\/www.asso-unil.ch\/pangea\/wp-json\/wp\/v2\/types\/page"}],"author":[{"embeddable":true,"href":"https:\/\/www.asso-unil.ch\/pangea\/wp-json\/wp\/v2\/users\/1001087"}],"replies":[{"embeddable":true,"href":"https:\/\/www.asso-unil.ch\/pangea\/wp-json\/wp\/v2\/comments?post=37"}],"version-history":[{"count":0,"href":"https:\/\/www.asso-unil.ch\/pangea\/wp-json\/wp\/v2\/pages\/37\/revisions"}],"wp:attachment":[{"href":"https:\/\/www.asso-unil.ch\/pangea\/wp-json\/wp\/v2\/media?parent=37"}],"curies":[{"name":"wp","href":"https:\/\/api.w.org\/{rel}","templated":true}]}}