{"id":30,"date":"2017-02-16T18:13:53","date_gmt":"2017-02-16T17:13:53","guid":{"rendered":"http:\/\/www.asso-unil.ch\/pangea\/?page_id=30"},"modified":"2019-02-25T15:54:26","modified_gmt":"2019-02-25T14:54:26","slug":"activites","status":"publish","type":"page","link":"https:\/\/www.asso-unil.ch\/pangea\/activites\/","title":{"rendered":"Activit\u00e9s"},"content":{"rendered":"<p>L&rsquo;association organise une s\u00e9rie d&rsquo;activit\u00e9 et informe ses membres par mail de leur tenue. Vous \u00eates membres de la communaut\u00e9 g\u00e9ologique de Lausanne ? Inscrivez-vous sur notre formulaire de contact pour recevoir les informations !<\/p>\n<p>Vous trouverez les articles des \u00e9v\u00e9nements pass\u00e9s <a href=\"https:\/\/www.asso-unil.ch\/pangea\/activites\/activites-futures\/\">ici .<\/a><\/p>\n<p>Vous trouverez aussi les informations quand \u00e0 la vente de mat\u00e9riel g\u00e9ologique <a href=\"https:\/\/www.asso-unil.ch\/pangea\/activites\/vente-de-materiel-geologique-2\/\">ici !<\/a><\/p>\n","protected":false},"excerpt":{"rendered":"<p>L&rsquo;association organise une s\u00e9rie d&rsquo;activit\u00e9 et informe ses membres par mail de leur tenue. Vous \u00eates membres de la communaut\u00e9 g\u00e9ologique de Lausanne ? Inscrivez-vous sur notre formulaire de contact pour recevoir les informations ! Vous trouverez les articles des \u00e9v\u00e9nements pass\u00e9s ici . Vous trouverez aussi les informations quand \u00e0 la vente de mat\u00e9riel &hellip; <a href=\"https:\/\/www.asso-unil.ch\/pangea\/activites\/\" class=\"more-link\">Continuer la lecture<span class=\"screen-reader-text\"> de &laquo;&nbsp;Activit\u00e9s&nbsp;&raquo;<\/span><\/a><\/p>\n","protected":false},"author":1001087,"featured_media":0,"parent":0,"menu_order":0,"comment_status":"closed","ping_status":"closed","template":"","meta":{"_seopress_robots_primary_cat":"","_seopress_titles_title":"","_seopress_titles_desc":"","_seopress_robots_index":"","footnotes":""},"class_list":["post-30","page","type-page","status-publish"],"_links":{"self":[{"href":"https:\/\/www.asso-unil.ch\/pangea\/wp-json\/wp\/v2\/pages\/30","targetHints":{"allow":["GET"]}}],"collection":[{"href":"https:\/\/www.asso-unil.ch\/pangea\/wp-json\/wp\/v2\/pages"}],"about":[{"href":"https:\/\/www.asso-unil.ch\/pangea\/wp-json\/wp\/v2\/types\/page"}],"author":[{"embeddable":true,"href":"https:\/\/www.asso-unil.ch\/pangea\/wp-json\/wp\/v2\/users\/1001087"}],"replies":[{"embeddable":true,"href":"https:\/\/www.asso-unil.ch\/pangea\/wp-json\/wp\/v2\/comments?post=30"}],"version-history":[{"count":0,"href":"https:\/\/www.asso-unil.ch\/pangea\/wp-json\/wp\/v2\/pages\/30\/revisions"}],"wp:attachment":[{"href":"https:\/\/www.asso-unil.ch\/pangea\/wp-json\/wp\/v2\/media?parent=30"}],"curies":[{"name":"wp","href":"https:\/\/api.w.org\/{rel}","templated":true}]}}