{"id":26,"date":"2017-02-16T18:13:05","date_gmt":"2017-02-16T17:13:05","guid":{"rendered":"http:\/\/www.asso-unil.ch\/pangea\/?page_id=26"},"modified":"2023-07-21T15:35:10","modified_gmt":"2023-07-21T13:35:10","slug":"presentation","status":"publish","type":"page","link":"https:\/\/www.asso-unil.ch\/pangea\/","title":{"rendered":"Pr\u00e9sentation"},"content":{"rendered":"\n<figure class=\"wp-block-image size-full\"><img alt=\"\" loading=\"lazy\" decoding=\"async\" width=\"906\" height=\"392\" src=\"https:\/\/www.asso-unil.ch\/pangea\/files\/2023\/03\/image-4.jpeg\" alt=\"\" class=\"wp-image-418\" srcset=\"https:\/\/www.asso-unil.ch\/pangea\/files\/2023\/03\/image-4.jpeg 906w, https:\/\/www.asso-unil.ch\/pangea\/files\/2023\/03\/image-4-300x130.jpeg 300w, https:\/\/www.asso-unil.ch\/pangea\/files\/2023\/03\/image-4-768x332.jpeg 768w\" sizes=\"auto, (max-width: 709px) 85vw, (max-width: 909px) 67vw, (max-width: 1362px) 62vw, 840px\" \/><\/figure>\n\n\n<p>PANGEA est l&rsquo;association des \u00e9tudiants (-es) et des alumnis en g\u00e9osciences et environnement option G\u00e9ologie de l&rsquo;Universit\u00e9 de Lausanne.<\/p>\n<p>Voici les points-cl\u00e9s de l&rsquo;association :\u00a0<\/p>\n<ul>\n<li>Renforcer les liens entre les \u00e9tudiants et les anciens \u00e9tudiants en Sciences de la\u00a0Terre de l\u2019UNIL<\/li>\n<li>Renforcer les liens entre ses membres actuels et pass\u00e9s<\/li>\n<li>Renforcer ses liens avec l\u2019Institut des Sciences de la Terre de l\u2019UNIL<\/li>\n<li>Aiguiser les int\u00e9r\u00eats pour la g\u00e9ologie<\/li>\n<li>Assister et informer ses membres tout au long de leur cursus universitaire<\/li>\n<li>Repr\u00e9senter ses membres aupr\u00e8s de l\u2019ext\u00e9rieur<\/li>\n<li>D\u00e9fendre les droits des \u00e9tudiants, d\u00e9velopper des projets pour assurer le bien \u00eatre des \u00e9tudiants\u00a0<\/li>\n<li>Promouvoir et valoriser la formation lausannoise aupr\u00e8s des milieux g\u00e9ologiques en Suisse et \u00e0 l\u2019\u00e9tranger<\/li>\n<li>Aide aux financements des camps de terrain\u00a0<\/li>\n<li>Superviser la vente de mat\u00e9riel pour g\u00e9ologues<\/li>\n<\/ul>","protected":false},"excerpt":{"rendered":"<p>PANGEA est l&rsquo;association des \u00e9tudiants (-es) et des alumnis en g\u00e9osciences et environnement option G\u00e9ologie de l&rsquo;Universit\u00e9 de Lausanne. Voici les points-cl\u00e9s de l&rsquo;association :\u00a0 Renforcer les liens entre les \u00e9tudiants et les anciens \u00e9tudiants en Sciences de la\u00a0Terre de l\u2019UNIL Renforcer les liens entre ses membres actuels et pass\u00e9s Renforcer ses liens avec l\u2019Institut &hellip; <a href=\"https:\/\/www.asso-unil.ch\/pangea\/\" class=\"more-link\">Continuer la lecture<span class=\"screen-reader-text\"> de &laquo;&nbsp;Pr\u00e9sentation&nbsp;&raquo;<\/span><\/a><\/p>\n","protected":false},"author":1001087,"featured_media":0,"parent":0,"menu_order":1,"comment_status":"closed","ping_status":"closed","template":"","meta":{"_seopress_robots_primary_cat":"","_seopress_titles_title":"","_seopress_titles_desc":"","_seopress_robots_index":"","footnotes":""},"class_list":["post-26","page","type-page","status-publish"],"_links":{"self":[{"href":"https:\/\/www.asso-unil.ch\/pangea\/wp-json\/wp\/v2\/pages\/26","targetHints":{"allow":["GET"]}}],"collection":[{"href":"https:\/\/www.asso-unil.ch\/pangea\/wp-json\/wp\/v2\/pages"}],"about":[{"href":"https:\/\/www.asso-unil.ch\/pangea\/wp-json\/wp\/v2\/types\/page"}],"author":[{"embeddable":true,"href":"https:\/\/www.asso-unil.ch\/pangea\/wp-json\/wp\/v2\/users\/1001087"}],"replies":[{"embeddable":true,"href":"https:\/\/www.asso-unil.ch\/pangea\/wp-json\/wp\/v2\/comments?post=26"}],"version-history":[{"count":0,"href":"https:\/\/www.asso-unil.ch\/pangea\/wp-json\/wp\/v2\/pages\/26\/revisions"}],"wp:attachment":[{"href":"https:\/\/www.asso-unil.ch\/pangea\/wp-json\/wp\/v2\/media?parent=26"}],"curies":[{"name":"wp","href":"https:\/\/api.w.org\/{rel}","templated":true}]}}