{"id":94,"date":"2020-12-13T12:36:53","date_gmt":"2020-12-13T11:36:53","guid":{"rendered":"https:\/\/www.asso-unil.ch\/paires\/?page_id=94"},"modified":"2020-12-13T12:42:41","modified_gmt":"2020-12-13T11:42:41","slug":"inscription-pour-un-tandem","status":"publish","type":"page","link":"https:\/\/www.asso-unil.ch\/paires\/inscription-pour-un-tandem\/","title":{"rendered":"Inscription pour un tandem"},"content":{"rendered":"\n<h4 class=\"wp-block-heading\"><strong>Comment puis-je devenir \u00ab\u00a0bin\u00f4me d\u2019ici\u00a0\u00bb ?<\/strong><\/h4>\n\n\n\n<p>C\u2019est tr\u00e8s simple !&nbsp;<\/p>\n\n\n\n<ul class=\"wp-block-list\"><li>Afin de nous assurer de mettre en relation des personnes ayant les m\u00eames attentes pour le tandem, nous demandons simplement de<strong>\u00a0remplir le questionnaire<\/strong>\u00a0<strong>en ligne<\/strong>\u00a0ci-dessous.<\/li><li><strong>Une\u00a0s\u00e9ance information <\/strong>d\u2019environ 45 minutes est ensuite fix\u00e9e avec un responsable tandem de l\u2019association et d&rsquo;autres nouveaux inscrits pour mieux comprendre vos attentes et motivations, et r\u00e9pondre \u00e0 vos questions. C\u2019est aussi l\u2019occasion de faire une petite<strong>\u00a0\u00ab\u00a0formation\u00a0\u00bb\u00a0<\/strong>pour vous familiariser avec les multiples questions en lien avec la migration et bien vous expliquer le projet. <\/li><li>Nous vous attribuons ensuite un bin\u00f4me requ\u00e9rant d\u2019asile ou r\u00e9fugi\u00e9. Puis,\u00a0<strong>nous organisons la premi\u00e8re rencontre<\/strong>\u00a0entre vous et votre bin\u00f4me \u00e0 laquelle nous assistons avant de vous laisser vous organiser de mani\u00e8re autonome. Dans tous les cas, nous restons disponibles pour des demandes ou questions particuli\u00e8res.<\/li><\/ul>\n\n\n\n<h4 class=\"wp-block-heading\">O\u00f9 cr\u00e9er votre tandem ?<\/h4>\n\n\n\n<ul class=\"wp-block-list\"><li>Vous avez le choix de cr\u00e9er votre tandem dans la\u00a0<strong>r\u00e9gion de Lausanne ou d\u2019Yverdon<\/strong>, puisque l&rsquo;association PAIRES a \u00e9galement un \u00e9quipe \u00e0 Yverdon qui recherche activement des bin\u00f4mes d&rsquo;ici. <\/li><li>Si vous habitez dans une autre r\u00e9gion du canton de Vaud, n\u2019h\u00e9sitez pas \u00e0 nous contacter par e-mail et nous vous mettrons volontiers en contact avec l\u2019association Action-Parrainages qui travaille dans tout le canton.<\/li><\/ul>\n\n\n\n<div class=\"wp-block-buttons is-layout-flex wp-block-buttons-is-layout-flex\">\n<div class=\"wp-block-button\"><a class=\"wp-block-button__link\" href=\"https:\/\/docs.google.com\/forms\/d\/e\/1FAIpQLSeE9GpoNFm0mceVYtwztJVpY26W-Txu0RsP4XRHB1O8tM18Fg\/viewform\">Questionnaire r\u00e9gion Lausanne<\/a><\/div>\n\n\n\n<div class=\"wp-block-button\"><a class=\"wp-block-button__link\" href=\"https:\/\/docs.google.com\/forms\/d\/1XmuIpKcvFAxT7d11tVjVXDhYDymlGfSFVESHcxEWU-8\/viewform\">Questionnaire r\u00e9gion Yverdon<\/a><\/div>\n<\/div>\n\n\n\n<p><\/p>\n","protected":false},"excerpt":{"rendered":"<p>Comment puis-je devenir \u00ab\u00a0bin\u00f4me d\u2019ici\u00a0\u00bb ? C\u2019est tr\u00e8s simple !&nbsp; Afin de nous assurer de mettre en relation des personnes ayant les m\u00eames attentes pour le tandem, nous demandons simplement de\u00a0remplir le questionnaire\u00a0en ligne\u00a0ci-dessous. Une\u00a0s\u00e9ance information d\u2019environ 45 minutes est ensuite fix\u00e9e avec un responsable tandem de l\u2019association et d&rsquo;autres nouveaux inscrits pour mieux comprendre &hellip; <\/p>\n<p class=\"link-more\"><a href=\"https:\/\/www.asso-unil.ch\/paires\/inscription-pour-un-tandem\/\" class=\"more-link\">Continuer la lecture<span class=\"screen-reader-text\"> de &laquo;&nbsp;Inscription pour un tandem&nbsp;&raquo;<\/span><\/a><\/p>\n","protected":false},"author":1001212,"featured_media":0,"parent":0,"menu_order":0,"comment_status":"closed","ping_status":"closed","template":"","meta":{"_seopress_robots_primary_cat":"","_seopress_titles_title":"","_seopress_titles_desc":"","_seopress_robots_index":"","footnotes":""},"class_list":["post-94","page","type-page","status-publish"],"_links":{"self":[{"href":"https:\/\/www.asso-unil.ch\/paires\/wp-json\/wp\/v2\/pages\/94","targetHints":{"allow":["GET"]}}],"collection":[{"href":"https:\/\/www.asso-unil.ch\/paires\/wp-json\/wp\/v2\/pages"}],"about":[{"href":"https:\/\/www.asso-unil.ch\/paires\/wp-json\/wp\/v2\/types\/page"}],"author":[{"embeddable":true,"href":"https:\/\/www.asso-unil.ch\/paires\/wp-json\/wp\/v2\/users\/1001212"}],"replies":[{"embeddable":true,"href":"https:\/\/www.asso-unil.ch\/paires\/wp-json\/wp\/v2\/comments?post=94"}],"version-history":[{"count":0,"href":"https:\/\/www.asso-unil.ch\/paires\/wp-json\/wp\/v2\/pages\/94\/revisions"}],"wp:attachment":[{"href":"https:\/\/www.asso-unil.ch\/paires\/wp-json\/wp\/v2\/media?parent=94"}],"curies":[{"name":"wp","href":"https:\/\/api.w.org\/{rel}","templated":true}]}}