{"id":87,"date":"2020-12-13T12:40:28","date_gmt":"2020-12-13T11:40:28","guid":{"rendered":"https:\/\/www.asso-unil.ch\/paires\/?page_id=87"},"modified":"2020-12-13T12:42:52","modified_gmt":"2020-12-13T11:42:52","slug":"inscription-pour-un-soutien-a-la-formation","status":"publish","type":"page","link":"https:\/\/www.asso-unil.ch\/paires\/inscription-pour-un-soutien-a-la-formation\/","title":{"rendered":"Inscription pour un soutien \u00e0 la formation"},"content":{"rendered":"\n<p>En collaboration avec les associations <a href=\"https:\/\/www.metislausanne.ch\/\">M.E.T.I.S.<\/a> et <a href=\"https:\/\/www.asso-unil.ch\/unilsansfrontieres\/\">UNIL sans fronti\u00e8res<\/a>, nous avons lanc\u00e9 un projet de <strong>cours d\u2019appui et accompagnements universitaires<\/strong>.<\/p>\n\n\n\n<p>Ce sont des appuis pour les personnes qui ont commenc\u00e9 des apprentissages ou qui se pr\u00e9parent aux examens d\u2019admission. Il y a un besoin dans toutes les branches, mais principalement en <strong>fran\u00e7ais<\/strong> et en <strong>math\u00e9matiques<\/strong>. L\u2019accompagnement universitaire consiste \u00e0 aider une personne issue de la migration dans son cursus, notamment en l\u2019aidant pour le fran\u00e7ais et pour le c\u00f4t\u00e9 administratif des \u00e9tudes universitaires.<\/p>\n\n\n\n<p>Il s\u2019agit de donner un appui d\u2019environ <strong>1-2 heures par semaine<\/strong>. Cela permettra aux jeunes qui ont commenc\u00e9 leur apprentissage ou \u00e9tudes universitaires d\u2019avoir le maximum de chance de le r\u00e9ussir ainsi que de bien commencer leur rentr\u00e9e, mais \u00e9galement de permettre aux autres de justement commencer ce type de formations.<\/p>\n\n\n\n<h5 class=\"wp-block-heading\"><strong>Le projet vous tente et vous avez un peu de temps ?<\/strong><\/h5>\n\n\n\n<div class=\"wp-block-buttons aligncenter is-layout-flex wp-block-buttons-is-layout-flex\">\n<div class=\"wp-block-button\"><a class=\"wp-block-button__link\" href=\"https:\/\/docs.google.com\/forms\/d\/e\/1FAIpQLSdl-OrPE06iefhlPldMTJcrq-yTguUzq5anhTL4TiJ29AlE7A\/viewform?usp=sf_link\">Remplir le formulaire<\/a><\/div>\n<\/div>\n\n\n\n<p><\/p>\n","protected":false},"excerpt":{"rendered":"<p>En collaboration avec les associations M.E.T.I.S. et UNIL sans fronti\u00e8res, nous avons lanc\u00e9 un projet de cours d\u2019appui et accompagnements universitaires. Ce sont des appuis pour les personnes qui ont commenc\u00e9 des apprentissages ou qui se pr\u00e9parent aux examens d\u2019admission. Il y a un besoin dans toutes les branches, mais principalement en fran\u00e7ais et en &hellip; <\/p>\n<p class=\"link-more\"><a href=\"https:\/\/www.asso-unil.ch\/paires\/inscription-pour-un-soutien-a-la-formation\/\" class=\"more-link\">Continuer la lecture<span class=\"screen-reader-text\"> de &laquo;&nbsp;Inscription pour un soutien \u00e0 la formation&nbsp;&raquo;<\/span><\/a><\/p>\n","protected":false},"author":1001212,"featured_media":0,"parent":0,"menu_order":0,"comment_status":"closed","ping_status":"closed","template":"","meta":{"_seopress_robots_primary_cat":"","_seopress_titles_title":"","_seopress_titles_desc":"","_seopress_robots_index":"","footnotes":""},"class_list":["post-87","page","type-page","status-publish"],"_links":{"self":[{"href":"https:\/\/www.asso-unil.ch\/paires\/wp-json\/wp\/v2\/pages\/87","targetHints":{"allow":["GET"]}}],"collection":[{"href":"https:\/\/www.asso-unil.ch\/paires\/wp-json\/wp\/v2\/pages"}],"about":[{"href":"https:\/\/www.asso-unil.ch\/paires\/wp-json\/wp\/v2\/types\/page"}],"author":[{"embeddable":true,"href":"https:\/\/www.asso-unil.ch\/paires\/wp-json\/wp\/v2\/users\/1001212"}],"replies":[{"embeddable":true,"href":"https:\/\/www.asso-unil.ch\/paires\/wp-json\/wp\/v2\/comments?post=87"}],"version-history":[{"count":0,"href":"https:\/\/www.asso-unil.ch\/paires\/wp-json\/wp\/v2\/pages\/87\/revisions"}],"wp:attachment":[{"href":"https:\/\/www.asso-unil.ch\/paires\/wp-json\/wp\/v2\/media?parent=87"}],"curies":[{"name":"wp","href":"https:\/\/api.w.org\/{rel}","templated":true}]}}