{"id":7,"date":"2019-11-28T16:00:38","date_gmt":"2019-11-28T15:00:38","guid":{"rendered":"http:\/\/www.asso-unil.ch\/modele\/?page_id=7"},"modified":"2021-01-09T14:59:33","modified_gmt":"2021-01-09T13:59:33","slug":"home","status":"publish","type":"page","link":"https:\/\/www.asso-unil.ch\/paires\/","title":{"rendered":"Accueil"},"content":{"rendered":"\n<p>L\u2019association PAIRES-UNIL est une section de l\u2019association \u00e0 but non lucratif <a href=\"https:\/\/projet-paires.ch\/\" target=\"_blank\" rel=\"noreferrer noopener\">PAIRES<\/a> (Projet pour l\u2019Aide \u00e0 l\u2019Inclusion des R\u00e9fugi\u00e9\u00b7e\u00b7s en Suisse). Sa mission est de favoriser l\u2019int\u00e9gration en Suisse des personnes issues de la migration en cr\u00e9ant des liens entre elles et les personnes \u00e9tablies en Suisse. Depuis sa fondation en 2017 par trois \u00e9tudiant\u00b7e\u00b7s de l\u2019Universit\u00e9 de Lausanne, PAIRES compte 450 tandems cr\u00e9\u00e9s entre des personnes \u00e9tablies en Suisse (bin\u00f4me d\u2019ici) et des personnes issues de la migration (bin\u00f4me d\u2019ailleurs), dont environ 300 sont encore actifs.\u00a0<\/p>\n\n\n\n<p>L\u2019association PAIRES-UNIL, active depuis septembre 2020, a \u00e9t\u00e9 cr\u00e9\u00e9e dans le but d\u2019\u00e9tendre les activit\u00e9s de l\u2019association au campus universitaire et d\u2019offrir l\u2019opportunit\u00e9 de cr\u00e9er des contacts entre les personnes issues de la migration et les \u00e9tudiant\u00b7e\u00b7s de l\u2019Universit\u00e9 de Lausanne.<\/p>\n\n\n\n<p>Les contacts peuvent se faire sous forme de <strong>tandems d\u2019int\u00e9gration<\/strong> entre une personne d\u2019ici et une personne d\u2019ailleurs ou par le biais de <strong>cours d\u2019appui ou d&rsquo;accompagnement \u00e0 la formation<\/strong> pour des personnes issues de la migration qui suivent ou souhaitent suivre une formation professionnelle ou universitaire. Cela peut prendre la forme d\u2019un soutien scolaire ou administratif selon les besoins de la personne.<\/p>\n\n\n\n<div class=\"wp-block-buttons aligncenter is-layout-flex wp-block-buttons-is-layout-flex\">\n<div class=\"wp-block-button\"><a class=\"wp-block-button__link\" href=\"https:\/\/www.asso-unil.ch\/paires\/sinscrire\/\" target=\"_blank\" rel=\"noreferrer noopener\">Plus d&rsquo;information<\/a><\/div>\n<\/div>\n\n\n\n<p><\/p>\n\n\n\n<p>PAIRES-UNIL souhaite \u00e9galement sensibiliser la communaut\u00e9 universitaire aux enjeux li\u00e9s \u00e0 la migration et \u00e0 l\u2019asile en organisant des \u00e9v\u00e9nements sur le campus, tels que des conf\u00e9rences, discussions, ateliers ou activit\u00e9s culturelles, en partenariat avec les autres associations actives dans ce domaine. <\/p>\n\n\n\n<p>Si vous souhaitez \u00eatre tenus au courant de nos activit\u00e9s, vous pouvez nous contacter par e-mail \u00e0 l&rsquo;adresse <a href=\"mailto:paires@asso-unil.ch\" target=\"_blank\" rel=\"noreferrer noopener\">paires@asso-unil.<\/a><a href=\"mailto:paires@asso-unil.ch\">ch<\/a> ou sur notre <a href=\"https:\/\/www.facebook.com\/PAIRESUNIL\" target=\"_blank\" rel=\"noreferrer noopener\">page facebook<\/a>.<\/p>\n","protected":false},"excerpt":{"rendered":"<p>L\u2019association PAIRES-UNIL est une section de l\u2019association \u00e0 but non lucratif PAIRES (Projet pour l\u2019Aide \u00e0 l\u2019Inclusion des R\u00e9fugi\u00e9\u00b7e\u00b7s en Suisse). Sa mission est de favoriser l\u2019int\u00e9gration en Suisse des personnes issues de la migration en cr\u00e9ant des liens entre elles et les personnes \u00e9tablies en Suisse. Depuis sa fondation en 2017 par trois \u00e9tudiant\u00b7e\u00b7s &hellip; <\/p>\n<p class=\"link-more\"><a href=\"https:\/\/www.asso-unil.ch\/paires\/\" class=\"more-link\">Continuer la lecture<span class=\"screen-reader-text\"> de &laquo;&nbsp;Accueil&nbsp;&raquo;<\/span><\/a><\/p>\n","protected":false},"author":6,"featured_media":0,"parent":0,"menu_order":0,"comment_status":"closed","ping_status":"closed","template":"","meta":{"_seopress_robots_primary_cat":"","_seopress_titles_title":"","_seopress_titles_desc":"","_seopress_robots_index":"","footnotes":""},"class_list":["post-7","page","type-page","status-publish"],"_links":{"self":[{"href":"https:\/\/www.asso-unil.ch\/paires\/wp-json\/wp\/v2\/pages\/7","targetHints":{"allow":["GET"]}}],"collection":[{"href":"https:\/\/www.asso-unil.ch\/paires\/wp-json\/wp\/v2\/pages"}],"about":[{"href":"https:\/\/www.asso-unil.ch\/paires\/wp-json\/wp\/v2\/types\/page"}],"author":[{"embeddable":true,"href":"https:\/\/www.asso-unil.ch\/paires\/wp-json\/wp\/v2\/users\/6"}],"replies":[{"embeddable":true,"href":"https:\/\/www.asso-unil.ch\/paires\/wp-json\/wp\/v2\/comments?post=7"}],"version-history":[{"count":0,"href":"https:\/\/www.asso-unil.ch\/paires\/wp-json\/wp\/v2\/pages\/7\/revisions"}],"wp:attachment":[{"href":"https:\/\/www.asso-unil.ch\/paires\/wp-json\/wp\/v2\/media?parent=7"}],"curies":[{"name":"wp","href":"https:\/\/api.w.org\/{rel}","templated":true}]}}