{"id":121,"date":"2021-01-01T15:38:11","date_gmt":"2021-01-01T14:38:11","guid":{"rendered":"https:\/\/www.asso-unil.ch\/paires\/?page_id=121"},"modified":"2021-01-11T14:28:34","modified_gmt":"2021-01-11T13:28:34","slug":"sinscrire","status":"publish","type":"page","link":"https:\/\/www.asso-unil.ch\/paires\/sinscrire\/","title":{"rendered":"S&rsquo;engager"},"content":{"rendered":"\n<p><strong>Tandems<\/strong><\/p>\n\n\n\n<p>Les tandems ont pour but principal l\u2019int\u00e9gration sociale des personnes issues de la migration. Il s\u2019agit donc de se rencontrer une heure par semaine, ou quelques heures toutes les deux semaines pour discuter ou faire des activit\u00e9s ensemble et ce pendant 6 \u00e0 9 mois au minimum. Certaines personnes demandent \u00e9galement un petit soutien administratif (recherche d\u2019emploi ou de logement), mais seulement si le b\u00e9n\u00e9vole est d\u2019accord de le faire.<\/p>\n\n\n\n<p>La cr\u00e9ation des tandems entre les personnes d\u2019ici et d\u2019ailleurs s\u2019effectue sous la supervision d\u2019un\u00b7e membre de l\u2019association. Apr\u00e8s un premier contact via le formulaire d\u2019inscription, une s\u00e9ance d\u2019information est organis\u00e9e dans le but d\u2019expliquer le projet et de d\u00e9finir les attentes des deux parties. Le tandem est ensuite cr\u00e9\u00e9 et une personne de l\u2019association reste disponible pour assurer un suivi et aiguiller chacun des bin\u00f4mes dans leurs \u00e9changes et projets.<\/p>\n\n\n\n<div class=\"wp-block-buttons aligncenter is-layout-flex wp-block-buttons-is-layout-flex\">\n<div class=\"wp-block-button\"><a class=\"wp-block-button__link\" href=\"https:\/\/www.asso-unil.ch\/paires\/inscription-pour-un-tandem\/\">S&rsquo;inscrire pour un tandem<\/a><\/div>\n<\/div>\n\n\n\n<p><\/p>\n\n\n\n<p><\/p>\n\n\n\n<p><strong>Cours d\u2019appui et accompagnement \u00e0 la formation<\/strong><\/p>\n\n\n\n<p>PAIRES-UNIL collabore \u00e9troitement avec les associations <a href=\"https:\/\/www.metislausanne.ch\/\">M.E.T.I.S <\/a>et <a href=\"https:\/\/www.asso-unil.ch\/unilsansfrontieres\/\">UNIL sans fronti\u00e8res<\/a> dans l\u2019organisation de cours d\u2019appui et d\u2019accompagnements universitaire.<\/p>\n\n\n\n<p>Les personnes int\u00e9ress\u00e9es \u00e0 offrir un soutien \u00e0 la formation \u00e0 une personne issue de la migration ont deux possibilit\u00e9s. La premi\u00e8re est de donner des cours d\u2019appui, de fran\u00e7ais et de math\u00e9matiques principalement, \u00e0 des apprenti\u00b7e\u00b7s en formation ou qui pr\u00e9parent leur entr\u00e9e en apprentissage. La deuxi\u00e8me est d\u2019offrir un accompagnement scolaire et\/ou administratif \u00e0 des \u00e9tudiant\u00b7e\u00b7s universitaires ayant commenc\u00e9 leur cursus ou souhaitant s\u2019immatriculer \u00e0 l\u2019universit\u00e9. Nous demandons un investissement d\u2019environ 1-2 heures par semaine.<\/p>\n\n\n\n<div class=\"wp-block-buttons aligncenter is-layout-flex wp-block-buttons-is-layout-flex\">\n<div class=\"wp-block-button\"><a class=\"wp-block-button__link\" href=\"https:\/\/www.asso-unil.ch\/paires\/inscription-pour-un-soutien-a-la-formation\/\">S&rsquo;inscrire pour un soutien \u00e0 la formation<\/a><\/div>\n<\/div>\n\n\n\n<p><\/p>\n","protected":false},"excerpt":{"rendered":"<p>Tandems Les tandems ont pour but principal l\u2019int\u00e9gration sociale des personnes issues de la migration. Il s\u2019agit donc de se rencontrer une heure par semaine, ou quelques heures toutes les deux semaines pour discuter ou faire des activit\u00e9s ensemble et ce pendant 6 \u00e0 9 mois au minimum. Certaines personnes demandent \u00e9galement un petit soutien &hellip; <\/p>\n<p class=\"link-more\"><a href=\"https:\/\/www.asso-unil.ch\/paires\/sinscrire\/\" class=\"more-link\">Continuer la lecture<span class=\"screen-reader-text\"> de &laquo;&nbsp;S&rsquo;engager&nbsp;&raquo;<\/span><\/a><\/p>\n","protected":false},"author":1001212,"featured_media":0,"parent":0,"menu_order":0,"comment_status":"closed","ping_status":"closed","template":"","meta":{"_seopress_robots_primary_cat":"","_seopress_titles_title":"","_seopress_titles_desc":"","_seopress_robots_index":"","footnotes":""},"class_list":["post-121","page","type-page","status-publish"],"_links":{"self":[{"href":"https:\/\/www.asso-unil.ch\/paires\/wp-json\/wp\/v2\/pages\/121","targetHints":{"allow":["GET"]}}],"collection":[{"href":"https:\/\/www.asso-unil.ch\/paires\/wp-json\/wp\/v2\/pages"}],"about":[{"href":"https:\/\/www.asso-unil.ch\/paires\/wp-json\/wp\/v2\/types\/page"}],"author":[{"embeddable":true,"href":"https:\/\/www.asso-unil.ch\/paires\/wp-json\/wp\/v2\/users\/1001212"}],"replies":[{"embeddable":true,"href":"https:\/\/www.asso-unil.ch\/paires\/wp-json\/wp\/v2\/comments?post=121"}],"version-history":[{"count":0,"href":"https:\/\/www.asso-unil.ch\/paires\/wp-json\/wp\/v2\/pages\/121\/revisions"}],"wp:attachment":[{"href":"https:\/\/www.asso-unil.ch\/paires\/wp-json\/wp\/v2\/media?parent=121"}],"curies":[{"name":"wp","href":"https:\/\/api.w.org\/{rel}","templated":true}]}}