{"id":109,"date":"2021-01-09T14:43:22","date_gmt":"2021-01-09T13:43:22","guid":{"rendered":"https:\/\/www.asso-unil.ch\/paires\/?page_id=109"},"modified":"2021-01-11T14:27:02","modified_gmt":"2021-01-11T13:27:02","slug":"sinformer-sur-la-migration","status":"publish","type":"page","link":"https:\/\/www.asso-unil.ch\/paires\/sinformer-sur-la-migration\/","title":{"rendered":"S&rsquo;informer sur la migration"},"content":{"rendered":"\n<p><strong>Informations g\u00e9n\u00e9rales<\/strong><\/p>\n\n\n\n<p>De nombreuses ressources offrent des informations d\u00e9taill\u00e9es sur la th\u00e9matique de la migration. Au niveau national, le site asile.ch propose notamment <a href=\"https:\/\/asile.ch\/memots\/\" target=\"_blank\" rel=\"noreferrer noopener\">un glossaire de la migration<\/a> qui recense et explique les termes les plus importants.&nbsp;<\/p>\n\n\n\n<p><a href=\"https:\/\/www.osar.ch\/\">L\u2019Organisation suisse d\u2019aide aux <\/a><a href=\"https:\/\/www.osar.ch\/\" target=\"_blank\" rel=\"noreferrer noopener\">r\u00e9fugi\u00e9s<\/a><a href=\"https:\/\/www.osar.ch\/\"> OSAR<\/a> met \u00e9galement \u00e0 disposition plusieurs publications sur l\u2019asile en Suisse couvrant les principaux th\u00e8mes tels que les statuts de s\u00e9jour, l\u2019h\u00e9bergement ou l\u2019aide d\u2019urgence.&nbsp;<\/p>\n\n\n\n<p>Au niveau du canton de Vaud, le <a href=\"https:\/\/www.vd.ch\/themes\/population\/integration-des-etrangers-et-prevention-du-racisme\/publications-du-bci\/\" target=\"_blank\" rel=\"noreferrer noopener\">Bureau cantonal pour l\u2019int\u00e9gration des \u00e9trangers et la pr\u00e9vention du racisme BCI<\/a> propose \u00e9galement de la documentation sur l\u2019asile, dont<a href=\"https:\/\/www.asso-unil.ch\/paires\/files\/2021\/01\/De\u0301construire.pdf\" target=\"_blank\" rel=\"noreferrer noopener\"> la brochure \u201c(d\u00e9)-construire l\u2019asile\u201d<\/a>, et sur les th\u00e9matiques du mariage forc\u00e9, les droits politiques des personnes \u00e9trang\u00e8res et l\u2019acc\u00e8s \u00e0 l\u2019emploi.<\/p>\n\n\n\n<p>Au niveau international, l\u2019<a rel=\"noreferrer noopener\" href=\"https:\/\/www.unhcr.org\/fr\/\" target=\"_blank\">Agence des Nations Unies pour les r\u00e9fugi\u00e9s UNHCR <\/a> publie de nombreux documents et statistiques sur la th\u00e9matique migratoire dans le monde entier ainsi qu\u2019en Suisse.\u00a0<\/p>\n\n\n\n<p><\/p>\n\n\n\n<p><strong>Accompagner une personne<\/strong><\/p>\n\n\n\n<p>Pour trouver des informations ou conseils pour le bon d\u00e9roulement d\u2019un tandem, des id\u00e9es d\u2019activit\u00e9s \u00e0 partager ensemble ou d\u2019autres informations concernant la recherche d\u2019emploi ou la recherche d\u2019un logement, une brochure est <a rel=\"noreferrer noopener\" href=\"https:\/\/www.asso-unil.ch\/paires\/files\/2021\/01\/BROCHURE.PAIRES.V17.06.18-pdf.pdf\" target=\"_blank\">disponible en t\u00e9l\u00e9chargement<\/a>  ou sur le <a rel=\"noreferrer noopener\" href=\"https:\/\/projet-paires.ch\/adresses-utiles\/\" target=\"_blank\">site<\/a> de l\u2019association PAIRES. De nombreuses associations ou institutions en lien avec la migration y sont \u00e9galement recens\u00e9es.<\/p>\n","protected":false},"excerpt":{"rendered":"<p>Informations g\u00e9n\u00e9rales De nombreuses ressources offrent des informations d\u00e9taill\u00e9es sur la th\u00e9matique de la migration. Au niveau national, le site asile.ch propose notamment un glossaire de la migration qui recense et explique les termes les plus importants.&nbsp; L\u2019Organisation suisse d\u2019aide aux r\u00e9fugi\u00e9s OSAR met \u00e9galement \u00e0 disposition plusieurs publications sur l\u2019asile en Suisse couvrant les &hellip; <\/p>\n<p class=\"link-more\"><a href=\"https:\/\/www.asso-unil.ch\/paires\/sinformer-sur-la-migration\/\" class=\"more-link\">Continuer la lecture<span class=\"screen-reader-text\"> de &laquo;&nbsp;S&rsquo;informer sur la migration&nbsp;&raquo;<\/span><\/a><\/p>\n","protected":false},"author":1001212,"featured_media":0,"parent":0,"menu_order":0,"comment_status":"closed","ping_status":"closed","template":"","meta":{"_seopress_robots_primary_cat":"","_seopress_titles_title":"","_seopress_titles_desc":"","_seopress_robots_index":"","footnotes":""},"class_list":["post-109","page","type-page","status-publish"],"_links":{"self":[{"href":"https:\/\/www.asso-unil.ch\/paires\/wp-json\/wp\/v2\/pages\/109","targetHints":{"allow":["GET"]}}],"collection":[{"href":"https:\/\/www.asso-unil.ch\/paires\/wp-json\/wp\/v2\/pages"}],"about":[{"href":"https:\/\/www.asso-unil.ch\/paires\/wp-json\/wp\/v2\/types\/page"}],"author":[{"embeddable":true,"href":"https:\/\/www.asso-unil.ch\/paires\/wp-json\/wp\/v2\/users\/1001212"}],"replies":[{"embeddable":true,"href":"https:\/\/www.asso-unil.ch\/paires\/wp-json\/wp\/v2\/comments?post=109"}],"version-history":[{"count":0,"href":"https:\/\/www.asso-unil.ch\/paires\/wp-json\/wp\/v2\/pages\/109\/revisions"}],"wp:attachment":[{"href":"https:\/\/www.asso-unil.ch\/paires\/wp-json\/wp\/v2\/media?parent=109"}],"curies":[{"name":"wp","href":"https:\/\/api.w.org\/{rel}","templated":true}]}}