{"id":9,"date":"2015-02-03T19:29:52","date_gmt":"2015-02-03T18:29:52","guid":{"rendered":"http:\/\/www.asso-unil.ch\/orphi\/?page_id=9"},"modified":"2025-02-18T12:16:23","modified_gmt":"2025-02-18T11:16:23","slug":"contacts","status":"publish","type":"page","link":"https:\/\/www.asso-unil.ch\/orphi\/contacts\/","title":{"rendered":"Contacts"},"content":{"rendered":"<h3>Nous contacter<\/h3>\n<p><strong><em>E-mail<\/em> <\/strong>: <strong><a href=\"mailto:orphi@asso-unil.ch\">orphi@asso-unil.ch<\/a><a href=\"https:\/\/www.twitter.com\/orphilausanne\"><em><br \/>\n<\/em><\/a><em>Facebook<\/em><\/strong> : <a href=\"https:\/\/www.facebook.com\/orphilausanne\">orphilausanne<\/a><\/p>\n<p><em><strong>Adresse postale<\/strong> :<\/em><br \/>\nUniversit\u00e9 de Lausanne<br \/>\n<span style=\"line-height: 1.714285714;font-size: 1rem\">OrPhi<br \/>\n<\/span><span style=\"line-height: 1.714285714;font-size: 1rem\">Espace Associations<br \/>\n<\/span><span style=\"line-height: 1.714285714;font-size: 1rem\">B\u00e2timent Anthropole<br \/>\n<\/span><span style=\"line-height: 1.714285714;font-size: 1rem\">1015 Lausanne<\/span><\/p>\n<h3>Liste de diffusion<\/h3>\n<p>Les activit\u00e9s de l&rsquo;OrPhi sont ouvertes \u00e0 toutes et tous. Si vous d\u00e9sirez \u00eatre tenu.e au courant de nos prochains \u00e9v\u00e9nements, <a href=\"mailto:orphi@asso-unil.ch\">\u00e9crivez-nous<\/a> pour \u00eatre ajout\u00e9.e \u00e0 notre liste de diffusion.<\/p>\n<h3>Le comit\u00e9<\/h3>\n<p>Pr\u00e9sident.e : Aur\u00e9lien Sladen<\/p>\n<p>Vice-pr\u00e9sident.e : Matteo Schr\u00f6der<\/p>\n<p>S\u00e9cretaire : Jonathan G\u00e9rard<\/p>\n<p>Tr\u00e9sorier : Jonas Montenero<\/p>\n<p>Responsables communication : Lucie Aubert &amp; Kair\u00f3s Diniz<\/p>\n<p>Graphiste : Lucie Aubert<\/p>\n<p>Responsable \u00e9v\u00e9nementiel : Pauline Stocker<\/p>\n","protected":false},"excerpt":{"rendered":"<p>Nous contacter E-mail : orphi@asso-unil.ch Facebook : orphilausanne Adresse postale : Universit\u00e9 de Lausanne OrPhi Espace Associations B\u00e2timent Anthropole 1015 Lausanne Liste de diffusion Les activit\u00e9s de l&rsquo;OrPhi sont ouvertes \u00e0 toutes et tous. Si vous d\u00e9sirez \u00eatre tenu.e au courant de nos prochains \u00e9v\u00e9nements, \u00e9crivez-nous pour \u00eatre ajout\u00e9.e \u00e0 notre liste de diffusion. Le [&hellip;]<\/p>\n","protected":false},"author":1001017,"featured_media":0,"parent":0,"menu_order":0,"comment_status":"closed","ping_status":"closed","template":"","meta":{"_seopress_robots_primary_cat":"","_seopress_titles_title":"","_seopress_titles_desc":"","_seopress_robots_index":"","footnotes":""},"class_list":["post-9","page","type-page","status-publish"],"publishpress_future_action":{"enabled":false,"date":"2026-04-28 13:46:02","action":"change-status","newStatus":"draft","terms":[],"taxonomy":"","extraData":[]},"publishpress_future_workflow_manual_trigger":{"enabledWorkflows":[]},"_links":{"self":[{"href":"https:\/\/www.asso-unil.ch\/orphi\/wp-json\/wp\/v2\/pages\/9","targetHints":{"allow":["GET"]}}],"collection":[{"href":"https:\/\/www.asso-unil.ch\/orphi\/wp-json\/wp\/v2\/pages"}],"about":[{"href":"https:\/\/www.asso-unil.ch\/orphi\/wp-json\/wp\/v2\/types\/page"}],"author":[{"embeddable":true,"href":"https:\/\/www.asso-unil.ch\/orphi\/wp-json\/wp\/v2\/users\/1001017"}],"replies":[{"embeddable":true,"href":"https:\/\/www.asso-unil.ch\/orphi\/wp-json\/wp\/v2\/comments?post=9"}],"version-history":[{"count":4,"href":"https:\/\/www.asso-unil.ch\/orphi\/wp-json\/wp\/v2\/pages\/9\/revisions"}],"predecessor-version":[{"id":931,"href":"https:\/\/www.asso-unil.ch\/orphi\/wp-json\/wp\/v2\/pages\/9\/revisions\/931"}],"wp:attachment":[{"href":"https:\/\/www.asso-unil.ch\/orphi\/wp-json\/wp\/v2\/media?parent=9"}],"curies":[{"name":"wp","href":"https:\/\/api.w.org\/{rel}","templated":true}]}}