{"id":7,"date":"2015-02-03T19:29:27","date_gmt":"2015-02-03T18:29:27","guid":{"rendered":"http:\/\/www.asso-unil.ch\/orphi\/?page_id=7"},"modified":"2019-10-01T19:12:40","modified_gmt":"2019-10-01T17:12:40","slug":"organisation","status":"publish","type":"page","link":"https:\/\/www.asso-unil.ch\/orphi\/organisation\/","title":{"rendered":"Organisation"},"content":{"rendered":"<h3>L&rsquo;OrPhi<\/h3>\n<p>Le but de l&rsquo;OrPhi est de contribuer \u00e0 faire vivre et \u00e0 promouvoir la philosophie dans et hors des murs de l\u2019Universit\u00e9. Remise sur pied en 2014, elle propose de nombreux \u00e9v\u00e9nements tout au long du semestre\u00a0: Conf\u00e9rences, d\u00e9bats, sorties, ap\u00e9ros et barbecues. L\u2019OrPhi est constamment \u00e0 la recherche de nouveaux membres pour renforcer son comit\u00e9. Si vous \u00eates \u00e9tudiant-e en philosophie et que la vie associative vous int\u00e9resse, <a title=\"Contacts\" href=\"https:\/\/www.asso-unil.ch\/orphi\/contacts\/\">contactez-nous<\/a> !<\/p>\n<h3>Activit\u00e9s<\/h3>\n<p><strong>L&rsquo;Esprit<br \/>\n<\/strong>Pour stimuler vos esprits, tous les supports sont bons : l&rsquo;OrPhi vous propose des conf\u00e9rences, des lectures, des visionnages, des d\u00e9bats&#8230;. Vous souhaitez enrichir nos esprits ? <a href=\"https:\/\/www.asso-unil.ch\/orphi\/contacts\/\">Contactez sans plus attendre<\/a>.<\/p>\n<p><strong>Le Corps<br \/>\n<\/strong>Ap\u00e9ro, barbecue, week-end \u00e0 la montagne, les activit\u00e9s de l&rsquo;OrPhi peuvent \u00e9galement \u00eatre parfaitement festives, m\u00eame si nous essayons toujours d&rsquo;y mettre une touche de philosophie. Diff\u00e9rentes rencontres ont lieu tout au long de l&rsquo;ann\u00e9e : pour marquer le d\u00e9but et la fin des semestres, pour faire vivre la section de philosophie et permettre \u00e0 tous de se rencontrer dans un cadre d\u00e9tendu. Vous souhaitez enrichir nos corps ? <a href=\"https:\/\/www.asso-unil.ch\/orphi\/contacts\/\">Contactez sans plus attendre<\/a>.<\/p>\n","protected":false},"excerpt":{"rendered":"<p>L&rsquo;OrPhi Le but de l&rsquo;OrPhi est de contribuer \u00e0 faire vivre et \u00e0 promouvoir la philosophie dans et hors des murs de l\u2019Universit\u00e9. Remise sur pied en 2014, elle propose de nombreux \u00e9v\u00e9nements tout au long du semestre\u00a0: Conf\u00e9rences, d\u00e9bats, sorties, ap\u00e9ros et barbecues. L\u2019OrPhi est constamment \u00e0 la recherche de nouveaux membres pour renforcer [&hellip;]<\/p>\n","protected":false},"author":1001017,"featured_media":0,"parent":0,"menu_order":0,"comment_status":"closed","ping_status":"closed","template":"","meta":{"_seopress_robots_primary_cat":"","_seopress_titles_title":"","_seopress_titles_desc":"","_seopress_robots_index":"","footnotes":""},"class_list":["post-7","page","type-page","status-publish"],"publishpress_future_action":{"enabled":false,"date":"2026-04-28 13:45:51","action":"change-status","newStatus":"draft","terms":[],"taxonomy":"","extraData":[]},"publishpress_future_workflow_manual_trigger":{"enabledWorkflows":[]},"_links":{"self":[{"href":"https:\/\/www.asso-unil.ch\/orphi\/wp-json\/wp\/v2\/pages\/7","targetHints":{"allow":["GET"]}}],"collection":[{"href":"https:\/\/www.asso-unil.ch\/orphi\/wp-json\/wp\/v2\/pages"}],"about":[{"href":"https:\/\/www.asso-unil.ch\/orphi\/wp-json\/wp\/v2\/types\/page"}],"author":[{"embeddable":true,"href":"https:\/\/www.asso-unil.ch\/orphi\/wp-json\/wp\/v2\/users\/1001017"}],"replies":[{"embeddable":true,"href":"https:\/\/www.asso-unil.ch\/orphi\/wp-json\/wp\/v2\/comments?post=7"}],"version-history":[{"count":0,"href":"https:\/\/www.asso-unil.ch\/orphi\/wp-json\/wp\/v2\/pages\/7\/revisions"}],"wp:attachment":[{"href":"https:\/\/www.asso-unil.ch\/orphi\/wp-json\/wp\/v2\/media?parent=7"}],"curies":[{"name":"wp","href":"https:\/\/api.w.org\/{rel}","templated":true}]}}