{"id":65,"date":"2015-02-22T17:35:53","date_gmt":"2015-02-22T16:35:53","guid":{"rendered":"http:\/\/www.asso-unil.ch\/orphi\/?page_id=65"},"modified":"2016-09-26T14:08:14","modified_gmt":"2016-09-26T12:08:14","slug":"les-etudiants-en-philo-lisent","status":"publish","type":"page","link":"https:\/\/www.asso-unil.ch\/orphi\/ressources\/les-etudiants-en-philo-lisent\/","title":{"rendered":"Les \u00e9tudiants en philo lisent"},"content":{"rendered":"<h3 style=\"text-align: left\">S\u00e9minaire par et pour les \u00e9tudiants<\/h3>\n<p style=\"text-align: justify\">Ce s\u00e9minaire autonome s\u2019adresse \u00e0 tous les \u00e9tudiants d\u00e9sireux de partager leurs connaissances philosophiques ou d\u2019en acqu\u00e9rir de nouvelles, de mani\u00e8re parall\u00e8le et ind\u00e9pendante des enseignements de la section. Le s\u00e9minaire a lieu quelques fois par semestre, suivant les dispositions et propositions des \u00e9tudiants motiv\u00e9s, et est ouvert \u00e0 tous; il s\u2019organise au fur et \u00e0 mesure que l\u2019ann\u00e9e acad\u00e9mique avance.<\/p>\n<p>En principe, le s\u00e9minaire a lieu \u00e0 partir de 17h30 et se termine entre 19h et 19h30. Il est constitu\u00e9 d\u2019une pr\u00e9sentation (de 20 \u00e0 60 minutes) d\u2019un texte par un \u00e9tudiant, suivie d\u2019une discussion entre les participants. Le s\u00e9minaire ne rapporte aucune validation: les participants viennent par plaisir et curiosit\u00e9 !<\/p>\n<h4>Soumettre une proposition<\/h4>\n<p style=\"text-align: justify\">Pour soumettre une proposition, que vous soyez un \u00e9tudiant en prop\u00e9deutique ou un assistant dipl\u00f4m\u00e9, \u00e9crire un e-mail \u00e0 Lucas Perdrisat (\u00e9tudiant master) en donnant au moins un titre, un texte, et des disponibilit\u00e9s hebdomadaires. Ce s\u00e9minaire vit par la participation \u00e9tudiante. Il est l\u2019occasion d\u2019\u00e9changer et de rencontrer des \u00e9tudiants d\u2019autres horizons et int\u00e9r\u00eats, c\u2019est pourquoi nous esp\u00e9rons vous voir venir jeter un \u0153il \u00e0 nos activit\u00e9s!<\/p>\n<hr \/>\n<div style=\"background-color: #99ff99;padding: 20px\">\n<h3 style=\"text-align: center\">\u2014 Troisi\u00e8me saison \u2014<\/h3>\n<\/div>\n<hr \/>\n<p><strong>25 \u2013 Marx et sa pertinence aujourd\u2019hui<\/strong><\/p>\n<p>Yann Grin<br \/>\nLundi 4 avril 2016, Anthropole 5099, 17h30-19h30<\/p>\n<p><a href=\"https:\/\/www.dropbox.com\/s\/veuaauf3ogcaxj3\/Marx%2C%20Extraits%20du%20Capital.pdf?dl=1\" target=\"_blank\">T\u00e9l\u00e9charger les extraits du Capital<\/a><\/p>\n<hr \/>\n<p><strong>24 \u2013 Spinoza et l&rsquo;amour<\/strong><\/p>\n<p>Texte \u00e0 lire : Spinoza, <em>\u00c9thique<\/em>, III, Prop. 12 + d\u00e9monstration<br \/>\n(Il est n\u00e9cessaire de lire toutes les propositions\u00a0invoqu\u00e9es dans la d\u00e9monstration.)<br \/>\n<a href=\"https:\/\/ethicadb.org\/\" target=\"_blank\">Texte de l&rsquo;\u00c9thique<\/a>\u00a0(Pour la traduction en fran\u00e7ais, s\u00e9lectionnez \u201cAppuhn FR\u201d sous \u201cVersions\u201d sur la droite de la page)<\/p>\n<p>David Pagotto<br \/>\nLundi 23 novembre 2015, Anthropole 5099, 18h-20h<\/p>\n<hr \/>\n<p><strong>23 \u2013 Essai de r\u00e9appropriation philosophique de l&rsquo;Art Brut<\/strong><\/p>\n<p><a href=\"https:\/\/www.dropbox.com\/s\/43qmn9oqauqrvo1\/Honneur%20aux%20valeurs%20sauvages%20%281951%29.pdf?dl=1\" target=\"_blank\">Honneur aux valeurs sauvages<\/a><br \/>\n<a href=\"https:\/\/www.dropbox.com\/s\/o69v4xpsdfn7uct\/Compilation%20de%20textes%20de%20maturit%C3%A9.pdf?dl=1\" target=\"_blank\">Textes de maturit\u00e9<\/a><\/p>\n<p>Raphael Pyroth<br \/>\nLundi 9 novembre 2015, Anthropole 5099, 18h-20h<\/p>\n<hr \/>\n<h4>22 \u2013 Narratologue cherche philosophe pour relation durable<\/h4>\n<p style=\"text-align: justify\">Olivier Stucky<br \/>\nLundi 26 octobre\u00a02015, Anthropole 5099, 18h-20h<\/p>\n<p style=\"text-align: justify\"><a href=\"https:\/\/www.dropbox.com\/s\/6b607tqzhgo1q4o\/narratologuecherchephilosophe.pdf?dl=1\">T\u00e9l\u00e9charger le texte de la conf\u00e9rence<\/a><\/p>\n<p style=\"text-align: justify\"><a href=\"https:\/\/www.dropbox.com\/s\/5yx9r7zagol28xd\/questions_philosophe.pdf?dl=1\" target=\"_blank\">T\u00e9l\u00e9charger les questions au philosophe<\/a><br \/>\n<a href=\"https:\/\/www.dropbox.com\/s\/0zl331d3985490s\/choix_textes.pdf?dl=1\" target=\"_blank\">T\u00e9l\u00e9charger la bibliographie<\/a><\/p>\n<hr \/>\n<h4>21 \u2013 Emmanuel Levinas : Visage et infini<\/h4>\n<p>Ludovic Rime<br \/>\nLundi 12\u00a0octobre\u00a02015, Anthropole 5099, 18h-20h<\/p>\n<p style=\"text-align: justify\"><a href=\"https:\/\/www.dropbox.com\/s\/yp8pfc4qw312a6p\/levinas_visage_et_infini.pdf?dl=1\">T\u00e9l\u00e9charger le texte<\/a><\/p>\n<hr \/>\n<h4>20 \u2013 L&rsquo;\u00e9ternel retour<\/h4>\n<p style=\"text-align: justify\">Anthony Bekirov<br \/>\nLundi 28 septembre 2015, Anthropole 5099, 18h-20h<\/p>\n<p><a href=\"https:\/\/bit.ly\/1EOgiDO\" target=\"_blank\">T\u00e9l\u00e9charger le corpus\u00a0de textes<\/a><\/p>\n<hr \/>\n<div style=\"background-color: #e1f6ff;padding: 20px\">\n<h3 style=\"text-align: center\">\u2014 Deuxi\u00e8me saison \u2014<\/h3>\n<\/div>\n<hr \/>\n<h4>19 \u2013 Proust<\/h4>\n<p style=\"text-align: justify\">Justine Favre<br \/>\nJeudi 21 mai 2015, Anthropole 5099, 18h-20h<\/p>\n<p><a href=\"https:\/\/www.dropbox.com\/s\/85gi1pypt2r3dcy\/proust-extraits.pdf?dl=1\" target=\"_blank\">Les extraits de textes<\/a><br \/>\n<a href=\"https:\/\/www.dropbox.com\/s\/silz6eq6b17vaz7\/deleuze_proust-et-les-signes.pdf?dl=1\" target=\"_blank\">Le premier chapitre et la conclusion de <em>Proust et les signes<\/em> de Gilles Deleuze<\/a><\/p>\n<h5>Pour aller plus loin, ou pour se familiariser avec les th\u00e8mes qui nous occuperont<\/h5>\n<p><a href=\"https:\/\/www.dropbox.com\/s\/t1i3t8pjgzoh640\/proust_desir_jonas-parson.pdf?dl=1\" target=\"_blank\">Le travail de Jonas Parson sur l&rsquo;\u00e9chec du d\u00e9sir et la cr\u00e9ation litt\u00e9raire<\/a><br \/>\n\u00c9missions de France Inter sur le d\u00e9sir et l&rsquo;illusion de l&rsquo;amour (2&#215;20&prime;) (<a href=\"https:\/\/www.franceinter.fr\/emission-un-ete-avec-proust-lillusion-de-lamour\" target=\"_blank\">lien1<\/a>) (<a href=\"https:\/\/www.franceinter.fr\/emission-un-ete-avec-proust-le-desir\" target=\"_blank\">lien2<\/a>)<\/p>\n<hr \/>\n<h4>18 \u2013 L\u2019instauration socratique de soi-m\u00eame, \u00e0 la lumi\u00e8re de Foucault<\/h4>\n<p class=\"p1\" style=\"text-align: justify\">Catherine Dromelet<br \/>\nLundi 27 avril 2015, Anthropole 5099, 18h-20h<\/p>\n<p class=\"p1\" style=\"text-align: justify\"><a href=\"https:\/\/m.scienceshumaines.com\/le-gouvernement-de-soi_fr_14329.html\" target=\"_blank\">Lire\u00a0l&rsquo;article d&rsquo;introduction<\/a><br \/>\n<a href=\"https:\/\/www.lib.berkeley.edu\/videodir\/foucault\/cv840229.mp3\" target=\"_blank\">\u00c9couter le cours du 19 f\u00e9vrier 1984 donn\u00e9 par Michel Foucault<\/a><\/p>\n<p class=\"p1\" style=\"text-align: justify\">Lectures parall\u00e8les facultatives :<a href=\"https:\/\/www.lib.berkeley.edu\/videodir\/foucault\/cv840229.mp3\" target=\"_blank\"><br \/>\n<\/a><a href=\"https:\/\/www.echosdumaquis.com\/Accueil\/Textes_(A-Z)_files\/Alcibiade.pdf\" target=\"_blank\">L&rsquo;Alcibiade majeur<br \/>\n<\/a><a href=\"https:\/\/remacle.org\/bloodwolf\/philosophes\/platon\/cousin\/laches.htm\" target=\"_blank\">Le Lach\u00e8s<\/a><\/p>\n<p class=\"p1\" style=\"text-align: justify\"><a href=\"https:\/\/www.dropbox.com\/s\/jqnxyilds942977\/catherine_compterendu.pdf?dl=1\" target=\"_blank\">Compte rendu de la s\u00e9ance<\/a><\/p>\n<hr \/>\n<h4>17 \u2013 Plotin, <em>Enn\u00e9ade<\/em> I.8<\/h4>\n<p>Magdalene Beaver<br \/>\nLundi 13 avril 2015, Anthropole 5099, 18h-20h<\/p>\n<p><a href=\"https:\/\/remacle.org\/bloodwolf\/philosophes\/plotin\/enneade8.htm\" target=\"_blank\">T\u00e9l\u00e9charger le texte<\/a><\/p>\n<hr \/>\n<h4>16 \u2013 Aristote, <em>Cat\u00e9gories<\/em><\/h4>\n<p class=\"p1\" style=\"text-align: justify\">Anthony Bekirov<br \/>\nLundi 30 mars 2015, Anthropole 5099, 18h-20h<\/p>\n<p><a href=\"https:\/\/www.dropbox.com\/s\/82y557hwftcgvl2\/Cat%C3%A9gores%201-5.pdf?dl=1\" target=\"_blank\">T\u00e9l\u00e9charger le texte d&rsquo;Aristote<br \/>\n<\/a><a href=\"https:\/\/www.dropbox.com\/s\/4yjylxsx42caa0n\/CoursAristote-2-2.pdf?dl=1\" target=\"_blank\">T\u00e9l\u00e9charger le texte de la pr\u00e9sentation<\/a><\/p>\n<hr \/>\n<h4 style=\"text-align: left\">15 \u2013 Introduction \u00e0 la pens\u00e9e d&rsquo;Alain Badiou : <em>Manifeste pour la philosophie<\/em> ; <em>Second Manifeste pour la philosophie<\/em><\/h4>\n<p>Lucas Mor\u00ebel<br \/>\nLundi 2 mars 2015, Anthropole 5099, 18h-20h<\/p>\n<p><a href=\"https:\/\/www.dropbox.com\/s\/oyl6v68db7e1dhy\/15_Badiou-Ch_10_et_11.pdf?dl=1\" target=\"_blank\">T\u00e9l\u00e9charger le texte d&rsquo;Alain Badiou<br \/>\n<\/a><a href=\"https:\/\/www.dropbox.com\/s\/0cdphwgznmp7axc\/Alain%20Badiou%C2%A0-%20pour%20un%20platonisme%20sophistiqu%C3%A9.pdf?dl=1\" target=\"_blank\">T\u00e9l\u00e9charger le texte de la pr\u00e9sentation par Lucas Mor\u00ebel<\/a><\/p>\n<hr \/>\n<h4 style=\"text-align: left\">14 \u2013\u00a0Penser l\u2019exploitation du travailleur. Lecture du concept d\u2019ali\u00e9nation dans les <em>Manuscrits de 1844<\/em> \u00e0 partir de la dialectique de la ma\u00eetrise et de la servitude h\u00e9g\u00e9lienne<\/h4>\n<p>Lucas Perdrisat<br \/>\nLundi 3 novembre 2014, Anthropole 5099, 18h &#8211; 20h<\/p>\n<p><a href=\"https:\/\/www.dropbox.com\/s\/nl1cx2id4rzaf6h\/14%20Hegel%20-%20Domination%20et%20servitude%20%28trad.%20Hyppolite%29.pdf?dl=1\" target=\"_blank\">Hegel &#8211; Ph\u00e9nom\u00e9nologie de l&rsquo;Esprit &#8211; Domination et servitude<\/a><br \/>\n<a href=\"https:\/\/www.dropbox.com\/s\/tcb0wef35hw5pbc\/14%20Marx%20-%20Travail%20ali%C3%A9n%C3%A9%20et%20propri%C3%A9t%C3%A9%20priv%C3%A9e.pdf?dl=1\" target=\"_blank\">Marx &#8211; Manuscrits de 1844 &#8211; Travail ali\u00e9n\u00e9 et propri\u00e9t\u00e9 priv\u00e9e<\/a><\/p>\n<p>Versions allemandes : <a href=\"https:\/\/www.zeno.org\/Philosophie\/M\/Hegel,+Georg+Wilhelm+Friedrich\/Ph%C3%A4nomenologie+des+Geistes\/B.+Selbstbewu%C3%9Ftsein\/IV.+Die+Wahrheit+der+Gewi%C3%9Fheit+seiner+selbst\/A.+Selbst%C3%A4ndigkeit+und+Unselbst%C3%A4ndigkeit+des+Selbstbewu%C3%9Ftseins;+Herrschaft+und+Knechtschaft\" target=\"_blank\">Hegel<\/a>, <a href=\"https:\/\/www.zeno.org\/Philosophie\/M\/Marx,+Karl\/%C3%96konomisch-philosophische+Manuskripte+aus+dem+Jahre+1844\/%5B1.+Manuskript%5D\/Die+entfremdete+Arbeit\" target=\"_blank\">Marx<\/a>.<\/p>\n<hr \/>\n<h4 style=\"text-align: left\">13\u00a0\u2013\u00a0Spinoza et l&#8217;empirisme<\/h4>\n<p>David Pagotto<br \/>\nLundi 20 octobre 2014, Anthropole 5099, 18h &#8211; 20h<\/p>\n<p>Lisez au moins la Premi\u00e8re Partie de l&rsquo;\u00c9thique. (<a href=\"https:\/\/ethicadb.org\/pars.php?parid=1&amp;lanid=1&amp;lg=fr&amp;ftop=auto\" target=\"_blank\">lien<\/a>)<\/p>\n<hr \/>\n<h4>12 \u2013\u00a0Du parti harmonique \u00e0 l&rsquo;existence infinie : une axiomatique des jeux vid\u00e9os<\/h4>\n<p>Anthony Bekirov et Thibaut Vaillancourt<br \/>\nMardi 7 octobre 2014, Anthropole 5099, 18h &#8211; 21h<\/p>\n<p><a href=\"https:\/\/www.dropbox.com\/s\/2p85o60ronlka95\/Vade%20Mecum.pdf?dl=1\" target=\"_blank\">T\u00e9l\u00e9charger le texte d&rsquo;introduction \u201cVade Mecum\u201d<\/a><br \/>\n<a href=\"https:\/\/www.dropbox.com\/s\/5l06u9n5w4vuq0k\/Du_parti_harmonique_a_l_existence_infinie.pdf?dl=1\" target=\"_blank\">T\u00e9l\u00e9charger le texte de la conf\u00e9rence<\/a><\/p>\n<hr \/>\n<div style=\"background-color: #ffe1f8;padding: 20px\">\n<h3 style=\"text-align: center\">\u2014\u00a0Premi\u00e8re saison\u00a0\u2014<\/h3>\n<\/div>\n<hr \/>\n<h4 style=\"text-align: left\">11 \u2013\u00a0Jean Damasc\u00e8ne, <em>Dialectica<\/em><\/h4>\n<p style=\"text-align: left\">Magdalene Beaver<br \/>\nLundi 30 juin 2014, Anthropole 5099, 18h &#8211; 20h<\/p>\n<p style=\"text-align: left\"><a href=\"https:\/\/www.dropbox.com\/s\/7eqya3hlyc3dn3i\/7_damascene.zip?dl=1\" target=\"_blank\">T\u00e9l\u00e9charger le texte<\/a><\/p>\n<hr \/>\n<h4 style=\"text-align: left\">10 \u2013\u00a0Gilles Deleuze et F\u00e9lix Guattari, <em>Mille Plateaux<\/em> (De la Ritournelle)<\/h4>\n<p style=\"text-align: left\">Jamil Alioui<br \/>\nLundi 18 juin 2014, Anthropole 5099, 18h &#8211; 20h<\/p>\n<p style=\"text-align: left\"><a href=\"https:\/\/www.dropbox.com\/s\/6sl0m3dm6gdndts\/10_deleuze.pdf?dl=1\" target=\"_blank\">T\u00e9l\u00e9charger le texte<\/a><\/p>\n<hr \/>\n<h4 style=\"text-align: left\">9 \u2013\u00a0Gilles Deleuze, <em>Diff\u00e9rence et R\u00e9p\u00e9tition<\/em> (Chapitre 3)<\/h4>\n<p style=\"text-align: left\">David Pagotto<br \/>\nLundi 19 mai 2014, Anthropole 5099, 18h &#8211; 20h<\/p>\n<p style=\"text-align: left\"><a href=\"https:\/\/www.dropbox.com\/s\/lle5spnfu1swpog\/9_deleuze.pdf?dl=1\" target=\"_blank\">T\u00e9l\u00e9charger le texte<\/a><\/p>\n<hr \/>\n<h4 style=\"text-align: left\">8 \u2013\u00a0Alexandre Koj\u00e8ve,\u00a0<em>Les peintures concr\u00e8tes de Kandinsky<\/em><\/h4>\n<p style=\"text-align: left\">Anthony Bekirov<br \/>\nLundi 19 mai 2014, Anthropole 5099, 18h &#8211; 20h<\/p>\n<p style=\"text-align: left\"><a href=\"https:\/\/www.dropbox.com\/s\/6y9lnco5yev9vhb\/8_kant_kojeve.zip?dl=1\" target=\"_blank\">T\u00e9l\u00e9charger le texte<\/a><br \/>\n<a href=\"https:\/\/www.dropbox.com\/s\/j6kw54qek8l0zg2\/8_ExemplierKandinsky.pdf?dl=1\" target=\"_blank\">Exemplier<\/a><br \/>\n<a href=\"https:\/\/www.dropbox.com\/s\/e06jci3xknpb8td\/8_Lecture_des_Peintures_concretes_de_Kandinsky.pdf?dl=1\" target=\"_blank\">Lecture<\/a><\/p>\n<hr \/>\n<h4 style=\"text-align: left\">7 \u2013\u00a0Leibniz, <em>Monadologie<\/em><\/h4>\n<p style=\"text-align: left\">Antoine Conforti II<br \/>\nLundi 14 avril 2014, Anthropole 5099, 18h &#8211; 20h<\/p>\n<p style=\"text-align: left\"><a href=\"https:\/\/www.dropbox.com\/s\/0h70w0ijy80lm9k\/7_leibniz.pdf?dl=1\" target=\"_blank\">T\u00e9l\u00e9charger le texte<\/a><\/p>\n<hr \/>\n<h4 style=\"text-align: left\">6 \u2013\u00a0Porphyre,\u00a0<em>L&rsquo;Antre des Nymphes de l&rsquo;Odyss\u00e9e<\/em><\/h4>\n<p style=\"text-align: left\">Magdalene Beaver<br \/>\nLundi 31 mars 2014, Anthropole 5099, 18h &#8211; 20h<\/p>\n<p style=\"text-align: left\"><a href=\"https:\/\/www.dropbox.com\/s\/3v3ks4ab1zvrqlz\/6_porphyre.pdf?dl=1\" target=\"_blank\">T\u00e9l\u00e9charger le texte<\/a><\/p>\n<hr \/>\n<h4 style=\"text-align: left\">5 \u2013\u00a0Wittgenstein et la limite : racheter le <em>Tractatus<\/em><\/h4>\n<p style=\"text-align: left\">Lucas Mor\u00ebel<br \/>\nLundi 17 mars 2014, Anthropole 5099, 18h &#8211; 20h<\/p>\n<p style=\"text-align: left\"><a href=\"https:\/\/www.dropbox.com\/s\/17trl4a6kgkk6xe\/5_wittgenstein.pdf?dl=1\" target=\"_blank\">T\u00e9l\u00e9charger le texte<\/a><\/p>\n<hr \/>\n<h4 style=\"text-align: left\">4 \u2013\u00a0Michel Foucault, <em>Nietzsche, la g\u00e9n\u00e9alogie, l&rsquo;histoire<\/em><\/h4>\n<p style=\"text-align: left\">Lucas Perdrisat<br \/>\nLundi 24 f\u00e9vrier 2014, Anthropole 5099, 18h &#8211; 20h<\/p>\n<p style=\"text-align: left\"><a href=\"https:\/\/www.dropbox.com\/s\/c1yfq81pyjqpkfc\/4_foucault_nietzsche.pdf?dl=1\" target=\"_blank\">T\u00e9l\u00e9charger le texte<\/a><\/p>\n<hr \/>\n<h4 style=\"text-align: left\">3 \u2013\u00a0Martin Heidegger, <em>Pour servir de commentaire \u00e0 S\u00e9r\u00e9nit\u00e9<\/em><\/h4>\n<p style=\"text-align: left\">David Pagotto<br \/>\nMardi 28 janvier 2014, Anthropole 5099, 18h &#8211; 20h<\/p>\n<p style=\"text-align: left\"><a href=\"https:\/\/www.dropbox.com\/s\/1ig184m5irwc2l4\/3_heidegger_serenite.pdf?dl=1\" target=\"_blank\">T\u00e9l\u00e9charger le texte<\/a><\/p>\n<hr \/>\n<h4 style=\"text-align: left\">2 \u2013\u00a0Immanuel Kant, <em>Critique de la raison pure<\/em> (d\u00e9duction des concepts purs de l\u2019entendement)<\/h4>\n<p style=\"text-align: left\">Anthony Bekirov<br \/>\nMardi 17 d\u00e9cembre 2013, Anthropole 5099, 18h &#8211; 20h<\/p>\n<p style=\"text-align: left\"><a href=\"https:\/\/www.dropbox.com\/s\/d2isrquzzk2wc1r\/2_kant.zip?dl=1\" target=\"_blank\">T\u00e9l\u00e9charger le texte<\/a><\/p>\n<hr \/>\n<h4 style=\"text-align: left\">1 \u2013\u00a0Wiebo van Toledo, <em>Unicit\u00e9 et r\u00e9p\u00e9tition<\/em><\/h4>\n<p style=\"text-align: left\">Jamil Alioui<br \/>\nMardi 26 novembre 2013, Anthropole 5099, 18h &#8211; 20h<\/p>\n<p style=\"text-align: left\"><a href=\"https:\/\/www.dropbox.com\/s\/zsggqr81cbokrv7\/VanToledoArkhai10.pdf?dl=1\" target=\"_blank\">T\u00e9l\u00e9charger le texte<\/a><\/p>\n","protected":false},"excerpt":{"rendered":"<p>S\u00e9minaire par et pour les \u00e9tudiants Ce s\u00e9minaire autonome s\u2019adresse \u00e0 tous les \u00e9tudiants d\u00e9sireux de partager leurs connaissances philosophiques ou d\u2019en acqu\u00e9rir de nouvelles, de mani\u00e8re parall\u00e8le et ind\u00e9pendante des enseignements de la section. Le s\u00e9minaire a lieu quelques fois par semestre, suivant les dispositions et propositions des \u00e9tudiants motiv\u00e9s, et est ouvert \u00e0 [&hellip;]<\/p>\n","protected":false},"author":1001017,"featured_media":0,"parent":11,"menu_order":0,"comment_status":"closed","ping_status":"closed","template":"","meta":{"_seopress_robots_primary_cat":"","_seopress_titles_title":"","_seopress_titles_desc":"","_seopress_robots_index":"","footnotes":""},"class_list":["post-65","page","type-page","status-publish"],"publishpress_future_action":{"enabled":false,"date":"2026-04-28 13:46:01","action":"change-status","newStatus":"draft","terms":[],"taxonomy":"","extraData":[]},"publishpress_future_workflow_manual_trigger":{"enabledWorkflows":[]},"_links":{"self":[{"href":"https:\/\/www.asso-unil.ch\/orphi\/wp-json\/wp\/v2\/pages\/65","targetHints":{"allow":["GET"]}}],"collection":[{"href":"https:\/\/www.asso-unil.ch\/orphi\/wp-json\/wp\/v2\/pages"}],"about":[{"href":"https:\/\/www.asso-unil.ch\/orphi\/wp-json\/wp\/v2\/types\/page"}],"author":[{"embeddable":true,"href":"https:\/\/www.asso-unil.ch\/orphi\/wp-json\/wp\/v2\/users\/1001017"}],"replies":[{"embeddable":true,"href":"https:\/\/www.asso-unil.ch\/orphi\/wp-json\/wp\/v2\/comments?post=65"}],"version-history":[{"count":0,"href":"https:\/\/www.asso-unil.ch\/orphi\/wp-json\/wp\/v2\/pages\/65\/revisions"}],"up":[{"embeddable":true,"href":"https:\/\/www.asso-unil.ch\/orphi\/wp-json\/wp\/v2\/pages\/11"}],"wp:attachment":[{"href":"https:\/\/www.asso-unil.ch\/orphi\/wp-json\/wp\/v2\/media?parent=65"}],"curies":[{"name":"wp","href":"https:\/\/api.w.org\/{rel}","templated":true}]}}