{"id":62,"date":"2015-02-08T18:43:51","date_gmt":"2015-02-08T17:43:51","guid":{"rendered":"http:\/\/www.asso-unil.ch\/orphi\/?page_id=62"},"modified":"2015-10-22T13:55:43","modified_gmt":"2015-10-22T11:55:43","slug":"proces-verbaux","status":"publish","type":"page","link":"https:\/\/www.asso-unil.ch\/orphi\/ressources\/proces-verbaux\/","title":{"rendered":"Proc\u00e8s-verbaux"},"content":{"rendered":"<ul>\n<li><a href=\"https:\/\/www.asso-unil.ch\/orphi\/files\/2015\/02\/orphi_pv_20150518.pdf\" target=\"_blank\">Assembl\u00e9e g\u00e9n\u00e9rale du 18 mai 2015 (pdf)<\/a><\/li>\n<li><a href=\"https:\/\/www.asso-unil.ch\/orphi\/files\/2015\/03\/orphi_pv_ag_20141211.pdf\" target=\"_blank\">Assembl\u00e9e g\u00e9n\u00e9rale du 11 d\u00e9cembre 2014 (pdf)<\/a><\/li>\n<\/ul>\n","protected":false},"excerpt":{"rendered":"<p>Assembl\u00e9e g\u00e9n\u00e9rale du 18 mai 2015 (pdf) Assembl\u00e9e g\u00e9n\u00e9rale du 11 d\u00e9cembre 2014 (pdf)<\/p>\n","protected":false},"author":1001017,"featured_media":0,"parent":11,"menu_order":1,"comment_status":"closed","ping_status":"closed","template":"","meta":{"_seopress_robots_primary_cat":"","_seopress_titles_title":"","_seopress_titles_desc":"","_seopress_robots_index":"","footnotes":""},"class_list":["post-62","page","type-page","status-publish"],"publishpress_future_action":{"enabled":false,"date":"2026-04-23 17:58:58","action":"change-status","newStatus":"draft","terms":[],"taxonomy":"","extraData":[]},"publishpress_future_workflow_manual_trigger":{"enabledWorkflows":[]},"_links":{"self":[{"href":"https:\/\/www.asso-unil.ch\/orphi\/wp-json\/wp\/v2\/pages\/62","targetHints":{"allow":["GET"]}}],"collection":[{"href":"https:\/\/www.asso-unil.ch\/orphi\/wp-json\/wp\/v2\/pages"}],"about":[{"href":"https:\/\/www.asso-unil.ch\/orphi\/wp-json\/wp\/v2\/types\/page"}],"author":[{"embeddable":true,"href":"https:\/\/www.asso-unil.ch\/orphi\/wp-json\/wp\/v2\/users\/1001017"}],"replies":[{"embeddable":true,"href":"https:\/\/www.asso-unil.ch\/orphi\/wp-json\/wp\/v2\/comments?post=62"}],"version-history":[{"count":0,"href":"https:\/\/www.asso-unil.ch\/orphi\/wp-json\/wp\/v2\/pages\/62\/revisions"}],"up":[{"embeddable":true,"href":"https:\/\/www.asso-unil.ch\/orphi\/wp-json\/wp\/v2\/pages\/11"}],"wp:attachment":[{"href":"https:\/\/www.asso-unil.ch\/orphi\/wp-json\/wp\/v2\/media?parent=62"}],"curies":[{"name":"wp","href":"https:\/\/api.w.org\/{rel}","templated":true}]}}