{"id":52,"date":"2015-02-08T16:44:20","date_gmt":"2015-02-08T15:44:20","guid":{"rendered":"http:\/\/www.asso-unil.ch\/orphi\/?page_id=52"},"modified":"2020-03-02T20:44:19","modified_gmt":"2020-03-02T19:44:19","slug":"statuts","status":"publish","type":"page","link":"https:\/\/www.asso-unil.ch\/orphi\/ressources\/statuts\/","title":{"rendered":"Statuts"},"content":{"rendered":"<p>&nbsp;<\/p>\n<h3>Titre premier : dispositions g\u00e9n\u00e9rales<\/h3>\n<p><em>Statut<\/em><\/p>\n<h5>Article 1<\/h5>\n<p><strong>1.1.<\/strong> L&rsquo;Organisation des \u00c9tudiantEs en Philosophie (OrPhi) est une association \u00e0 but non lucrative au sens des articles 60 et suivants du code civil.<\/p>\n<p><strong>1.2.<\/strong> Elle r\u00e9pond aux exigences de l\u2019article 16 de la Loi du 6 juillet 2004 sur\u00a0 l&rsquo;Universit\u00e9 de Lausanne.<\/p>\n<p><em>Buts<\/em><\/p>\n<h4>Article 2<\/h4>\n<p><strong>2.1.<\/strong> L&rsquo;Organisation offre, par le biais de son Comit\u00e9, un organe d\u2019\u00e9tudiantEs en section de philosophie de la facult\u00e9 de Lettres de l\u2019UNIL qui \u00e9tablit un dialogue avec le corps enseignant.<\/p>\n<p><strong>2.2.<\/strong> Elle d\u00e9fend, en collaboration avec l&rsquo;Association des EtudiantEs en Lettres (AEL), les int\u00e9r\u00eats des \u00e9tudiantEs de la \u00a0section de philosophie de la facult\u00e9 des Lettres de l\u2019UNIL.<\/p>\n<p><strong>2.3.<\/strong> Elle promeut le d\u00e9veloppement d&rsquo;activit\u00e9s diverses au \u00a0\u00a0\u00a0\u00a0\u00a0 sein de la section de philosophie, afin de favoriser un esprit de section et les \u00e9changes entre \u00e9tudiantEs.<\/p>\n<p><em>Moyens<\/em><\/p>\n<h4>Article 3<\/h4>\n<p>A ces fins, son Comit\u00e9<\/p>\n<p><strong>3.1.<\/strong> Communique avec l&rsquo;AEL (pour ce faire, se r\u00e9f\u00e9rer aux statuts de l&rsquo;AEL) pour assurer une bonne transmission entre les diff\u00e9rentes sections et l&rsquo;AEL.<\/p>\n<p><strong>3.2.<\/strong> Organise toute activit\u00e9 qu&rsquo;il juge \u00e0 m\u00eame de renforcer les liens entre les \u00e9tudiantEs ainsi qu&rsquo;entre eux et leur organisation.<\/p>\n<p><em>Ressources<\/em><\/p>\n<h4>Article 4<\/h4>\n<p>Les ressources de l&rsquo;Organisation se composent:<\/p>\n<p><strong>4.1.<\/strong> Des subventions accord\u00e9es par l&rsquo;AEL.<\/p>\n<p><strong>4.2.<\/strong> D&rsquo;autres subventions et dons qui peuvent lui \u00eatre accord\u00e9s.<\/p>\n<p><strong>4.3.<\/strong> Du produit de toute activit\u00e9 que l&rsquo;Organisation peut entreprendre.<\/p>\n<h4><strong>Article 4 bis<\/strong><\/h4>\n<p>Gestion des ressources :<\/p>\n<p><strong>4bis.l.<\/strong> Le Comit\u00e9 g\u00e8re les fonds de l&rsquo;Organisation sur mandat de l&rsquo;Assembl\u00e9e G\u00e9n\u00e9rale.<\/p>\n<p><strong>4bis.2.<\/strong> Le Comit\u00e9 pr\u00e9sente un rapport de gestion annuel \u00e0 l&rsquo;Assembl\u00e9e G\u00e9n\u00e9rale.<\/p>\n<p><em>Dissolution<\/em><\/p>\n<h4>Article 5<\/h4>\n<p>La dissolution de l&rsquo;Organisation est prononc\u00e9e par l&rsquo;Assembl\u00e9e G\u00e9n\u00e9rale convoqu\u00e9e sp\u00e9cialement \u00e0 cet effet, \u00e0 la majorit\u00e9 des deux tiers des membres pr\u00e9sents. L&rsquo;Assembl\u00e9e G\u00e9n\u00e9rale d\u00e9signe une ou plusieurs personnes charg\u00e9es de la liquidation des biens de l&rsquo;Organisation.<\/p>\n<h3>Titre deuxi\u00e8me : membres<\/h3>\n<p><em>D\u00e9finition<\/em><\/p>\n<h4>Article 6<\/h4>\n<p>Est membre de droit de l&rsquo;Organisation : toutE \u00e9tudiantE de la section de philosophie de la facult\u00e9 des Lettres de l&rsquo;UNIL.<\/p>\n<h3>Titre troisi\u00e8me : organes<\/h3>\n<p><em>Organes<\/em><\/p>\n<h4>Article 7<\/h4>\n<p>Les organes de l&rsquo;Organisation sont l&rsquo;Assembl\u00e9e G\u00e9n\u00e9rale (ci-apr\u00e8s : AG) et le Comit\u00e9.<\/p>\n<p><em>1) L&rsquo;AG<\/em><\/p>\n<h4>Article 8<\/h4>\n<p>Principes :<\/p>\n<p><strong>8.1.<\/strong> L&rsquo;AG est l&rsquo;organe supr\u00eame de l&rsquo;Organisation.<\/p>\n<p><strong>8.2.<\/strong> Ne peuvent si\u00e9ger \u00e0 l&rsquo;AG avec droit de vote que les \u00e9tudiantEs de la section de philosophie de la facult\u00e9 des Lettres de l&rsquo;UNIL membres de l&rsquo;association. Un membre du corps interm\u00e9diaire ou du corps enseignant de la section de philosophie peut si\u00e9ger avec voix consultative sur demande expresse soumise \u00e0 d\u00e9cision du Comit\u00e9 ou sur invitation du Comit\u00e9.<\/p>\n<h4>Article 9<\/h4>\n<p>Sessions :<\/p>\n<p><strong>9.1.<\/strong> L&rsquo;AG se r\u00e9unit ordinairement une fois par semestre. Elle est convoqu\u00e9e par voie d&rsquo;affichage et par courrier \u00e9lectronique au moins sept jours \u00e0 l&rsquo;avance, avec mention de la date, du lieu et de l&rsquo;ordre du jour.<\/p>\n<p><strong>9.2.<\/strong> Une Assembl\u00e9e G\u00e9n\u00e9rale extraordinaire peut \u00eatre convoqu\u00e9e si au moins 20 membres en font la demande par p\u00e9tition ou sur convocation du Comit\u00e9. Elle est convoqu\u00e9e selon les m\u00eames modalit\u00e9s qu&rsquo;une Assembl\u00e9e G\u00e9n\u00e9rale ordinaire. Les membres convoquant l&rsquo;Assembl\u00e9e G\u00e9n\u00e9rale extraordinaire se chargent de l&rsquo;ordre du jour en collaboration avec le comit\u00e9.<\/p>\n<h4>Article 10<\/h4>\n<p>D\u00e9roulement :<\/p>\n<p><strong>10.1.<\/strong> Un membre du Comit\u00e9 assure la coordination de l&rsquo;assembl\u00e9e.<\/p>\n<p><strong>10.2.<\/strong> Au d\u00e9but de la s\u00e9ance, il est fait lecture de l&rsquo;ordre du jour propos\u00e9 ; des modifications de l&rsquo;ordre du jour peuvent \u00eatre demand\u00e9es, pour \u00eatre accept\u00e9es, elles doivent remporter la majorit\u00e9 simple. L&rsquo;ordre du jour doit \u00eatre accept\u00e9 \u00e0 la majorit\u00e9 simple avant l&rsquo;ouverture de la s\u00e9ance.<\/p>\n<p><strong>10.2 bis.<\/strong> Les demandes de modification de l&rsquo;ordre du jour concernant les statuts de l&rsquo;Organisation doivent \u00eatre d\u00e9pos\u00e9es aupr\u00e8s du Comit\u00e9 au plus tard une semaine avant l&rsquo;Assembl\u00e9e G\u00e9n\u00e9rale afin de pouvoir \u00eatre incluses dans la convocation.<\/p>\n<p><strong>10.3.<\/strong> Le Comit\u00e9 d\u00e9signe unE secr\u00e9taire responsable du proc\u00e8s-verbal. Le proc\u00e8s-verbal est rendu public et est disponible aupr\u00e8s du Comit\u00e9 deux semaines apr\u00e8s la s\u00e9ance. Son acceptation est soumise au vote lors de l&rsquo;AG ordinaire suivante.<\/p>\n<p><strong>10.4.<\/strong> Le vote se fait \u00e0 la majorit\u00e9 simple des membres pr\u00e9sentEs \u00e0 l&rsquo;exception des modifications des statuts qui se font \u00e0 la majorit\u00e9 des deux tiers.<\/p>\n<p><strong>10.5.<\/strong> Le vote se fait \u00e0 main lev\u00e9e \u00e0 moins que l&rsquo;AG en d\u00e9cide autrement.<\/p>\n<p><strong>10.6.<\/strong> Le Comit\u00e9 a le droit de vote, except\u00e9 pour sa r\u00e9\u00e9lection.<\/p>\n<h4>Article 11<\/h4>\n<p>Comp\u00e9tences :<\/p>\n<p><strong>11.1.<\/strong> L&rsquo;AG d\u00e9finit la politique et l&rsquo;orientation g\u00e9n\u00e9rale de l&rsquo;Organisation des EtudiantEs en Philosophie.<\/p>\n<p><strong>11.2.<\/strong> Elle \u00e9lit les membres du Comit\u00e9.<\/p>\n<p><strong>11.3.<\/strong> Elle peut voter une modification des statuts sous les conditions \u00e9nonc\u00e9es ci-dessus aux articles 10.2 bis et 10.4.<\/p>\n<p><em>2) Le Comit\u00e9<\/em><\/p>\n<h4>Article 12<\/h4>\n<p><strong>12.1.<\/strong> Composition :<\/p>\n<p>Le Comit\u00e9 se compose d\u2019un nombre ind\u00e9fini de membres, dont unE membre (au moins) doit assumer la fonction de caissier\/\u00e8re, unE autre membre (au moins) celle de coordinateur\/trice des activit\u00e9s du Comit\u00e9, unE autre membre (au moins) celle de secr\u00e9taire.<\/p>\n<h4>Article 13<\/h4>\n<p>Elections :<\/p>\n<p><strong>13.1.<\/strong> Les membres du Comit\u00e9 sont \u00e9luEs lors de l&rsquo;AG du semestre d&rsquo;hiver pour la dur\u00e9e d&rsquo;une ann\u00e9e. Une \u00e9lection partielle pour un mandat de 6 mois peut aussi avoir lieu lors de l&rsquo;AG du semestre d&rsquo;\u00e9t\u00e9.<\/p>\n<p><strong>13.2.<\/strong> Dans les cas o\u00f9 le nombre de candidats est sup\u00e9rieur au nombre de postes \u00e0 pourvoir, l&rsquo;\u00e9lection se fait \u00e0 la proportionnelle sur le syst\u00e8me des listes \u00e9lectorales (chaque votant dispose d&rsquo;autant de voix qu&rsquo;il y a de postes \u00e0 pourvoir, sans possibilit\u00e9 de donner plusieurs voix au m\u00eame candidat).<\/p>\n<p><strong>13.3.<\/strong> Toute d\u00e9mission d&rsquo;unE membre du Comit\u00e9 est communiqu\u00e9e \u00e0 l&rsquo;AG.<\/p>\n<h4>Article 14<\/h4>\n<p>Comp\u00e9tences :<\/p>\n<p><strong>14.1.<\/strong> Le Comit\u00e9 s&rsquo;assure que l&rsquo;organisation r\u00e9ponde aux buts fix\u00e9s \u00e0 l&rsquo;article 2.<\/p>\n<p><strong>14.2.<\/strong> Il se charge d&rsquo;assurer l&rsquo;avenir de l&rsquo;Organisation par une recherche constante de nouveaux membres du Comit\u00e9.<\/p>\n<p><strong>14.3.<\/strong> Il ex\u00e9cute les t\u00e2ches qui lui sont confi\u00e9es par l&rsquo;AG et se charge des affaires courantes.<\/p>\n<p><strong>14.4.<\/strong> Il convoque l&rsquo;AG et en pr\u00e9pare l&rsquo;ordre du jour (exception faite des sessions extraordinaires, cf. article 9.2).<\/p>\n<p><strong>14.5.<\/strong> Il encourage la formation de groupes de travail, qui peuvent \u00eatre cr\u00e9es sur l\u2019initiative d\u2019un ou plusieurs membres de l\u2019Organisation pour l\u2019\u00e9tude ou la r\u00e9alisation d\u2019un projet.<\/p>\n<h3>Titre quatri\u00e8me : divers<\/h3>\n<p><em>R\u00e9vocation <\/em><\/p>\n<h4>Article 15<\/h4>\n<p><strong>15.1.<\/strong> ToutE membre de l&rsquo;Organisation est r\u00e9vocable par d\u00e9cision majoritaire de l&rsquo;AG \u00e0 la majorit\u00e9 des deux tiers. Seule une AG en session ordinaire peut r\u00e9voquer unE membre de l&rsquo;Organisation.<\/p>\n<p><strong>15.2.<\/strong> ToutE membre du Comit\u00e9 est r\u00e9vocable de ses fonctions par l&rsquo;AG \u00e0 la majorit\u00e9 des deux tiers. Seule l&rsquo;AG en session ordinaire peut r\u00e9voquer de ses fonctions unE membre du Comit\u00e9.<\/p>\n<p><em>Entr\u00e9e en vigueur<\/em><\/p>\n<h4>Article 16<\/h4>\n<p>Les pr\u00e9sents statuts entrent en vigueur d\u00e8s leur adoption par l&rsquo;Assembl\u00e9e G\u00e9n\u00e9rale Constituante. Ils sont modifiables selon les articles 10.2 bis et 10.4.<\/p>\n<p>Faits \u00e0 Lausanne, le 12.02.2020<\/p>\n<p>Coordinateur : Santiago Basurto.<\/p>\n<p>Responsable de l\u2019Esprit : Margaux L\u2019Eplattenier.<\/p>\n<p>Responsables du Corps : Miguel Henriques.<\/p>\n<p>Responsable M\u00e9dias : Santiago Basurto.<\/p>\n<p>Secr\u00e9taire : Enola Rindlisbacher.<\/p>\n<p>Tr\u00e9sorier : Leopold Tschanz.<\/p>\n<p>Graphiste : Diego Jaramillo.<\/p>\n<p>Responsable interassociatif : Neda Zanetti.<\/p>\n","protected":false},"excerpt":{"rendered":"<p>&nbsp; Titre premier : dispositions g\u00e9n\u00e9rales Statut Article 1 1.1. L&rsquo;Organisation des \u00c9tudiantEs en Philosophie (OrPhi) est une association \u00e0 but non lucrative au sens des articles 60 et suivants du code civil. 1.2. Elle r\u00e9pond aux exigences de l\u2019article 16 de la Loi du 6 juillet 2004 sur\u00a0 l&rsquo;Universit\u00e9 de Lausanne. Buts Article 2 [&hellip;]<\/p>\n","protected":false},"author":1001017,"featured_media":0,"parent":11,"menu_order":0,"comment_status":"closed","ping_status":"closed","template":"","meta":{"_seopress_robots_primary_cat":"","_seopress_titles_title":"","_seopress_titles_desc":"","_seopress_robots_index":"","footnotes":""},"class_list":["post-52","page","type-page","status-publish"],"publishpress_future_action":{"enabled":false,"date":"2026-04-21 14:33:25","action":"change-status","newStatus":"draft","terms":[],"taxonomy":"","extraData":[]},"publishpress_future_workflow_manual_trigger":{"enabledWorkflows":[]},"_links":{"self":[{"href":"https:\/\/www.asso-unil.ch\/orphi\/wp-json\/wp\/v2\/pages\/52","targetHints":{"allow":["GET"]}}],"collection":[{"href":"https:\/\/www.asso-unil.ch\/orphi\/wp-json\/wp\/v2\/pages"}],"about":[{"href":"https:\/\/www.asso-unil.ch\/orphi\/wp-json\/wp\/v2\/types\/page"}],"author":[{"embeddable":true,"href":"https:\/\/www.asso-unil.ch\/orphi\/wp-json\/wp\/v2\/users\/1001017"}],"replies":[{"embeddable":true,"href":"https:\/\/www.asso-unil.ch\/orphi\/wp-json\/wp\/v2\/comments?post=52"}],"version-history":[{"count":0,"href":"https:\/\/www.asso-unil.ch\/orphi\/wp-json\/wp\/v2\/pages\/52\/revisions"}],"up":[{"embeddable":true,"href":"https:\/\/www.asso-unil.ch\/orphi\/wp-json\/wp\/v2\/pages\/11"}],"wp:attachment":[{"href":"https:\/\/www.asso-unil.ch\/orphi\/wp-json\/wp\/v2\/media?parent=52"}],"curies":[{"name":"wp","href":"https:\/\/api.w.org\/{rel}","templated":true}]}}