{"id":456,"date":"2015-10-05T19:45:59","date_gmt":"2015-10-05T17:45:59","guid":{"rendered":"http:\/\/www.asso-unil.ch\/orphi\/?page_id=456"},"modified":"2024-11-14T13:28:49","modified_gmt":"2024-11-14T12:28:49","slug":"coeur-de-section","status":"publish","type":"page","link":"https:\/\/www.asso-unil.ch\/orphi\/coeur-de-section\/","title":{"rendered":"Coeur de section"},"content":{"rendered":"<p>Les \u00e9tudiants en Philosophie de Lausanne ont \u00e0 leur disposition le<strong> Coeur de section<\/strong>. Il est situ\u00e9 \u00e0 l<strong>&lsquo;Anthropole (5099)<\/strong>. Il peut servir comme salle de r\u00e9union ou d&rsquo;\u00e9tude, parfait s&rsquo;il est n\u00e9cessaire d&rsquo;\u00e9changer \u00e0 haute voix.<\/p>\n<p>Son acc\u00e8s est disponible aux \u00e9tudiants, pourvu que la salle n&rsquo;ait pas \u00e9t\u00e9 reserv\u00e9e auparavant. (Pour le savoir, il suffit de regarder la feuille devant la porte).<\/p>\n<p>Si la porte devait \u00eatre ferm\u00e9e, il vous suffit de passer au bureau 5164 aupr\u00e8s de M. Seiler.<\/p>\n","protected":false},"excerpt":{"rendered":"<p>Les \u00e9tudiants en Philosophie de Lausanne ont \u00e0 leur disposition le Coeur de section. Il est situ\u00e9 \u00e0 l&lsquo;Anthropole (5099). Il peut servir comme salle de r\u00e9union ou d&rsquo;\u00e9tude, parfait s&rsquo;il est n\u00e9cessaire d&rsquo;\u00e9changer \u00e0 haute voix. Son acc\u00e8s est disponible aux \u00e9tudiants, pourvu que la salle n&rsquo;ait pas \u00e9t\u00e9 reserv\u00e9e auparavant. (Pour le savoir, [&hellip;]<\/p>\n","protected":false},"author":1001017,"featured_media":0,"parent":0,"menu_order":0,"comment_status":"closed","ping_status":"closed","template":"","meta":{"_seopress_robots_primary_cat":"","_seopress_titles_title":"","_seopress_titles_desc":"","_seopress_robots_index":"","footnotes":""},"class_list":["post-456","page","type-page","status-publish"],"publishpress_future_action":{"enabled":false,"date":"2026-04-28 13:48:06","action":"change-status","newStatus":"draft","terms":[],"taxonomy":"","extraData":[]},"publishpress_future_workflow_manual_trigger":{"enabledWorkflows":[]},"_links":{"self":[{"href":"https:\/\/www.asso-unil.ch\/orphi\/wp-json\/wp\/v2\/pages\/456","targetHints":{"allow":["GET"]}}],"collection":[{"href":"https:\/\/www.asso-unil.ch\/orphi\/wp-json\/wp\/v2\/pages"}],"about":[{"href":"https:\/\/www.asso-unil.ch\/orphi\/wp-json\/wp\/v2\/types\/page"}],"author":[{"embeddable":true,"href":"https:\/\/www.asso-unil.ch\/orphi\/wp-json\/wp\/v2\/users\/1001017"}],"replies":[{"embeddable":true,"href":"https:\/\/www.asso-unil.ch\/orphi\/wp-json\/wp\/v2\/comments?post=456"}],"version-history":[{"count":2,"href":"https:\/\/www.asso-unil.ch\/orphi\/wp-json\/wp\/v2\/pages\/456\/revisions"}],"predecessor-version":[{"id":926,"href":"https:\/\/www.asso-unil.ch\/orphi\/wp-json\/wp\/v2\/pages\/456\/revisions\/926"}],"wp:attachment":[{"href":"https:\/\/www.asso-unil.ch\/orphi\/wp-json\/wp\/v2\/media?parent=456"}],"curies":[{"name":"wp","href":"https:\/\/api.w.org\/{rel}","templated":true}]}}