{"id":36,"date":"2015-02-03T20:01:22","date_gmt":"2015-02-03T19:01:22","guid":{"rendered":"http:\/\/www.asso-unil.ch\/orphi\/?page_id=36"},"modified":"2018-02-19T19:47:15","modified_gmt":"2018-02-19T18:47:15","slug":"liens","status":"publish","type":"page","link":"https:\/\/www.asso-unil.ch\/orphi\/liens\/","title":{"rendered":"Liens"},"content":{"rendered":"<h3>UNIL<\/h3>\n<ul>\n<li><a href=\"https:\/\/www.unil.ch\/philo\">Section de Philosophie<\/a><\/li>\n<li><a href=\"https:\/\/www.unil.ch\/lettres\">Facult\u00e9 des Lettres<\/a><\/li>\n<li><a href=\"https:\/\/www.unil.ch\/ael\">Association des \u00e9tudiants en Lettres (AEL)<\/a><\/li>\n<li><a href=\"https:\/\/www.asso-unil.ch\/caverne\">Les Ma\u00eetres de la Caverne<\/a><\/li>\n<\/ul>\n<h3>Associations suisses d&rsquo;\u00e9tudiants en Philosophie<\/h3>\n<ul>\n<li><a href=\"https:\/\/fs-philo.blogspot.ch\">Fachschaft Philosophie \u2013 Universit\u00e9 de Fribourg<\/a><\/li>\n<li><a href=\"https:\/\/phileasunige.wordpress.com\">Phileas \u2013 Association des \u00e9tudiants en Philosophie de l&rsquo;Universit\u00e9 de Gen\u00e8ve<\/a><\/li>\n<li><a href=\"https:\/\/phinkproject.com\/\">Phink! \u2013 Association des \u00e9tudiants en Philosophie de l\u2019Universit\u00e9 de Neuch\u00e2tel<\/a><\/li>\n<\/ul>\n<h3>La Philosophie \u00e0 Lausanne<\/h3>\n<ul>\n<li><a href=\"https:\/\/atelierdephilosophie.wordpress.com\">L&rsquo;Atelier de philosophie<\/a><\/li>\n<li><a href=\"https:\/\/www.philo-vaud.ch\">Groupe vaudois de philosophie<\/a><\/li>\n<li><a href=\"https:\/\/www.philosophie.ch\/\">Philosophie.ch<\/a><\/li>\n<\/ul>\n","protected":false},"excerpt":{"rendered":"<p>UNIL Section de Philosophie Facult\u00e9 des Lettres Association des \u00e9tudiants en Lettres (AEL) Les Ma\u00eetres de la Caverne Associations suisses d&rsquo;\u00e9tudiants en Philosophie Fachschaft Philosophie \u2013 Universit\u00e9 de Fribourg Phileas \u2013 Association des \u00e9tudiants en Philosophie de l&rsquo;Universit\u00e9 de Gen\u00e8ve Phink! \u2013 Association des \u00e9tudiants en Philosophie de l\u2019Universit\u00e9 de Neuch\u00e2tel La Philosophie \u00e0 Lausanne [&hellip;]<\/p>\n","protected":false},"author":1001017,"featured_media":0,"parent":0,"menu_order":0,"comment_status":"closed","ping_status":"closed","template":"","meta":{"_seopress_robots_primary_cat":"","_seopress_titles_title":"","_seopress_titles_desc":"","_seopress_robots_index":"","footnotes":""},"class_list":["post-36","page","type-page","status-publish"],"publishpress_future_action":{"enabled":false,"date":"2026-04-28 13:46:57","action":"change-status","newStatus":"draft","terms":[],"taxonomy":"","extraData":[]},"publishpress_future_workflow_manual_trigger":{"enabledWorkflows":[]},"_links":{"self":[{"href":"https:\/\/www.asso-unil.ch\/orphi\/wp-json\/wp\/v2\/pages\/36","targetHints":{"allow":["GET"]}}],"collection":[{"href":"https:\/\/www.asso-unil.ch\/orphi\/wp-json\/wp\/v2\/pages"}],"about":[{"href":"https:\/\/www.asso-unil.ch\/orphi\/wp-json\/wp\/v2\/types\/page"}],"author":[{"embeddable":true,"href":"https:\/\/www.asso-unil.ch\/orphi\/wp-json\/wp\/v2\/users\/1001017"}],"replies":[{"embeddable":true,"href":"https:\/\/www.asso-unil.ch\/orphi\/wp-json\/wp\/v2\/comments?post=36"}],"version-history":[{"count":0,"href":"https:\/\/www.asso-unil.ch\/orphi\/wp-json\/wp\/v2\/pages\/36\/revisions"}],"wp:attachment":[{"href":"https:\/\/www.asso-unil.ch\/orphi\/wp-json\/wp\/v2\/media?parent=36"}],"curies":[{"name":"wp","href":"https:\/\/api.w.org\/{rel}","templated":true}]}}