{"id":7,"date":"2019-11-28T16:00:38","date_gmt":"2019-11-28T15:00:38","guid":{"rendered":"http:\/\/www.asso-unil.ch\/modele\/?page_id=7"},"modified":"2024-06-03T20:18:14","modified_gmt":"2024-06-03T18:18:14","slug":"home","status":"publish","type":"page","link":"https:\/\/www.asso-unil.ch\/nocap\/","title":{"rendered":"Accueil"},"content":{"rendered":"\n<div class=\"wp-block-media-text alignwide is-stacked-on-mobile\"><figure class=\"wp-block-media-text__media\"><img alt=\"\" loading=\"lazy\" decoding=\"async\" width=\"900\" height=\"1200\" src=\"https:\/\/www.asso-unil.ch\/nocap\/files\/2022\/10\/photo1652733638.jpeg\" alt=\"\" class=\"wp-image-92 size-full\" srcset=\"https:\/\/www.asso-unil.ch\/nocap\/files\/2022\/10\/photo1652733638.jpeg 900w, https:\/\/www.asso-unil.ch\/nocap\/files\/2022\/10\/photo1652733638-225x300.jpeg 225w, https:\/\/www.asso-unil.ch\/nocap\/files\/2022\/10\/photo1652733638-768x1024.jpeg 768w\" sizes=\"auto, (max-width: 900px) 100vw, 900px\" \/><\/figure><div class=\"wp-block-media-text__content\">\n<p>Hello Hello, tu es ici sur le site de la NoCAP.<\/p>\n\n\n\n<p>L&rsquo;association NoCAP est l&rsquo;association responsable de la Caf\u00e9t\u00e9ria autog\u00e9r\u00e9e (CAP) dans le b\u00e2timent Anthropole de l&rsquo;UNIL. L&rsquo;objectif : permettre aux \u00e9tudiant.e.x.s d&rsquo;utiliser ce lieu comme bon leur semble.<\/p>\n\n\n\n<p>Bien entendu, nous ne nous contentons pas de tenir la CAP, nous menons aussi des conf\u00e9rences et portons des revendications politiques.<\/p>\n<\/div><\/div>\n\n\n\n<div class=\"wp-block-group\"><div class=\"wp-block-group__inner-container is-layout-flow wp-block-group-is-layout-flow\">\n<figure class=\"wp-block-gallery has-nested-images columns-default is-cropped wp-block-gallery-1 is-layout-flex wp-block-gallery-is-layout-flex\">\n<figure class=\"wp-block-image size-large\"><img alt=\"\" loading=\"lazy\" decoding=\"async\" width=\"900\" height=\"1200\" data-id=\"92\" src=\"https:\/\/www.asso-unil.ch\/nocap\/files\/2022\/10\/photo1652733638.jpeg\" alt=\"\" class=\"wp-image-92\" srcset=\"https:\/\/www.asso-unil.ch\/nocap\/files\/2022\/10\/photo1652733638.jpeg 900w, https:\/\/www.asso-unil.ch\/nocap\/files\/2022\/10\/photo1652733638-225x300.jpeg 225w, https:\/\/www.asso-unil.ch\/nocap\/files\/2022\/10\/photo1652733638-768x1024.jpeg 768w\" sizes=\"auto, (max-width: 900px) 100vw, 900px\" \/><figcaption class=\"wp-element-caption\">Evenements \u00e0 la CAP<\/figcaption><\/figure>\n\n\n\n<figure class=\"wp-block-image size-large\"><img alt=\"\" loading=\"lazy\" decoding=\"async\" width=\"960\" height=\"1280\" data-id=\"91\" src=\"https:\/\/www.asso-unil.ch\/nocap\/files\/2022\/10\/photo1652688933.jpeg\" alt=\"\" class=\"wp-image-91\" srcset=\"https:\/\/www.asso-unil.ch\/nocap\/files\/2022\/10\/photo1652688933.jpeg 960w, https:\/\/www.asso-unil.ch\/nocap\/files\/2022\/10\/photo1652688933-225x300.jpeg 225w, https:\/\/www.asso-unil.ch\/nocap\/files\/2022\/10\/photo1652688933-768x1024.jpeg 768w\" sizes=\"auto, (max-width: 960px) 100vw, 960px\" \/><figcaption class=\"wp-element-caption\">Conf\u00e9rences<\/figcaption><\/figure>\n\n\n\n<figure class=\"wp-block-image size-large\"><img alt=\"\" loading=\"lazy\" decoding=\"async\" width=\"1280\" height=\"960\" data-id=\"90\" src=\"https:\/\/www.asso-unil.ch\/nocap\/files\/2022\/10\/photo1648816374.jpeg\" alt=\"\" class=\"wp-image-90\" srcset=\"https:\/\/www.asso-unil.ch\/nocap\/files\/2022\/10\/photo1648816374.jpeg 1280w, https:\/\/www.asso-unil.ch\/nocap\/files\/2022\/10\/photo1648816374-300x225.jpeg 300w, https:\/\/www.asso-unil.ch\/nocap\/files\/2022\/10\/photo1648816374-1024x768.jpeg 1024w, https:\/\/www.asso-unil.ch\/nocap\/files\/2022\/10\/photo1648816374-768x576.jpeg 768w, https:\/\/www.asso-unil.ch\/nocap\/files\/2022\/10\/photo1648816374-1200x900.jpeg 1200w\" sizes=\"auto, (max-width: 1280px) 100vw, 1280px\" \/><figcaption class=\"wp-element-caption\">Manifestations politiques<\/figcaption><\/figure>\n\n\n\n<figure class=\"wp-block-image size-large\"><img alt=\"\" loading=\"lazy\" decoding=\"async\" width=\"1280\" height=\"960\" data-id=\"89\" src=\"https:\/\/www.asso-unil.ch\/nocap\/files\/2022\/10\/photo1666369406.jpeg\" alt=\"\" class=\"wp-image-89\" srcset=\"https:\/\/www.asso-unil.ch\/nocap\/files\/2022\/10\/photo1666369406.jpeg 1280w, https:\/\/www.asso-unil.ch\/nocap\/files\/2022\/10\/photo1666369406-300x225.jpeg 300w, https:\/\/www.asso-unil.ch\/nocap\/files\/2022\/10\/photo1666369406-1024x768.jpeg 1024w, https:\/\/www.asso-unil.ch\/nocap\/files\/2022\/10\/photo1666369406-768x576.jpeg 768w, https:\/\/www.asso-unil.ch\/nocap\/files\/2022\/10\/photo1666369406-1200x900.jpeg 1200w\" sizes=\"auto, (max-width: 1280px) 100vw, 1280px\" \/><figcaption class=\"wp-element-caption\">Bouffes Populaires<\/figcaption><\/figure>\n<\/figure>\n<\/div><\/div>\n","protected":false},"excerpt":{"rendered":"<p>Hello Hello, tu es ici sur le site de la NoCAP. L&rsquo;association NoCAP est l&rsquo;association responsable de la Caf\u00e9t\u00e9ria autog\u00e9r\u00e9e (CAP) dans le b\u00e2timent Anthropole de l&rsquo;UNIL. L&rsquo;objectif : permettre aux \u00e9tudiant.e.x.s d&rsquo;utiliser ce lieu comme bon leur semble. Bien entendu, nous ne nous contentons pas de tenir la CAP, nous menons aussi des conf\u00e9rences [&hellip;]<\/p>\n","protected":false},"author":6,"featured_media":0,"parent":0,"menu_order":0,"comment_status":"closed","ping_status":"closed","template":"","meta":{"_seopress_robots_primary_cat":"","_seopress_titles_title":"","_seopress_titles_desc":"","_seopress_robots_index":"","footnotes":""},"class_list":["post-7","page","type-page","status-publish"],"publishpress_future_action":{"enabled":false,"date":"2026-04-27 06:37:25","action":"change-status","newStatus":"draft","terms":[],"taxonomy":"","extraData":[]},"publishpress_future_workflow_manual_trigger":{"enabledWorkflows":[]},"_links":{"self":[{"href":"https:\/\/www.asso-unil.ch\/nocap\/wp-json\/wp\/v2\/pages\/7","targetHints":{"allow":["GET"]}}],"collection":[{"href":"https:\/\/www.asso-unil.ch\/nocap\/wp-json\/wp\/v2\/pages"}],"about":[{"href":"https:\/\/www.asso-unil.ch\/nocap\/wp-json\/wp\/v2\/types\/page"}],"author":[{"embeddable":true,"href":"https:\/\/www.asso-unil.ch\/nocap\/wp-json\/wp\/v2\/users\/6"}],"replies":[{"embeddable":true,"href":"https:\/\/www.asso-unil.ch\/nocap\/wp-json\/wp\/v2\/comments?post=7"}],"version-history":[{"count":5,"href":"https:\/\/www.asso-unil.ch\/nocap\/wp-json\/wp\/v2\/pages\/7\/revisions"}],"predecessor-version":[{"id":152,"href":"https:\/\/www.asso-unil.ch\/nocap\/wp-json\/wp\/v2\/pages\/7\/revisions\/152"}],"wp:attachment":[{"href":"https:\/\/www.asso-unil.ch\/nocap\/wp-json\/wp\/v2\/media?parent=7"}],"curies":[{"name":"wp","href":"https:\/\/api.w.org\/{rel}","templated":true}]}}