{"id":513,"date":"2026-04-12T16:10:16","date_gmt":"2026-04-12T14:10:16","guid":{"rendered":"https:\/\/www.asso-unil.ch\/mosaique\/?page_id=513"},"modified":"2026-04-12T16:17:08","modified_gmt":"2026-04-12T14:17:08","slug":"contact","status":"publish","type":"page","link":"https:\/\/www.asso-unil.ch\/mosaique\/contact\/","title":{"rendered":""},"content":{"rendered":"<div class=\"mos-page\">\n<section class=\"mos-section mos-section-first\">\n<div class=\"mos-container\">\n<div class=\"mos-section-intro mos-text-center\" style=\"max-width:820px;margin-left:auto;margin-right:auto;margin-bottom:34px\">\n        <span class=\"mos-label\">Prendre contact<\/span><\/p>\n<h1 class=\"mos-title-xl\">Contact<\/h1>\n<p class=\"mos-lead\" style=\"margin-left:auto;margin-right:auto\">\n          Pour toute question relative \u00e0 l\u2019association, \u00e0 ses activit\u00e9s, \u00e0 ses partenariats<br \/>\n          ou \u00e0 une candidature, vous pouvez nous contacter directement par e-mail ou via nos r\u00e9seaux.\n        <\/p>\n<\/p><\/div>\n<\/p><\/div>\n<\/section>\n<section class=\"mos-section mos-section-sm\">\n<div class=\"mos-container\">\n<div class=\"mos-card-grid mos-grid-3\">\n<article class=\"mos-contact-card\">\n<div class=\"mos-kicker\">R\u00e9seau social<\/div>\n<h3>Instagram<\/h3>\n<p>\n            Retrouvez l\u2019actualit\u00e9 de l\u2019association, les \u00e9v\u00e9nements \u00e0 venir et les publications de Mosa\u00efque.\n          <\/p>\n<p style=\"margin-bottom:0\">\n            <a href=\"https:\/\/www.instagram.com\/associationmosaiqueunil\/\" target=\"_blank\" rel=\"noopener noreferrer\"><br \/>\n              Voir le compte Instagram<br \/>\n            <\/a>\n          <\/p>\n<\/article>\n<article class=\"mos-contact-card\">\n<div class=\"mos-kicker\">R\u00e9seau professionnel<\/div>\n<h3>LinkedIn<\/h3>\n<p>\n            Suivez les annonces, les temps forts de l\u2019association et les publications institutionnelles de Mosa\u00efque.\n          <\/p>\n<p style=\"margin-bottom:0\">\n            <a href=\"https:\/\/www.linkedin.com\/company\/mosa%C3%AFque-unil\/posts\/?feedView=all\" target=\"_blank\" rel=\"noopener noreferrer\"><br \/>\n              Voir la page LinkedIn<br \/>\n            <\/a>\n          <\/p>\n<\/article>\n<article class=\"mos-contact-card\">\n<div class=\"mos-kicker\">Adresse e-mail<\/div>\n<h3>E-mail<\/h3>\n<p>\n            Pour toute demande g\u00e9n\u00e9rale, question relative \u00e0 une postulation ou proposition de partenariat.\n          <\/p>\n<p style=\"margin-bottom:0\">\n            <a href=\"mailto:mosaique@asso-unil.ch\">mosaique@asso-unil.ch<\/a>\n          <\/p>\n<\/article><\/div>\n<\/p><\/div>\n<\/section>\n<section class=\"mos-section\">\n<div class=\"mos-container\">\n<div class=\"mos-card-grid mos-grid-2\">\n<article class=\"mos-card\">\n<div class=\"mos-kicker\">Candidature<\/div>\n<h3>Vous souhaitez rejoindre Mosa\u00efque ?<\/h3>\n<p>\n            Pour rejoindre l\u2019association, vous pouvez passer par la page de candidature et remplir directement le formulaire pr\u00e9vu \u00e0 cet effet.\n          <\/p>\n<div class=\"mos-actions\">\n            <a class=\"mos-btn mos-btn-primary\" href=\"https:\/\/www.asso-unil.ch\/mosaique\/rejoindre-mosaique\/\">Rejoindre l\u2019association<\/a>\n          <\/div>\n<\/article><\/div>\n<\/p><\/div>\n<\/section>\n<section class=\"mos-section mos-section-alt\">\n<div class=\"mos-container\">\n<div class=\"mos-cta-panel\">\n<div class=\"mos-section-intro\" style=\"margin-bottom:0\">\n          <span class=\"mos-label\" style=\"color:#ffffff\">Poursuivre la d\u00e9couverte<\/span><\/p>\n<h2 class=\"mos-title-lg\">Avant de nous \u00e9crire, vous pouvez aussi d\u00e9couvrir l\u2019association plus en d\u00e9tail.<\/h2>\n<p class=\"mos-lead\">\n            Explorez l\u2019\u00e9quipe, les activit\u00e9s de Mosa\u00efque et les temps forts de l\u2019ann\u00e9e associative.\n          <\/p>\n<div class=\"mos-actions\">\n            <a class=\"mos-btn mos-btn-secondary\" href=\"https:\/\/www.asso-unil.ch\/mosaique\/nos-departements\/\">D\u00e9couvrir nos d\u00e9partements<\/a><\/p><\/div>\n<\/p><\/div>\n<\/p><\/div>\n<\/p><\/div>\n<\/section>\n<\/div>\n","protected":false},"excerpt":{"rendered":"<p>Prendre contact Contact Pour toute question relative \u00e0 l\u2019association, \u00e0 ses activit\u00e9s, \u00e0 ses partenariats ou \u00e0 une candidature, vous pouvez nous contacter directement par e-mail ou via nos r\u00e9seaux. R\u00e9seau social Instagram Retrouvez l\u2019actualit\u00e9 de l\u2019association, les \u00e9v\u00e9nements \u00e0 venir et les publications de Mosa\u00efque. Voir le compte Instagram R\u00e9seau professionnel LinkedIn Suivez les [&hellip;]<\/p>\n","protected":false},"author":1001333,"featured_media":0,"parent":0,"menu_order":0,"comment_status":"closed","ping_status":"closed","template":"","meta":{"_seopress_robots_primary_cat":"","_seopress_titles_title":"","_seopress_titles_desc":"","_seopress_robots_index":"","footnotes":""},"class_list":["post-513","page","type-page","status-publish"],"_links":{"self":[{"href":"https:\/\/www.asso-unil.ch\/mosaique\/wp-json\/wp\/v2\/pages\/513","targetHints":{"allow":["GET"]}}],"collection":[{"href":"https:\/\/www.asso-unil.ch\/mosaique\/wp-json\/wp\/v2\/pages"}],"about":[{"href":"https:\/\/www.asso-unil.ch\/mosaique\/wp-json\/wp\/v2\/types\/page"}],"author":[{"embeddable":true,"href":"https:\/\/www.asso-unil.ch\/mosaique\/wp-json\/wp\/v2\/users\/1001333"}],"replies":[{"embeddable":true,"href":"https:\/\/www.asso-unil.ch\/mosaique\/wp-json\/wp\/v2\/comments?post=513"}],"version-history":[{"count":4,"href":"https:\/\/www.asso-unil.ch\/mosaique\/wp-json\/wp\/v2\/pages\/513\/revisions"}],"predecessor-version":[{"id":524,"href":"https:\/\/www.asso-unil.ch\/mosaique\/wp-json\/wp\/v2\/pages\/513\/revisions\/524"}],"wp:attachment":[{"href":"https:\/\/www.asso-unil.ch\/mosaique\/wp-json\/wp\/v2\/media?parent=513"}],"curies":[{"name":"wp","href":"https:\/\/api.w.org\/{rel}","templated":true}]}}