{"id":396,"date":"2026-04-12T14:16:19","date_gmt":"2026-04-12T12:16:19","guid":{"rendered":"https:\/\/www.asso-unil.ch\/mosaique\/?page_id=396"},"modified":"2026-04-12T16:18:27","modified_gmt":"2026-04-12T14:18:27","slug":"notre-annee","status":"publish","type":"page","link":"https:\/\/www.asso-unil.ch\/mosaique\/notre-annee\/","title":{"rendered":""},"content":{"rendered":"<div class=\"mos-page\">\n<section class=\"mos-section mos-section-first\">\n<div class=\"mos-container\">\n<div class=\"mos-section-intro mos-text-center\" style=\"max-width:820px;margin-left:auto;margin-right:auto;margin-bottom:34px\">\n        <span class=\"mos-label\">Archives annuelles<\/span><\/p>\n<h1 class=\"mos-title-xl\">Notre ann\u00e9e<\/h1>\n<p class=\"mos-lead\" style=\"margin-left:auto;margin-right:auto\">\n          Retrouvez Mosa\u00efque \u00e0 travers ses diff\u00e9rentes ann\u00e9es associatives, entre conf\u00e9rences, entra\u00eenements, \u00e9v\u00e9nements et temps forts de la vie de l\u2019association.\n        <\/p>\n<\/p><\/div>\n<div class=\"mos-card-grid mos-grid-2\">\n<article class=\"mos-card\" style=\"padding:0;overflow:hidden\">\n          <img decoding=\"async\" src=\"https:\/\/www.asso-unil.ch\/mosaique\/files\/2026\/01\/8baa1037-141f-42f3-b5db-fc143ccbd939.jpg\" alt=\"Notre ann\u00e9e 2024-2025\"><\/p>\n<div style=\"padding:28px\">\n<div class=\"mos-kicker\">Archive annuelle<\/div>\n<h3>Notre ann\u00e9e 2024-2025<\/h3>\n<p>\n              Retrouvez les moments marquants de l\u2019ann\u00e9e 2024-2025 : activit\u00e9s, \u00e9v\u00e9nements, vie du comit\u00e9 et temps forts de l\u2019association.\n            <\/p>\n<div class=\"mos-actions\">\n              <a class=\"mos-btn mos-btn-primary\" href=\"https:\/\/www.asso-unil.ch\/mosaique\/notre-annee-2024-2025\/\">Acc\u00e9der \u00e0 la page<\/a>\n            <\/div>\n<\/p><\/div>\n<\/article>\n<article class=\"mos-card\" style=\"padding:0;overflow:hidden\">\n          <img decoding=\"async\" src=\"https:\/\/www.asso-unil.ch\/mosaique\/files\/2026\/04\/img_0952-e1775998949839.jpg\" alt=\"Notre ann\u00e9e 2025-2026\"><\/p>\n<div style=\"padding:28px\">\n<div class=\"mos-kicker\">Archive annuelle<\/div>\n<h3>Notre ann\u00e9e 2025-2026<\/h3>\n<p>\n              Retrouvez les moments marquants de l\u2019ann\u00e9e 2025-2026 : activit\u00e9s, \u00e9v\u00e9nements, vie du comit\u00e9 et temps forts de l\u2019association.\n            <\/p>\n<div class=\"mos-actions\">\n              <a class=\"mos-btn mos-btn-primary\" href=\"\">Acc\u00e9der \u00e0 la page<\/a>\n            <\/div>\n<\/p><\/div>\n<\/article><\/div>\n<\/p><\/div>\n<\/section>\n<\/div>\n","protected":false},"excerpt":{"rendered":"<p>Archives annuelles Notre ann\u00e9e Retrouvez Mosa\u00efque \u00e0 travers ses diff\u00e9rentes ann\u00e9es associatives, entre conf\u00e9rences, entra\u00eenements, \u00e9v\u00e9nements et temps forts de la vie de l\u2019association. Archive annuelle Notre ann\u00e9e 2024-2025 Retrouvez les moments marquants de l\u2019ann\u00e9e 2024-2025 : activit\u00e9s, \u00e9v\u00e9nements, vie du comit\u00e9 et temps forts de l\u2019association. Acc\u00e9der \u00e0 la page Archive annuelle Notre ann\u00e9e [&hellip;]<\/p>\n","protected":false},"author":1001333,"featured_media":0,"parent":0,"menu_order":0,"comment_status":"closed","ping_status":"closed","template":"","meta":{"_seopress_robots_primary_cat":"","_seopress_titles_title":"","_seopress_titles_desc":"","_seopress_robots_index":"","footnotes":""},"class_list":["post-396","page","type-page","status-publish"],"_links":{"self":[{"href":"https:\/\/www.asso-unil.ch\/mosaique\/wp-json\/wp\/v2\/pages\/396","targetHints":{"allow":["GET"]}}],"collection":[{"href":"https:\/\/www.asso-unil.ch\/mosaique\/wp-json\/wp\/v2\/pages"}],"about":[{"href":"https:\/\/www.asso-unil.ch\/mosaique\/wp-json\/wp\/v2\/types\/page"}],"author":[{"embeddable":true,"href":"https:\/\/www.asso-unil.ch\/mosaique\/wp-json\/wp\/v2\/users\/1001333"}],"replies":[{"embeddable":true,"href":"https:\/\/www.asso-unil.ch\/mosaique\/wp-json\/wp\/v2\/comments?post=396"}],"version-history":[{"count":5,"href":"https:\/\/www.asso-unil.ch\/mosaique\/wp-json\/wp\/v2\/pages\/396\/revisions"}],"predecessor-version":[{"id":529,"href":"https:\/\/www.asso-unil.ch\/mosaique\/wp-json\/wp\/v2\/pages\/396\/revisions\/529"}],"wp:attachment":[{"href":"https:\/\/www.asso-unil.ch\/mosaique\/wp-json\/wp\/v2\/media?parent=396"}],"curies":[{"name":"wp","href":"https:\/\/api.w.org\/{rel}","templated":true}]}}