{"id":381,"date":"2026-04-12T14:17:28","date_gmt":"2026-04-12T12:17:28","guid":{"rendered":"https:\/\/www.asso-unil.ch\/mosaique\/?page_id=381"},"modified":"2026-04-12T16:18:50","modified_gmt":"2026-04-12T14:18:50","slug":"notre-annee-2024-2025","status":"publish","type":"page","link":"https:\/\/www.asso-unil.ch\/mosaique\/notre-annee-2024-2025\/","title":{"rendered":""},"content":{"rendered":"\n<div class=\"mos-page\">\n\n  <section class=\"mos-section mos-section-first\">\n    <div class=\"mos-container\">\n\n      <div class=\"mos-section-intro\" style=\"max-width:900px;margin-bottom:26px\">\n        <span class=\"mos-label\">Archive annuelle<\/span>\n        <h1 class=\"mos-title-xl\">Notre ann\u00e9e 2024-2025<\/h1>\n        <p class=\"mos-lead\">\n          Entre conf\u00e9rences internationales, visites institutionnelles et rencontres th\u00e9matiques,\n          l\u2019ann\u00e9e 2024-2025 a \u00e9t\u00e9 marqu\u00e9e par plusieurs temps forts qui ont donn\u00e9 \u00e0 Mosa\u00efque\n          une dynamique particuli\u00e8rement riche, formatrice et concr\u00e8te.\n        <\/p>\n      <\/div>\n\n      <div class=\"mos-band\">\n        <h2 class=\"mos-title-md\">Une ann\u00e9e marqu\u00e9e par trois temps forts<\/h2>\n        <p>\n          New York pour une immersion dans un grand Model United Nations, Gen\u00e8ve pour une\n          exp\u00e9rience au plus pr\u00e8s des institutions onusiennes, puis une conf\u00e9rence \u00e0 l\u2019UNIL sur\n          les femmes dans les conflits arm\u00e9s en Afrique.\n        <\/p>\n      <\/div>\n\n    <\/div>\n  <\/section>\n\n\n\n<section class=\"mos-section mos-section-sm\">\n    <div class=\"mos-container\">\n\n      <article class=\"mos-card\">\n        <div class=\"mos-kicker\">F\u00e9vrier 2025<\/div>\n        <h2 class=\"mos-title-md\" style=\"margin-bottom:8px\">WFUNA International Model United Nations, New York<\/h2>\n        <p class=\"mos-lead\" style=\"margin-bottom:18px\">\n          Pour bien d\u00e9buter l\u2019ann\u00e9e, plusieurs membres de l\u2019association ont particip\u00e9\n          au WFUNA International Model United Nations \u00e0 New York.\n        <\/p>\n\n        <p>\n          Cette immersion au c\u0153ur de l\u2019ONU a permis d\u2019\u00e9changer avec des diplomates et des repr\u00e9sentant\u00b7e\u00b7s\n          de nombreux \u00c9tats, tout en mettant en pratique les comp\u00e9tences acquises lors des entra\u00eenements\n          hebdomadaires dans un cadre international prestigieux.\n        <\/p>\n\n        <p>\n          Organis\u00e9e par la World Federation of United Nations Associations, cette conf\u00e9rence s\u2019est tenue\n          du 3 au 6 f\u00e9vrier 2025 \u00e0 New York. Elle est pens\u00e9e comme une simulation particuli\u00e8rement fid\u00e8le\n          du fonctionnement des Nations Unies, avec un travail de pr\u00e9paration en amont, des documents\n          de recherche, des sessions de simulation structur\u00e9es et une forte attention port\u00e9e \u00e0 la logique\n          de n\u00e9gociation, de consensus et de m\u00e9thode diplomatique.\n        <\/p>\n\n        <p>\n          Pour les membres de Mosa\u00efque, cette participation a constitu\u00e9 bien plus qu\u2019un d\u00e9placement :\n          elle a repr\u00e9sent\u00e9 une mise en situation concr\u00e8te dans un environnement international exigeant,\n          o\u00f9 la rigueur de la pr\u00e9paration, la qualit\u00e9 de la prise de parole, la capacit\u00e9 d\u2019adaptation\n          et le travail collectif prennent tout leur sens. Cette exp\u00e9rience a aussi permis d\u2019inscrire\n          les entra\u00eenements hebdomadaires de l\u2019association dans une continuit\u00e9 tr\u00e8s concr\u00e8te, entre\n          apprentissage local et projection dans un cadre global.\n        <\/p>\n\n        <div class=\"mos-stat-grid mos-grid-3\" style=\"margin-top:24px\">\n          <div class=\"mos-stat\">\n            <strong>Lieu<\/strong>\n            <span>New York<\/span>\n          <\/div>\n          <div class=\"mos-stat\">\n            <strong>Dates<\/strong>\n            <span>3\u20136 f\u00e9vrier 2025<\/span>\n          <\/div>\n          <div class=\"mos-stat\">\n            <strong>Cadre<\/strong>\n            <span>MUN organis\u00e9e par la WFUNA<\/span>\n          <\/div>\n        <\/div>\n      <\/article>\n\n    <\/div>\n  <\/section>\n\n\n\n<figure class=\"wp-block-gallery aligncenter has-nested-images columns-3 is-cropped wp-block-gallery-1 is-layout-flex wp-block-gallery-is-layout-flex\">\n<figure class=\"wp-block-image size-large has-custom-border is-style-default\" style=\"margin-top:0;margin-bottom:0\"><img loading=\"lazy\" decoding=\"async\" width=\"768\" height=\"1024\" data-id=\"254\" src=\"https:\/\/www.asso-unil.ch\/mosaique\/files\/2026\/01\/img_4484-768x1024.jpg\" alt=\"img 4484\" class=\"wp-image-254\" style=\"border-style:none;border-width:0px;border-top-left-radius:16px;border-top-right-radius:16px;border-bottom-left-radius:16px;border-bottom-right-radius:16px;box-shadow:var(--wp--preset--shadow--natural)\" srcset=\"https:\/\/www.asso-unil.ch\/mosaique\/files\/2026\/01\/img_4484-768x1024.jpg 768w, https:\/\/www.asso-unil.ch\/mosaique\/files\/2026\/01\/img_4484-225x300.jpg 225w, https:\/\/www.asso-unil.ch\/mosaique\/files\/2026\/01\/img_4484.jpg 900w\" sizes=\"auto, (max-width: 768px) 100vw, 768px\" \/><\/figure>\n\n\n\n<figure class=\"wp-block-image aligncenter size-large has-custom-border\"><img loading=\"lazy\" decoding=\"async\" width=\"768\" height=\"1024\" data-id=\"255\" src=\"https:\/\/www.asso-unil.ch\/mosaique\/files\/2026\/01\/img_9785-768x1024.jpg\" alt=\"img 9785\" class=\"wp-image-255\" style=\"border-top-left-radius:16px;border-top-right-radius:16px;border-bottom-left-radius:16px;border-bottom-right-radius:16px;box-shadow:var(--wp--preset--shadow--natural)\" srcset=\"https:\/\/www.asso-unil.ch\/mosaique\/files\/2026\/01\/img_9785-768x1024.jpg 768w, https:\/\/www.asso-unil.ch\/mosaique\/files\/2026\/01\/img_9785-225x300.jpg 225w, https:\/\/www.asso-unil.ch\/mosaique\/files\/2026\/01\/img_9785.jpg 900w\" sizes=\"auto, (max-width: 768px) 100vw, 768px\" \/><\/figure>\n\n\n\n<figure class=\"wp-block-image size-large has-custom-border\"><img loading=\"lazy\" decoding=\"async\" width=\"1024\" height=\"683\" data-id=\"253\" src=\"https:\/\/www.asso-unil.ch\/mosaique\/files\/2026\/01\/img_3189-1024x683.jpg\" alt=\"img 3189\" class=\"wp-image-253\" style=\"border-top-left-radius:16px;border-top-right-radius:16px;border-bottom-left-radius:16px;border-bottom-right-radius:16px;box-shadow:var(--wp--preset--shadow--natural)\" srcset=\"https:\/\/www.asso-unil.ch\/mosaique\/files\/2026\/01\/img_3189-1024x683.jpg 1024w, https:\/\/www.asso-unil.ch\/mosaique\/files\/2026\/01\/img_3189-300x200.jpg 300w, https:\/\/www.asso-unil.ch\/mosaique\/files\/2026\/01\/img_3189-768x512.jpg 768w, https:\/\/www.asso-unil.ch\/mosaique\/files\/2026\/01\/img_3189-1536x1024.jpg 1536w, https:\/\/www.asso-unil.ch\/mosaique\/files\/2026\/01\/img_3189.jpg 1800w\" sizes=\"auto, (max-width: 1024px) 100vw, 1024px\" \/><\/figure>\n<\/figure>\n\n\n\n<div class=\"wp-block-columns is-layout-flex wp-container-core-columns-is-layout-28f84493 wp-block-columns-is-layout-flex\">\n<div class=\"wp-block-column is-layout-flow wp-block-column-is-layout-flow\" style=\"flex-basis:33.33%\"><\/div>\n\n\n\n<div class=\"wp-block-column is-layout-flow wp-block-column-is-layout-flow\" style=\"flex-basis:66.66%\"><\/div>\n<\/div>\n\n\n\n<section class=\"mos-section\" style=\"padding-top:0\">\n    <div class=\"mos-container\">\n\n      <article class=\"mos-card\">\n        <div class=\"mos-kicker\">Mars 2025<\/div>\n        <h2 class=\"mos-title-md\" style=\"margin-bottom:8px\">Visite du Palais des Nations, Gen\u00e8ve<\/h2>\n        <p class=\"mos-lead\" style=\"margin-bottom:18px\">\n          Moment particuli\u00e8rement marquant de l\u2019ann\u00e9e, la visite du Palais des Nations\n          a offert une immersion unique dans les coulisses de la diplomatie internationale.\n        <\/p>\n\n        <p>\n          Les participant\u00b7e\u00b7s ont notamment eu l\u2019occasion d\u2019\u00e9changer avec J\u00fcrg Lauber,\n          pr\u00e9sident du Conseil des droits de l\u2019homme et ambassadeur suisse aupr\u00e8s de l\u2019ONU,\n          ainsi qu\u2019avec Brigitte Perrin, responsable de la communication \u00e0 l\u2019Organisation\n          m\u00e9t\u00e9orologique mondiale, avant de tenir une session de simulation dans une salle\n          officielle de l\u2019ONU.\n        <\/p>\n\n        <div class=\"mos-card-grid mos-grid-2\" style=\"margin-top:24px\">\n\n          <article class=\"mos-card\" style=\"padding:0;overflow:hidden\">\n            <!-- Remplacer par ton image \/ ou supprimer ce bloc et mettre un bloc image WordPress -->\n            <img decoding=\"async\" src=\"https:\/\/www.asso-unil.ch\/mosaique\/files\/2026\/01\/a24eedce-8413-47f2-83fb-06c54cf4e516-768x1024.jpg\" alt=\"Session de travail au Palais des Nations\">\n            <div style=\"padding:18px\">\n              <p class=\"mos-subtle\" style=\"margin:0\">Une mise en situation dans un cadre institutionnel exceptionnel.<\/p>\n            <\/div>\n          <\/article>\n\n          <article class=\"mos-card\" style=\"padding:0;overflow:hidden\">\n            <!-- Remplacer par ton image \/ ou supprimer ce bloc et mettre un bloc image WordPress -->\n            <img decoding=\"async\" src=\"https:\/\/www.asso-unil.ch\/mosaique\/files\/2026\/01\/8baa1037-141f-42f3-b5db-fc143ccbd939-768x1024.jpg\" alt=\"Salle du Conseil des droits de l\u2019homme \u00e0 Gen\u00e8ve\">\n            <div style=\"padding:18px\">\n              <p class=\"mos-subtle\" style=\"margin:0\">Une d\u00e9couverte concr\u00e8te des espaces de la diplomatie multilat\u00e9rale \u00e0 Gen\u00e8ve.<\/p>\n            <\/div>\n          <\/article>\n\n        <\/div>\n      <\/article>\n\n    <\/div>\n  <\/section>\n\n\n\n<section class=\"mos-section\" style=\"padding-top:0\">\n    <div class=\"mos-container\">\n\n      <article class=\"mos-card\">\n        <div class=\"mos-kicker\">Mai 2025<\/div>\n        <h2 class=\"mos-title-md\" style=\"margin-bottom:8px\">Femmes et conflits arm\u00e9s en Afrique<\/h2>\n        <p class=\"mos-lead\" style=\"margin-bottom:18px\">\n          Avant de commencer l\u2019intense p\u00e9riode de pr\u00e9paration aux examens de fin de semestre,\n          l\u2019association Mosa\u00efque a coorganis\u00e9, en collaboration avec AEA UNIL, une conf\u00e9rence\n          consacr\u00e9e \u00e0 la situation des femmes dans les conflits arm\u00e9s en Afrique.\n        <\/p>\n\n        <p>\n          Les \u00e9changes, port\u00e9s notamment par Brigitte Lembwadio Kanyama, avocate et pr\u00e9sidente\n          de l\u2019association Je Suis RDCongolaise, ainsi que par Natalie Wenger, r\u00e9dactrice chez\n          Amnesty International et responsable des r\u00e9gions Iran et Afrique, ont permis de mettre\n          en lumi\u00e8re les r\u00e9alit\u00e9s du terrain et d\u2019ouvrir un espace de r\u00e9flexion critique sur les\n          dimensions genr\u00e9es des conflits contemporains.\n        <\/p>\n\n             <\/article>\n\n    <\/div>\n  <\/section>\n\n\n\n<figure class=\"wp-block-image aligncenter size-large is-resized has-custom-border is-style-default\"><img loading=\"lazy\" decoding=\"async\" width=\"1024\" height=\"521\" src=\"https:\/\/www.asso-unil.ch\/mosaique\/files\/2026\/01\/img_4273-e1775906439919-1024x521.jpg\" alt=\"img 4273\" class=\"wp-image-263\" style=\"border-top-left-radius:16px;border-top-right-radius:16px;border-bottom-left-radius:16px;border-bottom-right-radius:16px;box-shadow:var(--wp--preset--shadow--natural);aspect-ratio:1.9654884074496388;width:1261px;height:auto\" srcset=\"https:\/\/www.asso-unil.ch\/mosaique\/files\/2026\/01\/img_4273-e1775906439919-1024x521.jpg 1024w, https:\/\/www.asso-unil.ch\/mosaique\/files\/2026\/01\/img_4273-e1775906439919-300x153.jpg 300w, https:\/\/www.asso-unil.ch\/mosaique\/files\/2026\/01\/img_4273-e1775906439919-768x390.jpg 768w, https:\/\/www.asso-unil.ch\/mosaique\/files\/2026\/01\/img_4273-e1775906439919-1536x781.jpg 1536w, https:\/\/www.asso-unil.ch\/mosaique\/files\/2026\/01\/img_4273-e1775906439919.jpg 1800w\" sizes=\"auto, (max-width: 1024px) 100vw, 1024px\" \/><\/figure>\n\n\n\n<section class=\"mos-section mos-section-alt\">\n    <div class=\"mos-container\">\n      <div class=\"mos-cta-panel\">\n        <div class=\"mos-section-intro\" style=\"margin-bottom:0\">\n          <span class=\"mos-label\" style=\"color:#ffffff\">Poursuivre la d\u00e9couverte<\/span>\n          <h2 class=\"mos-title-lg\">D\u00e9couvrir cette ann\u00e9e, c\u2019est aussi d\u00e9couvrir l\u2019esprit de Mosa\u00efque.<\/h2>\n          <p class=\"mos-lead\">\n            Entre engagement associatif, conf\u00e9rences et exp\u00e9riences internationales, Mosa\u00efque\n            se construit autour d\u2019une dynamique \u00e0 la fois s\u00e9rieuse, formatrice et collective.\n          <\/p>\n\n          <div class=\"mos-actions\">\n            <a class=\"mos-btn mos-btn-secondary\" href=\"https:\/\/www.asso-unil.ch\/mosaique\/rejoindre-mosaique\/\">Rejoindre l\u2019association<\/a>\n            <a class=\"mos-btn mos-btn-secondary\" style=\"color:#ffffff\" href=\"https:\/\/www.asso-unil.ch\/mosaique\/nos-departements\/\">D\u00e9couvrir nos d\u00e9partements<\/a>\n          <\/div>\n        <\/div>\n      <\/div>\n    <\/div>\n  <\/section>\n\n<\/div>\n\n\n\n<p><\/p>\n","protected":false},"excerpt":{"rendered":"<p>Archive annuelle Notre ann\u00e9e 2024-2025 Entre conf\u00e9rences internationales, visites institutionnelles et rencontres th\u00e9matiques, l\u2019ann\u00e9e 2024-2025 a \u00e9t\u00e9 marqu\u00e9e par plusieurs temps forts qui ont donn\u00e9 \u00e0 Mosa\u00efque une dynamique particuli\u00e8rement riche, formatrice et concr\u00e8te. Une ann\u00e9e marqu\u00e9e par trois temps forts New York pour une immersion dans un grand Model United Nations, Gen\u00e8ve pour une [&hellip;]<\/p>\n","protected":false},"author":1001333,"featured_media":0,"parent":0,"menu_order":0,"comment_status":"closed","ping_status":"closed","template":"","meta":{"_seopress_robots_primary_cat":"","_seopress_titles_title":"","_seopress_titles_desc":"","_seopress_robots_index":"","footnotes":""},"class_list":["post-381","page","type-page","status-publish"],"_links":{"self":[{"href":"https:\/\/www.asso-unil.ch\/mosaique\/wp-json\/wp\/v2\/pages\/381","targetHints":{"allow":["GET"]}}],"collection":[{"href":"https:\/\/www.asso-unil.ch\/mosaique\/wp-json\/wp\/v2\/pages"}],"about":[{"href":"https:\/\/www.asso-unil.ch\/mosaique\/wp-json\/wp\/v2\/types\/page"}],"author":[{"embeddable":true,"href":"https:\/\/www.asso-unil.ch\/mosaique\/wp-json\/wp\/v2\/users\/1001333"}],"replies":[{"embeddable":true,"href":"https:\/\/www.asso-unil.ch\/mosaique\/wp-json\/wp\/v2\/comments?post=381"}],"version-history":[{"count":5,"href":"https:\/\/www.asso-unil.ch\/mosaique\/wp-json\/wp\/v2\/pages\/381\/revisions"}],"predecessor-version":[{"id":531,"href":"https:\/\/www.asso-unil.ch\/mosaique\/wp-json\/wp\/v2\/pages\/381\/revisions\/531"}],"wp:attachment":[{"href":"https:\/\/www.asso-unil.ch\/mosaique\/wp-json\/wp\/v2\/media?parent=381"}],"curies":[{"name":"wp","href":"https:\/\/api.w.org\/{rel}","templated":true}]}}