{"id":184,"date":"2026-01-03T21:54:05","date_gmt":"2026-01-03T20:54:05","guid":{"rendered":"https:\/\/www.asso-unil.ch\/mosaique\/?page_id=184"},"modified":"2026-04-12T16:18:21","modified_gmt":"2026-04-12T14:18:21","slug":"nos-departements","status":"publish","type":"page","link":"https:\/\/www.asso-unil.ch\/mosaique\/nos-departements\/","title":{"rendered":""},"content":{"rendered":"<div class=\"mos-page\">\n<section class=\"mos-section mos-section-first\">\n<div class=\"mos-container\">\n<div class=\"mos-section-intro mos-text-center\" style=\"max-width:820px;margin-left:auto;margin-right:auto;margin-bottom:34px\">\n        <span class=\"mos-label\">Organisation interne<\/span><\/p>\n<h1 class=\"mos-title-xl\">Nos d\u00e9partements<\/h1>\n<p class=\"mos-lead\" style=\"margin-left:auto;margin-right:auto\">\n          D\u00e9couvrez les diff\u00e9rents d\u00e9partements qui structurent l\u2019activit\u00e9 de Mosa\u00efque et donnent \u00e0 l\u2019association sa coh\u00e9rence, sa continuit\u00e9 et sa dynamique.\n        <\/p>\n<\/p><\/div>\n<div class=\"mos-card-grid mos-grid-2\">\n<article class=\"mos-card\" style=\"padding:0;overflow:hidden\">\n          <img decoding=\"async\" src=\"https:\/\/www.asso-unil.ch\/mosaique\/files\/2026\/01\/photo-pres.jpeg\" alt=\"Photo Pr\u00e9sidence\"><\/p>\n<div style=\"padding:28px\">\n<div class=\"mos-kicker\">D\u00e9partement<\/div>\n<h3>Pr\u00e9sidence<\/h3>\n<p>\n              Coordination g\u00e9n\u00e9rale de l\u2019association, coh\u00e9rence des projets, repr\u00e9sentation externe et bon fonctionnement global de Mosa\u00efque.\n            <\/p>\n<div class=\"mos-actions\">\n              <a class=\"mos-btn mos-btn-primary\" href=\"https:\/\/www.asso-unil.ch\/mosaique\/presidence\/\">Acc\u00e9der \u00e0 la page<\/a>\n            <\/div>\n<\/p><\/div>\n<\/article>\n<article class=\"mos-card\" style=\"padding:0;overflow:hidden\">\n          <img decoding=\"async\" src=\"https:\/\/www.asso-unil.ch\/mosaique\/files\/2026\/01\/photo-respo-mun.jpeg\" alt=\"Photo MUN\"><\/p>\n<div style=\"padding:28px\">\n<div class=\"mos-kicker\">D\u00e9partement<\/div>\n<h3>Model United Nations (MUN)<\/h3>\n<p>\n              Entra\u00eenements hebdomadaires, simulations diplomatiques, conf\u00e9rences en Suisse et \u00e0 l\u2019international et progression dans la pratique du MUN.\n            <\/p>\n<div class=\"mos-actions\">\n              <a class=\"mos-btn mos-btn-primary\" href=\"https:\/\/www.asso-unil.ch\/mosaique\/model-united-nations-mun\/\">Acc\u00e9der \u00e0 la page<\/a>\n            <\/div>\n<\/p><\/div>\n<\/article>\n<article class=\"mos-card\" style=\"padding:0;overflow:hidden\">\n          <img decoding=\"async\" src=\"https:\/\/www.asso-unil.ch\/mosaique\/files\/2026\/01\/respo-rp.jpeg\" alt=\"Photo RP\"><\/p>\n<div style=\"padding:28px\">\n<div class=\"mos-kicker\">D\u00e9partement<\/div>\n<h3>Relations Publiques<\/h3>\n<p>\n              Communication de l\u2019association, gestion des r\u00e9seaux sociaux, site internet, supports visuels et valorisation des \u00e9v\u00e9nements.\n            <\/p>\n<div class=\"mos-actions\">\n              <a class=\"mos-btn mos-btn-primary\" href=\"https:\/\/www.asso-unil.ch\/mosaique\/relations-publiques\/\">Acc\u00e9der \u00e0 la page<\/a>\n            <\/div>\n<\/p><\/div>\n<\/article>\n<article class=\"mos-card\" style=\"padding:0;overflow:hidden\">\n          <img decoding=\"async\" src=\"https:\/\/www.asso-unil.ch\/mosaique\/files\/2026\/01\/respocd.jpeg\" alt=\"Photo CD\"><\/p>\n<div style=\"padding:28px\">\n<div class=\"mos-kicker\">D\u00e9partement<\/div>\n<h3>Conf\u00e9rences-D\u00e9bats<\/h3>\n<p>\n              Conception, organisation et animation d\u2019\u00e9v\u00e9nements th\u00e9matiques, tables rondes, caf\u00e9s diplomatiques et formats de discussion.\n            <\/p>\n<div class=\"mos-actions\">\n              <a class=\"mos-btn mos-btn-primary\" href=\"https:\/\/www.asso-unil.ch\/mosaique\/conferences-debats\/\">Acc\u00e9der \u00e0 la page<\/a>\n            <\/div>\n<\/p><\/div>\n<\/article>\n<article class=\"mos-card\" style=\"padding:0;overflow:hidden\">\n          <img decoding=\"async\" src=\"https:\/\/www.asso-unil.ch\/mosaique\/files\/2026\/01\/respo-treso.jpeg\" alt=\"Photo Treso\"><\/p>\n<div style=\"padding:28px\">\n<div class=\"mos-kicker\">D\u00e9partement<\/div>\n<h3>Tr\u00e9sorerie<\/h3>\n<p>\n              Gestion financi\u00e8re et budg\u00e9taire, suivi des comptes, planification des d\u00e9penses et accompagnement des partenariats.\n            <\/p>\n<div class=\"mos-actions\">\n              <a class=\"mos-btn mos-btn-primary\" href=\"https:\/\/www.asso-unil.ch\/mosaique\/tresorerie\/\">Acc\u00e9der \u00e0 la page<\/a>\n            <\/div>\n<\/p><\/div>\n<\/article><\/div>\n<\/p><\/div>\n<\/section>\n<\/div>\n","protected":false},"excerpt":{"rendered":"<p>Organisation interne Nos d\u00e9partements D\u00e9couvrez les diff\u00e9rents d\u00e9partements qui structurent l\u2019activit\u00e9 de Mosa\u00efque et donnent \u00e0 l\u2019association sa coh\u00e9rence, sa continuit\u00e9 et sa dynamique. D\u00e9partement Pr\u00e9sidence Coordination g\u00e9n\u00e9rale de l\u2019association, coh\u00e9rence des projets, repr\u00e9sentation externe et bon fonctionnement global de Mosa\u00efque. Acc\u00e9der \u00e0 la page D\u00e9partement Model United Nations (MUN) Entra\u00eenements hebdomadaires, simulations diplomatiques, conf\u00e9rences [&hellip;]<\/p>\n","protected":false},"author":1001329,"featured_media":0,"parent":0,"menu_order":0,"comment_status":"closed","ping_status":"closed","template":"","meta":{"_seopress_robots_primary_cat":"","_seopress_titles_title":"","_seopress_titles_desc":"","_seopress_robots_index":"","footnotes":""},"class_list":["post-184","page","type-page","status-publish"],"_links":{"self":[{"href":"https:\/\/www.asso-unil.ch\/mosaique\/wp-json\/wp\/v2\/pages\/184","targetHints":{"allow":["GET"]}}],"collection":[{"href":"https:\/\/www.asso-unil.ch\/mosaique\/wp-json\/wp\/v2\/pages"}],"about":[{"href":"https:\/\/www.asso-unil.ch\/mosaique\/wp-json\/wp\/v2\/types\/page"}],"author":[{"embeddable":true,"href":"https:\/\/www.asso-unil.ch\/mosaique\/wp-json\/wp\/v2\/users\/1001329"}],"replies":[{"embeddable":true,"href":"https:\/\/www.asso-unil.ch\/mosaique\/wp-json\/wp\/v2\/comments?post=184"}],"version-history":[{"count":5,"href":"https:\/\/www.asso-unil.ch\/mosaique\/wp-json\/wp\/v2\/pages\/184\/revisions"}],"predecessor-version":[{"id":528,"href":"https:\/\/www.asso-unil.ch\/mosaique\/wp-json\/wp\/v2\/pages\/184\/revisions\/528"}],"wp:attachment":[{"href":"https:\/\/www.asso-unil.ch\/mosaique\/wp-json\/wp\/v2\/media?parent=184"}],"curies":[{"name":"wp","href":"https:\/\/api.w.org\/{rel}","templated":true}]}}