{"id":182,"date":"2026-01-03T21:44:06","date_gmt":"2026-01-03T20:44:06","guid":{"rendered":"https:\/\/www.asso-unil.ch\/mosaique\/?page_id=182"},"modified":"2026-04-12T16:19:05","modified_gmt":"2026-04-12T14:19:05","slug":"tresorerie","status":"publish","type":"page","link":"https:\/\/www.asso-unil.ch\/mosaique\/tresorerie\/","title":{"rendered":""},"content":{"rendered":"<div class=\"mos-page\">\n<section class=\"mos-section mos-section-first\">\n<div class=\"mos-container\">\n<div class=\"mos-split\">\n<div>\n          <span class=\"mos-label\">D\u00e9partement<\/span><\/p>\n<h1 class=\"mos-title-xl\">Tr\u00e9sorerie<\/h1>\n<p class=\"mos-lead\">\n            Le d\u00e9partement Tr\u00e9sorerie assure l\u2019\u00e9quilibre financier de l\u2019association et accompagne la viabilit\u00e9 de ses projets.\n          <\/p>\n<div class=\"mos-callout\" style=\"margin-top:24px\">\n<h3>Responsables<\/h3>\n<p style=\"margin-bottom:0\">\n              Chiara De Vito et Safa Ghomraci, co-responsables Tr\u00e9sorerie\n            <\/p>\n<\/p><\/div>\n<\/p><\/div>\n<div class=\"mos-media-card\" style=\"min-height:420px\">\n          <img decoding=\"async\" src=\"https:\/\/www.asso-unil.ch\/mosaique\/files\/2026\/01\/respo-treso.jpeg\" alt=\"Chiara De Vito et Safa Ghomraci\">\n        <\/div>\n<\/p><\/div>\n<\/p><\/div>\n<\/section>\n<section class=\"mos-section mos-section-sm\">\n<div class=\"mos-container\">\n<article class=\"mos-card\">\n<div class=\"mos-kicker\">R\u00f4le du d\u00e9partement<\/div>\n<h2 class=\"mos-title-md\">G\u00e9rer, anticiper, garantir la p\u00e9rennit\u00e9<\/h2>\n<p>\n          Le d\u00e9partement veille \u00e0 la gestion financi\u00e8re et budg\u00e9taire de l\u2019association Mosa\u00efque. Il assure le suivi des comptes, la planification des d\u00e9penses et le respect des engagements financiers li\u00e9s aux activit\u00e9s et aux projets de l\u2019association.\n        <\/p>\n<p>\n          Il contribue \u00e9galement au suivi et au d\u00e9veloppement des partenariats, en collaboration avec les autres d\u00e9partements, afin de garantir la p\u00e9rennit\u00e9 financi\u00e8re de l\u2019association et le bon d\u00e9roulement de ses actions.\n        <\/p>\n<\/article><\/div>\n<\/section>\n<section class=\"mos-section mos-section-alt\">\n<div class=\"mos-container\">\n<div class=\"mos-cta-panel\">\n<div class=\"mos-section-intro\" style=\"margin-bottom:0\">\n          <span class=\"mos-label\" style=\"color:#ffffff\">Poursuivre la d\u00e9couverte<\/span><\/p>\n<h2 class=\"mos-title-lg\">La solidit\u00e9 d\u2019une association repose aussi sur sa structure interne.<\/h2>\n<p class=\"mos-lead\">\n            D\u00e9couvrez les autres d\u00e9partements de Mosa\u00efque ou rejoignez l\u2019association pour participer \u00e0 ses projets.\n          <\/p>\n<div class=\"mos-actions\">\n            <a class=\"mos-btn mos-btn-secondary\" href=\"https:\/\/www.asso-unil.ch\/mosaique\/nos-departements\/\">Voir les d\u00e9partements<\/a><br \/>\n            <a class=\"mos-btn mos-btn-secondary\" style=\"color:#ffffff\" href=\"https:\/\/www.asso-unil.ch\/mosaique\/rejoindre-mosaique\/\">Rejoindre l\u2019association<\/a>\n          <\/div>\n<\/p><\/div>\n<\/p><\/div>\n<\/p><\/div>\n<\/section>\n<\/div>\n","protected":false},"excerpt":{"rendered":"<p>D\u00e9partement Tr\u00e9sorerie Le d\u00e9partement Tr\u00e9sorerie assure l\u2019\u00e9quilibre financier de l\u2019association et accompagne la viabilit\u00e9 de ses projets. Responsables Chiara De Vito et Safa Ghomraci, co-responsables Tr\u00e9sorerie R\u00f4le du d\u00e9partement G\u00e9rer, anticiper, garantir la p\u00e9rennit\u00e9 Le d\u00e9partement veille \u00e0 la gestion financi\u00e8re et budg\u00e9taire de l\u2019association Mosa\u00efque. Il assure le suivi des comptes, la planification des [&hellip;]<\/p>\n","protected":false},"author":1001329,"featured_media":0,"parent":0,"menu_order":0,"comment_status":"closed","ping_status":"closed","template":"","meta":{"_seopress_robots_primary_cat":"","_seopress_titles_title":"","_seopress_titles_desc":"","_seopress_robots_index":"","footnotes":""},"class_list":["post-182","page","type-page","status-publish"],"_links":{"self":[{"href":"https:\/\/www.asso-unil.ch\/mosaique\/wp-json\/wp\/v2\/pages\/182","targetHints":{"allow":["GET"]}}],"collection":[{"href":"https:\/\/www.asso-unil.ch\/mosaique\/wp-json\/wp\/v2\/pages"}],"about":[{"href":"https:\/\/www.asso-unil.ch\/mosaique\/wp-json\/wp\/v2\/types\/page"}],"author":[{"embeddable":true,"href":"https:\/\/www.asso-unil.ch\/mosaique\/wp-json\/wp\/v2\/users\/1001329"}],"replies":[{"embeddable":true,"href":"https:\/\/www.asso-unil.ch\/mosaique\/wp-json\/wp\/v2\/comments?post=182"}],"version-history":[{"count":5,"href":"https:\/\/www.asso-unil.ch\/mosaique\/wp-json\/wp\/v2\/pages\/182\/revisions"}],"predecessor-version":[{"id":533,"href":"https:\/\/www.asso-unil.ch\/mosaique\/wp-json\/wp\/v2\/pages\/182\/revisions\/533"}],"wp:attachment":[{"href":"https:\/\/www.asso-unil.ch\/mosaique\/wp-json\/wp\/v2\/media?parent=182"}],"curies":[{"name":"wp","href":"https:\/\/api.w.org\/{rel}","templated":true}]}}