{"id":180,"date":"2026-01-03T21:43:44","date_gmt":"2026-01-03T20:43:44","guid":{"rendered":"https:\/\/www.asso-unil.ch\/mosaique\/?page_id=180"},"modified":"2026-04-12T16:17:01","modified_gmt":"2026-04-12T14:17:01","slug":"conferences-debats","status":"publish","type":"page","link":"https:\/\/www.asso-unil.ch\/mosaique\/conferences-debats\/","title":{"rendered":""},"content":{"rendered":"<div class=\"mos-page\">\n<section class=\"mos-section mos-section-first\">\n<div class=\"mos-container\">\n<div class=\"mos-split\">\n<div>\n          <span class=\"mos-label\">D\u00e9partement<\/span><\/p>\n<h1 class=\"mos-title-xl\">Conf\u00e9rences-D\u00e9bats<\/h1>\n<p class=\"mos-lead\">\n            Le d\u00e9partement Conf\u00e9rences-D\u00e9bats porte les \u00e9v\u00e9nements de r\u00e9flexion, d\u2019\u00e9change et de discussion organis\u00e9s par Mosa\u00efque.\n          <\/p>\n<div class=\"mos-callout\" style=\"margin-top:24px\">\n<h3>Responsables<\/h3>\n<p style=\"margin-bottom:0\">\n              Jesslyne Xu et Marina Dzenick, co-responsables Conf\u00e9rences-D\u00e9bats\n            <\/p>\n<\/p><\/div>\n<\/p><\/div>\n<div class=\"mos-media-card\" style=\"min-height:420px\">\n          <img decoding=\"async\" src=\"https:\/\/www.asso-unil.ch\/mosaique\/files\/2026\/01\/respocd.jpeg\" alt=\"Jesslyne Xu et Marina Dzenick\">\n        <\/div>\n<\/p><\/div>\n<\/p><\/div>\n<\/section>\n<section class=\"mos-section mos-section-sm\">\n<div class=\"mos-container\">\n<article class=\"mos-card\">\n<div class=\"mos-kicker\">R\u00f4le du d\u00e9partement<\/div>\n<h2 class=\"mos-title-md\">Concevoir et animer des espaces de discussion<\/h2>\n<p>\n          Le d\u00e9partement est charg\u00e9 de la conception, de l\u2019organisation et de l\u2019animation des conf\u00e9rences et d\u00e9bats propos\u00e9s par l\u2019association Mosa\u00efque. Ces \u00e9v\u00e9nements peuvent prendre diff\u00e9rentes formes, telles que des tables rondes, des caf\u00e9s diplomatiques ou d\u2019autres formats favorisant l\u2019\u00e9change et la discussion.\n        <\/p>\n<p>\n          Une large libert\u00e9 est laiss\u00e9e aux responsables du d\u00e9partement et \u00e0 ses membres dans la d\u00e9finition des th\u00e9matiques, des formats et des intervenant\u00b7e\u00b7s, afin de proposer des \u00e9v\u00e9nements vari\u00e9s, ouverts et en ad\u00e9quation avec les valeurs et les objectifs de l\u2019association.\n        <\/p>\n<\/article><\/div>\n<\/section>\n<section class=\"mos-section mos-section-alt\">\n<div class=\"mos-container\">\n<div class=\"mos-cta-panel\">\n<div class=\"mos-section-intro\" style=\"margin-bottom:0\">\n          <span class=\"mos-label\" style=\"color:#ffffff\">Aller plus loin<\/span><\/p>\n<h2 class=\"mos-title-lg\">Les conf\u00e9rences et d\u00e9bats prolongent autrement l\u2019engagement intellectuel de Mosa\u00efque.<\/h2>\n<p class=\"mos-lead\">\n            D\u00e9couvrez l\u2019ensemble des d\u00e9partements de l\u2019association ou explorez les autres dimensions de la vie de Mosa\u00efque.\n          <\/p>\n<div class=\"mos-actions\">\n            <a class=\"mos-btn mos-btn-secondary\" href=\"https:\/\/www.asso-unil.ch\/mosaique\/nos-departements\/\">Voir les d\u00e9partements<\/a><br \/>\n            <a class=\"mos-btn mos-btn-secondary\" style=\"color:#ffffff\" href=\"https:\/\/www.asso-unil.ch\/mosaique\/notre-annee\/\">Voir notre ann\u00e9e<\/a>\n          <\/div>\n<\/p><\/div>\n<\/p><\/div>\n<\/p><\/div>\n<\/section>\n<\/div>\n","protected":false},"excerpt":{"rendered":"<p>D\u00e9partement Conf\u00e9rences-D\u00e9bats Le d\u00e9partement Conf\u00e9rences-D\u00e9bats porte les \u00e9v\u00e9nements de r\u00e9flexion, d\u2019\u00e9change et de discussion organis\u00e9s par Mosa\u00efque. Responsables Jesslyne Xu et Marina Dzenick, co-responsables Conf\u00e9rences-D\u00e9bats R\u00f4le du d\u00e9partement Concevoir et animer des espaces de discussion Le d\u00e9partement est charg\u00e9 de la conception, de l\u2019organisation et de l\u2019animation des conf\u00e9rences et d\u00e9bats propos\u00e9s par l\u2019association Mosa\u00efque. [&hellip;]<\/p>\n","protected":false},"author":1001329,"featured_media":0,"parent":0,"menu_order":0,"comment_status":"closed","ping_status":"closed","template":"","meta":{"_seopress_robots_primary_cat":"","_seopress_titles_title":"","_seopress_titles_desc":"","_seopress_robots_index":"","footnotes":""},"class_list":["post-180","page","type-page","status-publish"],"_links":{"self":[{"href":"https:\/\/www.asso-unil.ch\/mosaique\/wp-json\/wp\/v2\/pages\/180","targetHints":{"allow":["GET"]}}],"collection":[{"href":"https:\/\/www.asso-unil.ch\/mosaique\/wp-json\/wp\/v2\/pages"}],"about":[{"href":"https:\/\/www.asso-unil.ch\/mosaique\/wp-json\/wp\/v2\/types\/page"}],"author":[{"embeddable":true,"href":"https:\/\/www.asso-unil.ch\/mosaique\/wp-json\/wp\/v2\/users\/1001329"}],"replies":[{"embeddable":true,"href":"https:\/\/www.asso-unil.ch\/mosaique\/wp-json\/wp\/v2\/comments?post=180"}],"version-history":[{"count":5,"href":"https:\/\/www.asso-unil.ch\/mosaique\/wp-json\/wp\/v2\/pages\/180\/revisions"}],"predecessor-version":[{"id":523,"href":"https:\/\/www.asso-unil.ch\/mosaique\/wp-json\/wp\/v2\/pages\/180\/revisions\/523"}],"wp:attachment":[{"href":"https:\/\/www.asso-unil.ch\/mosaique\/wp-json\/wp\/v2\/media?parent=180"}],"curies":[{"name":"wp","href":"https:\/\/api.w.org\/{rel}","templated":true}]}}